{"id":14111,"date":"2020-07-20T08:54:27","date_gmt":"2020-07-20T08:54:27","guid":{"rendered":"https:\/\/redfoxlotto.com\/?page_id=14111"},"modified":"2023-05-15T13:55:37","modified_gmt":"2023-05-15T13:55:37","slug":"mega-sena","status":"publish","type":"page","link":"https:\/\/redfoxlotto.com\/cs\/loterie\/mega-sena\/","title":{"rendered":"O spole\u010dnosti Mega Sena"},"content":{"rendered":"<h2 class=\"wp-block-heading\">Koupit vstupenky na Mega Sena Brazil online<\/h2><p><img loading=\"lazy\" decoding=\"async\" class=\" wp-image alignright\" src=\"https:\/\/content.redfoxlotto.com\/uploads\/sites\/9\/1_winning_numbers_lottery.jpg\" alt=\"Mega Sena\" width=\"196\" height=\"167\" \/><\/p><p>Jste p\u0159ipraveni koupit vstupenky na Mega Sena Brazil online? Pak jste na spr\u00e1vn\u00e9m m\u00edst\u011b. Je to opravdu snadn\u00e9, proto\u017ee si sta\u010d\u00ed vytvo\u0159it \u00fa\u010det na RedFoxLotto.com.<\/p><!--more--><h2 class=\"wp-block-heading\">V\u00fdb\u011br \u010d\u00edsel<\/h2><p>V\u0161echna va\u0161e \u010d\u00edsla mus\u00ed spadat do rozp\u011bt\u00ed od 1 do 60. Abyste mohli vyhr\u00e1t jackpot, mus\u00edte porovnat v\u0161ech 6 vylosovan\u00fdch \u010d\u00edsel, ale m\u016f\u017eete vyhr\u00e1t men\u0161\u00ed ceny za shodu 4 nebo 5 \u010d\u00edsel.<\/p><p><img decoding=\"async\" class=\"size-full wp-image alignright\" src=\"https:\/\/content.redfoxlotto.com\/uploads\/sites\/9\/1_buy_lottery_ticket_online1.jpg\" alt=\"koupit online l\u00edstky\"><\/p><h2 class=\"wp-block-heading\">N\u00e1kup vstupenek<\/h2><p>Jakmile jste p\u0159ipraveni koupit l\u00edstky na Mega Sena Braz\u00edlie online, sta\u010d\u00ed vybrat po\u017eadovan\u00e1 \u010d\u00edsla a po\u010det kreseb, za kter\u00e9 je chcete m\u00edt. Pot\u00e9 zaplat\u00edte za l\u00edstek.<\/p><p>Platba za vstupenku je jednoduch\u00e1, proto\u017ee si jednodu\u0161e vyberete preferovan\u00fd zp\u016fsob a uvedete informace. Pokud ji\u017e \u00fa\u010det m\u00e1te, m\u016f\u017eete pou\u017e\u00edt ulo\u017eenou metodu a pak se posadit a po\u010dkat na v\u00fdsledky.<\/p><h2 class=\"wp-block-heading\">Kontrola v\u00fdsledk\u016f<\/h2><p>Jakmile je kresba u konce, zb\u00fdv\u00e1 zkontrolovat va\u0161e \u010d\u00edsla a zjistit, zda jste vyhr\u00e1li. M\u016f\u017eete to ud\u011blat tak, \u017ee nav\u0161t\u00edv\u00edte RedFoxLotto.com a zkontrolujete sv\u016fj \u00fa\u010det. V\u00edt\u011bzn\u00e1 \u010d\u00edsla pro v\u0161echny hry, kter\u00e9 hrajete, budou k dispozici a budou tak\u00e9 porovn\u00e1na s va\u0161imi \u010d\u00edsly.<\/p>","protected":false},"excerpt":{"rendered":"<p>Koupit vstupenky na Mega Sena Brazil online Jste p\u0159ipraveni koupit vstupenky na Mega Sena Brazil online? Pak jste na spr\u00e1vn\u00e9m m\u00edst\u011b. Je to opravdu snadn\u00e9, proto\u017ee si sta\u010d\u00ed vytvo\u0159it \u00fa\u010det na RedFoxLotto.com.<\/p>\n","protected":false},"author":1,"featured_media":0,"parent":5766,"menu_order":13,"comment_status":"closed","ping_status":"closed","template":"megasena-info.php","meta":{"_et_pb_use_builder":"","_et_pb_old_content":"","_et_gb_content_width":"","exclude_from_search":false,"footnotes":""},"class_list":["post-14111","page","type-page","status-publish","hentry"],"yoast_head":"<!-- This site is optimized with the Yoast SEO plugin v23.8 - https:\/\/yoast.com\/wordpress\/plugins\/seo\/ -->\n<title>Z\u00edskejte vstupenku na Mega Sena Lotto online<\/title>\n<meta name=\"description\" content=\"Rezervujte si vstupenky online na Mega Sena Brazil\" \/>\n<meta name=\"robots\" content=\"index, follow, max-snippet:-1, max-image-preview:large, max-video-preview:-1\" \/>\n<link rel=\"canonical\" href=\"https:\/\/redfoxlotto.com\/cs\/loterie\/mega-sena\/\" \/>\n<meta property=\"og:locale\" content=\"cs_CZ\" \/>\n<meta property=\"og:type\" content=\"article\" \/>\n<meta property=\"og:title\" content=\"Z\u00edskejte vstupenku na Mega Sena Lotto online\" \/>\n<meta property=\"og:description\" content=\"Rezervujte si vstupenky online na Mega Sena Brazil\" \/>\n<meta property=\"og:url\" content=\"https:\/\/redfoxlotto.com\/cs\/loterie\/mega-sena\/\" \/>\n<meta property=\"og:site_name\" content=\"Get Tickets for the World\u2019s largest jackpots\" \/>\n<meta property=\"article:modified_time\" content=\"2023-05-15T13:55:37+00:00\" \/>\n<meta property=\"og:image\" content=\"https:\/\/content.redfoxlotto.com\/uploads\/sites\/9\/1_winning_numbers_lottery.jpg\" \/>\n<meta name=\"twitter:card\" content=\"summary_large_image\" \/>\n<meta name=\"twitter:label1\" content=\"Odhadovan\u00e1 doba \u010dten\u00ed\" \/>\n\t<meta name=\"twitter:data1\" content=\"2 minuty\" \/>\n<script type=\"application\/ld+json\" class=\"yoast-schema-graph\">{\"@context\":\"https:\/\/schema.org\",\"@graph\":[{\"@type\":\"WebPage\",\"@id\":\"https:\/\/redfoxlotto.com\/cs\/loterie\/mega-sena\/\",\"url\":\"https:\/\/redfoxlotto.com\/cs\/loterie\/mega-sena\/\",\"name\":\"Z\u00edskejte vstupenku na Mega Sena Lotto online\",\"isPartOf\":{\"@id\":\"https:\/\/redfoxlotto.com\/cs\/#website\"},\"primaryImageOfPage\":{\"@id\":\"https:\/\/redfoxlotto.com\/cs\/loterie\/mega-sena\/#primaryimage\"},\"image\":{\"@id\":\"https:\/\/redfoxlotto.com\/cs\/loterie\/mega-sena\/#primaryimage\"},\"thumbnailUrl\":\"https:\/\/content.redfoxlotto.com\/uploads\/sites\/9\/1_winning_numbers_lottery.jpg\",\"datePublished\":\"2020-07-20T08:54:27+00:00\",\"dateModified\":\"2023-05-15T13:55:37+00:00\",\"description\":\"Rezervujte si vstupenky online na Mega Sena Brazil\",\"breadcrumb\":{\"@id\":\"https:\/\/redfoxlotto.com\/cs\/loterie\/mega-sena\/#breadcrumb\"},\"inLanguage\":\"cs\",\"potentialAction\":[{\"@type\":\"ReadAction\",\"target\":[\"https:\/\/redfoxlotto.com\/cs\/loterie\/mega-sena\/\"]}]},{\"@type\":\"ImageObject\",\"inLanguage\":\"cs\",\"@id\":\"https:\/\/redfoxlotto.com\/cs\/loterie\/mega-sena\/#primaryimage\",\"url\":\"https:\/\/content.redfoxlotto.com\/uploads\/sites\/9\/1_winning_numbers_lottery.jpg\",\"contentUrl\":\"https:\/\/content.redfoxlotto.com\/uploads\/sites\/9\/1_winning_numbers_lottery.jpg\"},{\"@type\":\"BreadcrumbList\",\"@id\":\"https:\/\/redfoxlotto.com\/cs\/loterie\/mega-sena\/#breadcrumb\",\"itemListElement\":[{\"@type\":\"ListItem\",\"position\":1,\"name\":\"Home\",\"item\":\"https:\/\/redfoxlotto.com\/cs\/\"},{\"@type\":\"ListItem\",\"position\":2,\"name\":\"Jak\u00fdm zp\u016fsobem zakoupit online loterijn\u00ed tikety \u2013 kupn\u00ed proces\",\"item\":\"https:\/\/redfoxlotto.com\/cs\/loterie\/\"},{\"@type\":\"ListItem\",\"position\":3,\"name\":\"O spole\u010dnosti Mega Sena\"}]},{\"@type\":\"WebSite\",\"@id\":\"https:\/\/redfoxlotto.com\/cs\/#website\",\"url\":\"https:\/\/redfoxlotto.com\/cs\/\",\"name\":\"Get Tickets for the World\u2019s largest jackpots\",\"description\":\"Participate in worldwide lottery jackpots from any country\",\"publisher\":{\"@id\":\"https:\/\/redfoxlotto.com\/cs\/#organization\"},\"potentialAction\":[{\"@type\":\"SearchAction\",\"target\":{\"@type\":\"EntryPoint\",\"urlTemplate\":\"https:\/\/redfoxlotto.com\/cs\/?s={search_term_string}\"},\"query-input\":{\"@type\":\"PropertyValueSpecification\",\"valueRequired\":true,\"valueName\":\"search_term_string\"}}],\"inLanguage\":\"cs\"},{\"@type\":\"Organization\",\"@id\":\"https:\/\/redfoxlotto.com\/cs\/#organization\",\"name\":\"Get Tickets for the World\u2019s largest jackpots\",\"url\":\"https:\/\/redfoxlotto.com\/cs\/\",\"logo\":{\"@type\":\"ImageObject\",\"inLanguage\":\"cs\",\"@id\":\"https:\/\/redfoxlotto.com\/cs\/#\/schema\/logo\/image\/\",\"url\":\"https:\/\/redfoxlotto.com\/wp-content\/uploads\/2023\/04\/logo.png\",\"contentUrl\":\"https:\/\/redfoxlotto.com\/wp-content\/uploads\/2023\/04\/logo.png\",\"width\":269,\"height\":53,\"caption\":\"Get Tickets for the World\u2019s largest jackpots\"},\"image\":{\"@id\":\"https:\/\/redfoxlotto.com\/cs\/#\/schema\/logo\/image\/\"}}]}<\/script>\n<!-- \/ Yoast SEO plugin. -->","yoast_head_json":{"title":"Z\u00edskejte vstupenku na Mega Sena Lotto online","description":"Rezervujte si vstupenky online na Mega Sena Brazil","robots":{"index":"index","follow":"follow","max-snippet":"max-snippet:-1","max-image-preview":"max-image-preview:large","max-video-preview":"max-video-preview:-1"},"canonical":"https:\/\/redfoxlotto.com\/cs\/loterie\/mega-sena\/","og_locale":"cs_CZ","og_type":"article","og_title":"Z\u00edskejte vstupenku na Mega Sena Lotto online","og_description":"Rezervujte si vstupenky online na Mega Sena Brazil","og_url":"https:\/\/redfoxlotto.com\/cs\/loterie\/mega-sena\/","og_site_name":"Get Tickets for the World\u2019s largest jackpots","article_modified_time":"2023-05-15T13:55:37+00:00","og_image":[{"url":"https:\/\/content.redfoxlotto.com\/uploads\/sites\/9\/1_winning_numbers_lottery.jpg"}],"twitter_card":"summary_large_image","twitter_misc":{"Odhadovan\u00e1 doba \u010dten\u00ed":"2 minuty"},"schema":{"@context":"https:\/\/schema.org","@graph":[{"@type":"WebPage","@id":"https:\/\/redfoxlotto.com\/cs\/loterie\/mega-sena\/","url":"https:\/\/redfoxlotto.com\/cs\/loterie\/mega-sena\/","name":"Z\u00edskejte vstupenku na Mega Sena Lotto online","isPartOf":{"@id":"https:\/\/redfoxlotto.com\/cs\/#website"},"primaryImageOfPage":{"@id":"https:\/\/redfoxlotto.com\/cs\/loterie\/mega-sena\/#primaryimage"},"image":{"@id":"https:\/\/redfoxlotto.com\/cs\/loterie\/mega-sena\/#primaryimage"},"thumbnailUrl":"https:\/\/content.redfoxlotto.com\/uploads\/sites\/9\/1_winning_numbers_lottery.jpg","datePublished":"2020-07-20T08:54:27+00:00","dateModified":"2023-05-15T13:55:37+00:00","description":"Rezervujte si vstupenky online na Mega Sena Brazil","breadcrumb":{"@id":"https:\/\/redfoxlotto.com\/cs\/loterie\/mega-sena\/#breadcrumb"},"inLanguage":"cs","potentialAction":[{"@type":"ReadAction","target":["https:\/\/redfoxlotto.com\/cs\/loterie\/mega-sena\/"]}]},{"@type":"ImageObject","inLanguage":"cs","@id":"https:\/\/redfoxlotto.com\/cs\/loterie\/mega-sena\/#primaryimage","url":"https:\/\/content.redfoxlotto.com\/uploads\/sites\/9\/1_winning_numbers_lottery.jpg","contentUrl":"https:\/\/content.redfoxlotto.com\/uploads\/sites\/9\/1_winning_numbers_lottery.jpg"},{"@type":"BreadcrumbList","@id":"https:\/\/redfoxlotto.com\/cs\/loterie\/mega-sena\/#breadcrumb","itemListElement":[{"@type":"ListItem","position":1,"name":"Home","item":"https:\/\/redfoxlotto.com\/cs\/"},{"@type":"ListItem","position":2,"name":"Jak\u00fdm zp\u016fsobem zakoupit online loterijn\u00ed tikety \u2013 kupn\u00ed proces","item":"https:\/\/redfoxlotto.com\/cs\/loterie\/"},{"@type":"ListItem","position":3,"name":"O spole\u010dnosti Mega Sena"}]},{"@type":"WebSite","@id":"https:\/\/redfoxlotto.com\/cs\/#website","url":"https:\/\/redfoxlotto.com\/cs\/","name":"Get Tickets for the World\u2019s largest jackpots","description":"Participate in worldwide lottery jackpots from any country","publisher":{"@id":"https:\/\/redfoxlotto.com\/cs\/#organization"},"potentialAction":[{"@type":"SearchAction","target":{"@type":"EntryPoint","urlTemplate":"https:\/\/redfoxlotto.com\/cs\/?s={search_term_string}"},"query-input":{"@type":"PropertyValueSpecification","valueRequired":true,"valueName":"search_term_string"}}],"inLanguage":"cs"},{"@type":"Organization","@id":"https:\/\/redfoxlotto.com\/cs\/#organization","name":"Get Tickets for the World\u2019s largest jackpots","url":"https:\/\/redfoxlotto.com\/cs\/","logo":{"@type":"ImageObject","inLanguage":"cs","@id":"https:\/\/redfoxlotto.com\/cs\/#\/schema\/logo\/image\/","url":"https:\/\/redfoxlotto.com\/wp-content\/uploads\/2023\/04\/logo.png","contentUrl":"https:\/\/redfoxlotto.com\/wp-content\/uploads\/2023\/04\/logo.png","width":269,"height":53,"caption":"Get Tickets for the World\u2019s largest jackpots"},"image":{"@id":"https:\/\/redfoxlotto.com\/cs\/#\/schema\/logo\/image\/"}}]}},"_links":{"self":[{"href":"https:\/\/redfoxlotto.com\/cs\/wp-json\/wp\/v2\/pages\/14111","targetHints":{"allow":["GET"]}}],"collection":[{"href":"https:\/\/redfoxlotto.com\/cs\/wp-json\/wp\/v2\/pages"}],"about":[{"href":"https:\/\/redfoxlotto.com\/cs\/wp-json\/wp\/v2\/types\/page"}],"author":[{"embeddable":true,"href":"https:\/\/redfoxlotto.com\/cs\/wp-json\/wp\/v2\/users\/1"}],"replies":[{"embeddable":true,"href":"https:\/\/redfoxlotto.com\/cs\/wp-json\/wp\/v2\/comments?post=14111"}],"version-history":[{"count":0,"href":"https:\/\/redfoxlotto.com\/cs\/wp-json\/wp\/v2\/pages\/14111\/revisions"}],"up":[{"embeddable":true,"href":"https:\/\/redfoxlotto.com\/cs\/wp-json\/wp\/v2\/pages\/5766"}],"wp:attachment":[{"href":"https:\/\/redfoxlotto.com\/cs\/wp-json\/wp\/v2\/media?parent=14111"}],"curies":[{"name":"wp","href":"https:\/\/api.w.org\/{rel}","templated":true}]}}