{"id":13633,"date":"2020-08-18T09:08:19","date_gmt":"2020-08-18T09:08:19","guid":{"rendered":"https:\/\/redfoxlotto.com\/?page_id=13633"},"modified":"2023-05-15T13:57:00","modified_gmt":"2023-05-15T13:57:00","slug":"thunderball","status":"publish","type":"page","link":"https:\/\/redfoxlotto.com\/cs\/vysledky\/thunderball\/","title":{"rendered":"V\u00fdsledky Thunderball"},"content":{"rendered":"<h2 class=\"wp-block-heading\">Thunderball UK Lotto vyhr\u00e1vaj\u00edc\u00ed \u010d\u00edsla<\/h2><p><img loading=\"lazy\" decoding=\"async\" class=\" wp-image alignright\" src=\"https:\/\/content.redfoxlotto.com\/uploads\/sites\/9\/1_online_lotto_results.jpg\" alt=\"v\u00fdsledky Thunderball\" width=\"248\" height=\"248\" \/><\/p><p>Co ud\u011bl\u00e1te, pokud v\u00e1m losov\u00e1n\u00ed chyb\u011blo a chcete zkontrolovat posledn\u00ed v\u00fdhern\u00ed \u010d\u00edsla? M\u00e1te \u0161t\u011bst\u00ed, proto\u017ee zkontrolovat v\u00fdhern\u00ed \u010d\u00edsla v loterii Thunderball UK Lotto je snadn\u00e9. Pokud je\u0161t\u011b \u017e\u00e1dn\u00fd v\u00fdkres nebyl, m\u016f\u017eete se pod\u00edvat na web. Pokud ano, mo\u017en\u00e1 budete muset zkontrolovat archiv v\u00fdsledk\u016f.<\/p><h2 class=\"wp-block-heading\">Kontrolujete aktu\u00e1ln\u00ed \u010d\u00edsla<\/h2><p>Pokud jste hru hr\u00e1li a chcete si prohl\u00e9dnout nejnov\u011bj\u0161\u00ed v\u00fdhern\u00ed \u010d\u00edsla, m\u016f\u017eete p\u0159ej\u00edt p\u0159\u00edmo do sv\u00e9ho \u00fa\u010dtu a pot\u00e9 kliknout na \u201eMoje vstupenky\u201c. Odtud uvid\u00edte, jak se va\u0161e \u010d\u00edsla srovn\u00e1vaj\u00ed s v\u00fdhern\u00edmi \u010d\u00edsly. \u010d\u00edsla. A to znamen\u00e1, \u017ee vid\u00edte, kolik jste vyhr\u00e1li.<\/p><p>Jak\u00e1koli \u010d\u00edsla, kter\u00e1 odpov\u00eddaj\u00ed v\u00fdhern\u00edm \u010d\u00edsl\u016fm, budou zv\u00fdrazn\u011bna, co\u017e v\u00e1m zna\u010dn\u011b usnadn\u00ed kontrolu va\u0161\u00ed ceny. A na webu RedFoxLotto.com ji\u017e budeme po\u017eadovat va\u0161i v\u00fdhern\u00ed \u010d\u00e1stku za men\u0161\u00ed ceny, tak\u017ee byla p\u0159ips\u00e1na p\u0159\u00edmo na v\u00e1\u0161 \u00fa\u010det.<\/p><h2 class=\"wp-block-heading\">Old Thunderball UK Lotto vylosovan\u00e1 \u010d\u00edsla<\/h2><p><img loading=\"lazy\" decoding=\"async\" class=\" wp-image alignright\" src=\"https:\/\/content.redfoxlotto.com\/uploads\/sites\/9\/1_winner_lottery_jackpot.jpg\" alt=\"v\u00fdhern\u00ed \u010d\u00edsla loterie\" width=\"288\" height=\"173\" \/><\/p><p>Pro n\u011bkter\u00e9 nen\u00ed aktu\u00e1ln\u00ed po\u010det dosta\u010duj\u00edc\u00ed k rozhodnut\u00ed. Mo\u017en\u00e1 budete cht\u00edt star\u0161\u00ed \u010d\u00edsla, abyste se mohli rozhodnout, jak chcete hr\u00e1t. Nebo m\u016f\u017eete m\u00edt star\u0161\u00ed tikety, kter\u00e9 chcete porovnat s hrami, pro kter\u00e9 byly vylosov\u00e1ny.<\/p><p>Pokud pot\u0159ebujete star\u00e1 \u010d\u00edsla z loterie Thunderball UK, m\u016f\u017eete se pod\u00edvat do archivu, zjistit v\u00edce a zjistit, jak\u00e9 informace budete pot\u0159ebovat. M\u016f\u017eete dokonce vr\u00e1tit n\u011bkolik her zp\u011bt a z\u00edskat v\u0161echna \u010d\u00edsla.<\/p>","protected":false},"excerpt":{"rendered":"<p>Thunderball UK Lotto vyhr\u00e1vaj\u00edc\u00ed \u010d\u00edsla Co ud\u011bl\u00e1te, pokud v\u00e1m losov\u00e1n\u00ed chyb\u011blo a chcete zkontrolovat posledn\u00ed v\u00fdhern\u00ed \u010d\u00edsla? M\u00e1te \u0161t\u011bst\u00ed, proto\u017ee zkontrolovat v\u00fdhern\u00ed \u010d\u00edsla v loterii Thunderball UK Lotto je snadn\u00e9. Pokud je\u0161t\u011b \u017e\u00e1dn\u00fd v\u00fdkres nebyl, m\u016f\u017eete se pod\u00edvat na web. Pokud ano, mo\u017en\u00e1 budete muset zkontrolovat archiv v\u00fdsledk\u016f. Kontrolujete aktu\u00e1ln\u00ed \u010d\u00edsla Pokud jste hru hr\u00e1li [&hellip;]<\/p>\n","protected":false},"author":1,"featured_media":0,"parent":5774,"menu_order":11,"comment_status":"closed","ping_status":"closed","template":"thunderball-results.php","meta":{"_et_pb_use_builder":"","_et_pb_old_content":"","_et_gb_content_width":"","exclude_from_search":false,"footnotes":""},"class_list":["post-13633","page","type-page","status-publish","hentry"],"yoast_head":"<!-- This site is optimized with the Yoast SEO plugin v23.8 - https:\/\/yoast.com\/wordpress\/plugins\/seo\/ -->\n<title>Aktu\u00e1ln\u00ed a ned\u00e1vn\u00e9 v\u00fdhern\u00ed \u010d\u00edsla a v\u00fdsledky Thunderball UK<\/title>\n<meta name=\"description\" content=\"Porovnejte sv\u00e9 loterijn\u00ed \u010d\u00edsla s v\u00fdsledky losov\u00e1n\u00ed Thunderball zde\" \/>\n<meta name=\"robots\" content=\"index, follow, max-snippet:-1, max-image-preview:large, max-video-preview:-1\" \/>\n<link rel=\"canonical\" href=\"https:\/\/redfoxlotto.com\/cs\/vysledky\/thunderball\/\" \/>\n<meta property=\"og:locale\" content=\"cs_CZ\" \/>\n<meta property=\"og:type\" content=\"article\" \/>\n<meta property=\"og:title\" content=\"Aktu\u00e1ln\u00ed a ned\u00e1vn\u00e9 v\u00fdhern\u00ed \u010d\u00edsla a v\u00fdsledky Thunderball UK\" \/>\n<meta property=\"og:description\" content=\"Porovnejte sv\u00e9 loterijn\u00ed \u010d\u00edsla s v\u00fdsledky losov\u00e1n\u00ed Thunderball zde\" \/>\n<meta property=\"og:url\" content=\"https:\/\/redfoxlotto.com\/cs\/vysledky\/thunderball\/\" \/>\n<meta property=\"og:site_name\" content=\"Get Tickets for the World\u2019s largest jackpots\" \/>\n<meta property=\"article:modified_time\" content=\"2023-05-15T13:57:00+00:00\" \/>\n<meta property=\"og:image\" content=\"https:\/\/content.redfoxlotto.com\/uploads\/sites\/9\/1_online_lotto_results.jpg\" \/>\n<meta name=\"twitter:card\" content=\"summary_large_image\" \/>\n<meta name=\"twitter:label1\" content=\"Odhadovan\u00e1 doba \u010dten\u00ed\" \/>\n\t<meta name=\"twitter:data1\" content=\"2 minuty\" \/>\n<script type=\"application\/ld+json\" class=\"yoast-schema-graph\">{\"@context\":\"https:\/\/schema.org\",\"@graph\":[{\"@type\":\"WebPage\",\"@id\":\"https:\/\/redfoxlotto.com\/cs\/vysledky\/thunderball\/\",\"url\":\"https:\/\/redfoxlotto.com\/cs\/vysledky\/thunderball\/\",\"name\":\"Aktu\u00e1ln\u00ed a ned\u00e1vn\u00e9 v\u00fdhern\u00ed \u010d\u00edsla a v\u00fdsledky Thunderball UK\",\"isPartOf\":{\"@id\":\"https:\/\/redfoxlotto.com\/cs\/#website\"},\"primaryImageOfPage\":{\"@id\":\"https:\/\/redfoxlotto.com\/cs\/vysledky\/thunderball\/#primaryimage\"},\"image\":{\"@id\":\"https:\/\/redfoxlotto.com\/cs\/vysledky\/thunderball\/#primaryimage\"},\"thumbnailUrl\":\"https:\/\/content.redfoxlotto.com\/uploads\/sites\/9\/1_online_lotto_results.jpg\",\"datePublished\":\"2020-08-18T09:08:19+00:00\",\"dateModified\":\"2023-05-15T13:57:00+00:00\",\"description\":\"Porovnejte sv\u00e9 loterijn\u00ed \u010d\u00edsla s v\u00fdsledky losov\u00e1n\u00ed Thunderball zde\",\"breadcrumb\":{\"@id\":\"https:\/\/redfoxlotto.com\/cs\/vysledky\/thunderball\/#breadcrumb\"},\"inLanguage\":\"cs\",\"potentialAction\":[{\"@type\":\"ReadAction\",\"target\":[\"https:\/\/redfoxlotto.com\/cs\/vysledky\/thunderball\/\"]}]},{\"@type\":\"ImageObject\",\"inLanguage\":\"cs\",\"@id\":\"https:\/\/redfoxlotto.com\/cs\/vysledky\/thunderball\/#primaryimage\",\"url\":\"https:\/\/content.redfoxlotto.com\/uploads\/sites\/9\/1_online_lotto_results.jpg\",\"contentUrl\":\"https:\/\/content.redfoxlotto.com\/uploads\/sites\/9\/1_online_lotto_results.jpg\"},{\"@type\":\"BreadcrumbList\",\"@id\":\"https:\/\/redfoxlotto.com\/cs\/vysledky\/thunderball\/#breadcrumb\",\"itemListElement\":[{\"@type\":\"ListItem\",\"position\":1,\"name\":\"Home\",\"item\":\"https:\/\/redfoxlotto.com\/cs\/\"},{\"@type\":\"ListItem\",\"position\":2,\"name\":\"V\u00fdsledky mezin\u00e1rodn\u00ed loterie\",\"item\":\"https:\/\/redfoxlotto.com\/cs\/vysledky\/\"},{\"@type\":\"ListItem\",\"position\":3,\"name\":\"V\u00fdsledky Thunderball\"}]},{\"@type\":\"WebSite\",\"@id\":\"https:\/\/redfoxlotto.com\/cs\/#website\",\"url\":\"https:\/\/redfoxlotto.com\/cs\/\",\"name\":\"Get Tickets for the World\u2019s largest jackpots\",\"description\":\"Participate in worldwide lottery jackpots from any country\",\"publisher\":{\"@id\":\"https:\/\/redfoxlotto.com\/cs\/#organization\"},\"potentialAction\":[{\"@type\":\"SearchAction\",\"target\":{\"@type\":\"EntryPoint\",\"urlTemplate\":\"https:\/\/redfoxlotto.com\/cs\/?s={search_term_string}\"},\"query-input\":{\"@type\":\"PropertyValueSpecification\",\"valueRequired\":true,\"valueName\":\"search_term_string\"}}],\"inLanguage\":\"cs\"},{\"@type\":\"Organization\",\"@id\":\"https:\/\/redfoxlotto.com\/cs\/#organization\",\"name\":\"Get Tickets for the World\u2019s largest jackpots\",\"url\":\"https:\/\/redfoxlotto.com\/cs\/\",\"logo\":{\"@type\":\"ImageObject\",\"inLanguage\":\"cs\",\"@id\":\"https:\/\/redfoxlotto.com\/cs\/#\/schema\/logo\/image\/\",\"url\":\"https:\/\/redfoxlotto.com\/wp-content\/uploads\/2023\/04\/logo.png\",\"contentUrl\":\"https:\/\/redfoxlotto.com\/wp-content\/uploads\/2023\/04\/logo.png\",\"width\":269,\"height\":53,\"caption\":\"Get Tickets for the World\u2019s largest jackpots\"},\"image\":{\"@id\":\"https:\/\/redfoxlotto.com\/cs\/#\/schema\/logo\/image\/\"}}]}<\/script>\n<!-- \/ Yoast SEO plugin. -->","yoast_head_json":{"title":"Aktu\u00e1ln\u00ed a ned\u00e1vn\u00e9 v\u00fdhern\u00ed \u010d\u00edsla a v\u00fdsledky Thunderball UK","description":"Porovnejte sv\u00e9 loterijn\u00ed \u010d\u00edsla s v\u00fdsledky losov\u00e1n\u00ed Thunderball zde","robots":{"index":"index","follow":"follow","max-snippet":"max-snippet:-1","max-image-preview":"max-image-preview:large","max-video-preview":"max-video-preview:-1"},"canonical":"https:\/\/redfoxlotto.com\/cs\/vysledky\/thunderball\/","og_locale":"cs_CZ","og_type":"article","og_title":"Aktu\u00e1ln\u00ed a ned\u00e1vn\u00e9 v\u00fdhern\u00ed \u010d\u00edsla a v\u00fdsledky Thunderball UK","og_description":"Porovnejte sv\u00e9 loterijn\u00ed \u010d\u00edsla s v\u00fdsledky losov\u00e1n\u00ed Thunderball zde","og_url":"https:\/\/redfoxlotto.com\/cs\/vysledky\/thunderball\/","og_site_name":"Get Tickets for the World\u2019s largest jackpots","article_modified_time":"2023-05-15T13:57:00+00:00","og_image":[{"url":"https:\/\/content.redfoxlotto.com\/uploads\/sites\/9\/1_online_lotto_results.jpg"}],"twitter_card":"summary_large_image","twitter_misc":{"Odhadovan\u00e1 doba \u010dten\u00ed":"2 minuty"},"schema":{"@context":"https:\/\/schema.org","@graph":[{"@type":"WebPage","@id":"https:\/\/redfoxlotto.com\/cs\/vysledky\/thunderball\/","url":"https:\/\/redfoxlotto.com\/cs\/vysledky\/thunderball\/","name":"Aktu\u00e1ln\u00ed a ned\u00e1vn\u00e9 v\u00fdhern\u00ed \u010d\u00edsla a v\u00fdsledky Thunderball UK","isPartOf":{"@id":"https:\/\/redfoxlotto.com\/cs\/#website"},"primaryImageOfPage":{"@id":"https:\/\/redfoxlotto.com\/cs\/vysledky\/thunderball\/#primaryimage"},"image":{"@id":"https:\/\/redfoxlotto.com\/cs\/vysledky\/thunderball\/#primaryimage"},"thumbnailUrl":"https:\/\/content.redfoxlotto.com\/uploads\/sites\/9\/1_online_lotto_results.jpg","datePublished":"2020-08-18T09:08:19+00:00","dateModified":"2023-05-15T13:57:00+00:00","description":"Porovnejte sv\u00e9 loterijn\u00ed \u010d\u00edsla s v\u00fdsledky losov\u00e1n\u00ed Thunderball zde","breadcrumb":{"@id":"https:\/\/redfoxlotto.com\/cs\/vysledky\/thunderball\/#breadcrumb"},"inLanguage":"cs","potentialAction":[{"@type":"ReadAction","target":["https:\/\/redfoxlotto.com\/cs\/vysledky\/thunderball\/"]}]},{"@type":"ImageObject","inLanguage":"cs","@id":"https:\/\/redfoxlotto.com\/cs\/vysledky\/thunderball\/#primaryimage","url":"https:\/\/content.redfoxlotto.com\/uploads\/sites\/9\/1_online_lotto_results.jpg","contentUrl":"https:\/\/content.redfoxlotto.com\/uploads\/sites\/9\/1_online_lotto_results.jpg"},{"@type":"BreadcrumbList","@id":"https:\/\/redfoxlotto.com\/cs\/vysledky\/thunderball\/#breadcrumb","itemListElement":[{"@type":"ListItem","position":1,"name":"Home","item":"https:\/\/redfoxlotto.com\/cs\/"},{"@type":"ListItem","position":2,"name":"V\u00fdsledky mezin\u00e1rodn\u00ed loterie","item":"https:\/\/redfoxlotto.com\/cs\/vysledky\/"},{"@type":"ListItem","position":3,"name":"V\u00fdsledky Thunderball"}]},{"@type":"WebSite","@id":"https:\/\/redfoxlotto.com\/cs\/#website","url":"https:\/\/redfoxlotto.com\/cs\/","name":"Get Tickets for the World\u2019s largest jackpots","description":"Participate in worldwide lottery jackpots from any country","publisher":{"@id":"https:\/\/redfoxlotto.com\/cs\/#organization"},"potentialAction":[{"@type":"SearchAction","target":{"@type":"EntryPoint","urlTemplate":"https:\/\/redfoxlotto.com\/cs\/?s={search_term_string}"},"query-input":{"@type":"PropertyValueSpecification","valueRequired":true,"valueName":"search_term_string"}}],"inLanguage":"cs"},{"@type":"Organization","@id":"https:\/\/redfoxlotto.com\/cs\/#organization","name":"Get Tickets for the World\u2019s largest jackpots","url":"https:\/\/redfoxlotto.com\/cs\/","logo":{"@type":"ImageObject","inLanguage":"cs","@id":"https:\/\/redfoxlotto.com\/cs\/#\/schema\/logo\/image\/","url":"https:\/\/redfoxlotto.com\/wp-content\/uploads\/2023\/04\/logo.png","contentUrl":"https:\/\/redfoxlotto.com\/wp-content\/uploads\/2023\/04\/logo.png","width":269,"height":53,"caption":"Get Tickets for the World\u2019s largest jackpots"},"image":{"@id":"https:\/\/redfoxlotto.com\/cs\/#\/schema\/logo\/image\/"}}]}},"_links":{"self":[{"href":"https:\/\/redfoxlotto.com\/cs\/wp-json\/wp\/v2\/pages\/13633","targetHints":{"allow":["GET"]}}],"collection":[{"href":"https:\/\/redfoxlotto.com\/cs\/wp-json\/wp\/v2\/pages"}],"about":[{"href":"https:\/\/redfoxlotto.com\/cs\/wp-json\/wp\/v2\/types\/page"}],"author":[{"embeddable":true,"href":"https:\/\/redfoxlotto.com\/cs\/wp-json\/wp\/v2\/users\/1"}],"replies":[{"embeddable":true,"href":"https:\/\/redfoxlotto.com\/cs\/wp-json\/wp\/v2\/comments?post=13633"}],"version-history":[{"count":0,"href":"https:\/\/redfoxlotto.com\/cs\/wp-json\/wp\/v2\/pages\/13633\/revisions"}],"up":[{"embeddable":true,"href":"https:\/\/redfoxlotto.com\/cs\/wp-json\/wp\/v2\/pages\/5774"}],"wp:attachment":[{"href":"https:\/\/redfoxlotto.com\/cs\/wp-json\/wp\/v2\/media?parent=13633"}],"curies":[{"name":"wp","href":"https:\/\/api.w.org\/{rel}","templated":true}]}}