{"id":13565,"date":"2020-08-18T10:31:21","date_gmt":"2020-08-18T10:31:21","guid":{"rendered":"https:\/\/redfoxlotto.com\/?page_id=13565"},"modified":"2023-05-15T13:56:58","modified_gmt":"2023-05-15T13:56:58","slug":"set-for-life-uk","status":"publish","type":"page","link":"https:\/\/redfoxlotto.com\/cs\/vysledky\/set-for-life-uk\/","title":{"rendered":"Nastavit na v\u00fdsledky \u017eivota lotto"},"content":{"rendered":"<h2 class=\"wp-block-heading\">Loterie \u201eSet for life\u201c v loterii<\/h2><p><img loading=\"lazy\" decoding=\"async\" class=\" wp-image alignright\" src=\"https:\/\/content.redfoxlotto.com\/uploads\/sites\/9\/1_results_winning_numbers2.jpg\" alt=\"nastaveno pro \u017eivotn\u00ed v\u00fdsledky\" width=\"243\" height=\"182\" \/><\/p><p>V\u00fdhern\u00ed \u010d\u00edsla v loterii \u201eSet for life\u201c budou po ka\u017ed\u00e9m losov\u00e1n\u00ed zve\u0159ejn\u011bna na na\u0161em webu. Jakmile si na na\u0161\u00ed str\u00e1nce zarezervujete tiket do t\u00e9to loterie, za\u0161leme v\u00e1m e-mail, pokud v\u00e1\u0161 tiket n\u011bco vyhr\u00e1l.<\/p><p>M\u016f\u017eete se ale tak\u00e9 p\u0159ihl\u00e1sit ke sv\u00e9mu \u00fa\u010dtu a otev\u0159\u00edt sekci, kde je ulo\u017eena va\u0161e j\u00edzdenka. V\u0161echna \u010d\u00edsla, kter\u00e1 jste vybrali a kter\u00e1 se shoduj\u00ed s v\u00fdsledkem losov\u00e1n\u00ed, budou ozna\u010dena, tak\u017ee je pro v\u00e1s celkem snadn\u00e9 vid\u011bt, co jste vyhr\u00e1li.<\/p><h2 class=\"wp-block-heading\">\u201eSet for life\u201c minul\u00e1 v\u00fdhern\u00ed \u010d\u00edsla<\/h2><p>Pokud chcete vid\u011bt \u010d\u00edsla z minul\u00fdch losov\u00e1n\u00ed, m\u016f\u017eete to ud\u011blat tak\u00e9. Mnoho na\u0161ich klient\u016f tuto funkci pou\u017e\u00edv\u00e1, aby se vyhnulo v\u00fdb\u011bru \u010d\u00edsel, kter\u00e1 byla pr\u00e1v\u011b vylosov\u00e1na v posledn\u00edch dnech nebo t\u00fddnech.<\/p>","protected":false},"excerpt":{"rendered":"<p>Loterie \u201eSet for life\u201c v loterii V\u00fdhern\u00ed \u010d\u00edsla v loterii \u201eSet for life\u201c budou po ka\u017ed\u00e9m losov\u00e1n\u00ed zve\u0159ejn\u011bna na na\u0161em webu. Jakmile si na na\u0161\u00ed str\u00e1nce zarezervujete tiket do t\u00e9to loterie, za\u0161leme v\u00e1m e-mail, pokud v\u00e1\u0161 tiket n\u011bco vyhr\u00e1l. M\u016f\u017eete se ale tak\u00e9 p\u0159ihl\u00e1sit ke sv\u00e9mu \u00fa\u010dtu a otev\u0159\u00edt sekci, kde je ulo\u017eena va\u0161e j\u00edzdenka. [&hellip;]<\/p>\n","protected":false},"author":1,"featured_media":0,"parent":5774,"menu_order":10,"comment_status":"closed","ping_status":"closed","template":"set-for-life-results.php","meta":{"_et_pb_use_builder":"","_et_pb_old_content":"","_et_gb_content_width":"","exclude_from_search":false,"footnotes":""},"class_list":["post-13565","page","type-page","status-publish","hentry"],"yoast_head":"<!-- This site is optimized with the Yoast SEO plugin v23.8 - https:\/\/yoast.com\/wordpress\/plugins\/seo\/ -->\n<title>Z\u00edskejte v\u00fdsledky losov\u00e1n\u00ed a v\u00fdhern\u00ed \u010d\u00edsla pro Lotto Set for life<\/title>\n<meta name=\"description\" content=\"Zde si p\u0159e\u010dt\u011bte v\u00fdsledky losov\u00e1n\u00ed sady pro \u017eivot\" \/>\n<meta name=\"robots\" content=\"index, follow, max-snippet:-1, max-image-preview:large, max-video-preview:-1\" \/>\n<link rel=\"canonical\" href=\"https:\/\/redfoxlotto.com\/cs\/vysledky\/set-for-life-uk\/\" \/>\n<meta property=\"og:locale\" content=\"cs_CZ\" \/>\n<meta property=\"og:type\" content=\"article\" \/>\n<meta property=\"og:title\" content=\"Z\u00edskejte v\u00fdsledky losov\u00e1n\u00ed a v\u00fdhern\u00ed \u010d\u00edsla pro Lotto Set for life\" \/>\n<meta property=\"og:description\" content=\"Zde si p\u0159e\u010dt\u011bte v\u00fdsledky losov\u00e1n\u00ed sady pro \u017eivot\" \/>\n<meta property=\"og:url\" content=\"https:\/\/redfoxlotto.com\/cs\/vysledky\/set-for-life-uk\/\" \/>\n<meta property=\"og:site_name\" content=\"Get Tickets for the World\u2019s largest jackpots\" \/>\n<meta property=\"article:modified_time\" content=\"2023-05-15T13:56:58+00:00\" \/>\n<meta property=\"og:image\" content=\"https:\/\/content.redfoxlotto.com\/uploads\/sites\/9\/1_results_winning_numbers2.jpg\" \/>\n<meta name=\"twitter:card\" content=\"summary_large_image\" \/>\n<meta name=\"twitter:label1\" content=\"Odhadovan\u00e1 doba \u010dten\u00ed\" \/>\n\t<meta name=\"twitter:data1\" content=\"1 minuta\" \/>\n<script type=\"application\/ld+json\" class=\"yoast-schema-graph\">{\"@context\":\"https:\/\/schema.org\",\"@graph\":[{\"@type\":\"WebPage\",\"@id\":\"https:\/\/redfoxlotto.com\/cs\/vysledky\/set-for-life-uk\/\",\"url\":\"https:\/\/redfoxlotto.com\/cs\/vysledky\/set-for-life-uk\/\",\"name\":\"Z\u00edskejte v\u00fdsledky losov\u00e1n\u00ed a v\u00fdhern\u00ed \u010d\u00edsla pro Lotto Set for life\",\"isPartOf\":{\"@id\":\"https:\/\/redfoxlotto.com\/cs\/#website\"},\"primaryImageOfPage\":{\"@id\":\"https:\/\/redfoxlotto.com\/cs\/vysledky\/set-for-life-uk\/#primaryimage\"},\"image\":{\"@id\":\"https:\/\/redfoxlotto.com\/cs\/vysledky\/set-for-life-uk\/#primaryimage\"},\"thumbnailUrl\":\"https:\/\/content.redfoxlotto.com\/uploads\/sites\/9\/1_results_winning_numbers2.jpg\",\"datePublished\":\"2020-08-18T10:31:21+00:00\",\"dateModified\":\"2023-05-15T13:56:58+00:00\",\"description\":\"Zde si p\u0159e\u010dt\u011bte v\u00fdsledky losov\u00e1n\u00ed sady pro \u017eivot\",\"breadcrumb\":{\"@id\":\"https:\/\/redfoxlotto.com\/cs\/vysledky\/set-for-life-uk\/#breadcrumb\"},\"inLanguage\":\"cs\",\"potentialAction\":[{\"@type\":\"ReadAction\",\"target\":[\"https:\/\/redfoxlotto.com\/cs\/vysledky\/set-for-life-uk\/\"]}]},{\"@type\":\"ImageObject\",\"inLanguage\":\"cs\",\"@id\":\"https:\/\/redfoxlotto.com\/cs\/vysledky\/set-for-life-uk\/#primaryimage\",\"url\":\"https:\/\/content.redfoxlotto.com\/uploads\/sites\/9\/1_results_winning_numbers2.jpg\",\"contentUrl\":\"https:\/\/content.redfoxlotto.com\/uploads\/sites\/9\/1_results_winning_numbers2.jpg\"},{\"@type\":\"BreadcrumbList\",\"@id\":\"https:\/\/redfoxlotto.com\/cs\/vysledky\/set-for-life-uk\/#breadcrumb\",\"itemListElement\":[{\"@type\":\"ListItem\",\"position\":1,\"name\":\"Home\",\"item\":\"https:\/\/redfoxlotto.com\/cs\/\"},{\"@type\":\"ListItem\",\"position\":2,\"name\":\"V\u00fdsledky mezin\u00e1rodn\u00ed loterie\",\"item\":\"https:\/\/redfoxlotto.com\/cs\/vysledky\/\"},{\"@type\":\"ListItem\",\"position\":3,\"name\":\"Nastavit na v\u00fdsledky \u017eivota lotto\"}]},{\"@type\":\"WebSite\",\"@id\":\"https:\/\/redfoxlotto.com\/cs\/#website\",\"url\":\"https:\/\/redfoxlotto.com\/cs\/\",\"name\":\"Get Tickets for the World\u2019s largest jackpots\",\"description\":\"Participate in worldwide lottery jackpots from any country\",\"publisher\":{\"@id\":\"https:\/\/redfoxlotto.com\/cs\/#organization\"},\"potentialAction\":[{\"@type\":\"SearchAction\",\"target\":{\"@type\":\"EntryPoint\",\"urlTemplate\":\"https:\/\/redfoxlotto.com\/cs\/?s={search_term_string}\"},\"query-input\":{\"@type\":\"PropertyValueSpecification\",\"valueRequired\":true,\"valueName\":\"search_term_string\"}}],\"inLanguage\":\"cs\"},{\"@type\":\"Organization\",\"@id\":\"https:\/\/redfoxlotto.com\/cs\/#organization\",\"name\":\"Get Tickets for the World\u2019s largest jackpots\",\"url\":\"https:\/\/redfoxlotto.com\/cs\/\",\"logo\":{\"@type\":\"ImageObject\",\"inLanguage\":\"cs\",\"@id\":\"https:\/\/redfoxlotto.com\/cs\/#\/schema\/logo\/image\/\",\"url\":\"https:\/\/redfoxlotto.com\/wp-content\/uploads\/2023\/04\/logo.png\",\"contentUrl\":\"https:\/\/redfoxlotto.com\/wp-content\/uploads\/2023\/04\/logo.png\",\"width\":269,\"height\":53,\"caption\":\"Get Tickets for the World\u2019s largest jackpots\"},\"image\":{\"@id\":\"https:\/\/redfoxlotto.com\/cs\/#\/schema\/logo\/image\/\"}}]}<\/script>\n<!-- \/ Yoast SEO plugin. -->","yoast_head_json":{"title":"Z\u00edskejte v\u00fdsledky losov\u00e1n\u00ed a v\u00fdhern\u00ed \u010d\u00edsla pro Lotto Set for life","description":"Zde si p\u0159e\u010dt\u011bte v\u00fdsledky losov\u00e1n\u00ed sady pro \u017eivot","robots":{"index":"index","follow":"follow","max-snippet":"max-snippet:-1","max-image-preview":"max-image-preview:large","max-video-preview":"max-video-preview:-1"},"canonical":"https:\/\/redfoxlotto.com\/cs\/vysledky\/set-for-life-uk\/","og_locale":"cs_CZ","og_type":"article","og_title":"Z\u00edskejte v\u00fdsledky losov\u00e1n\u00ed a v\u00fdhern\u00ed \u010d\u00edsla pro Lotto Set for life","og_description":"Zde si p\u0159e\u010dt\u011bte v\u00fdsledky losov\u00e1n\u00ed sady pro \u017eivot","og_url":"https:\/\/redfoxlotto.com\/cs\/vysledky\/set-for-life-uk\/","og_site_name":"Get Tickets for the World\u2019s largest jackpots","article_modified_time":"2023-05-15T13:56:58+00:00","og_image":[{"url":"https:\/\/content.redfoxlotto.com\/uploads\/sites\/9\/1_results_winning_numbers2.jpg"}],"twitter_card":"summary_large_image","twitter_misc":{"Odhadovan\u00e1 doba \u010dten\u00ed":"1 minuta"},"schema":{"@context":"https:\/\/schema.org","@graph":[{"@type":"WebPage","@id":"https:\/\/redfoxlotto.com\/cs\/vysledky\/set-for-life-uk\/","url":"https:\/\/redfoxlotto.com\/cs\/vysledky\/set-for-life-uk\/","name":"Z\u00edskejte v\u00fdsledky losov\u00e1n\u00ed a v\u00fdhern\u00ed \u010d\u00edsla pro Lotto Set for life","isPartOf":{"@id":"https:\/\/redfoxlotto.com\/cs\/#website"},"primaryImageOfPage":{"@id":"https:\/\/redfoxlotto.com\/cs\/vysledky\/set-for-life-uk\/#primaryimage"},"image":{"@id":"https:\/\/redfoxlotto.com\/cs\/vysledky\/set-for-life-uk\/#primaryimage"},"thumbnailUrl":"https:\/\/content.redfoxlotto.com\/uploads\/sites\/9\/1_results_winning_numbers2.jpg","datePublished":"2020-08-18T10:31:21+00:00","dateModified":"2023-05-15T13:56:58+00:00","description":"Zde si p\u0159e\u010dt\u011bte v\u00fdsledky losov\u00e1n\u00ed sady pro \u017eivot","breadcrumb":{"@id":"https:\/\/redfoxlotto.com\/cs\/vysledky\/set-for-life-uk\/#breadcrumb"},"inLanguage":"cs","potentialAction":[{"@type":"ReadAction","target":["https:\/\/redfoxlotto.com\/cs\/vysledky\/set-for-life-uk\/"]}]},{"@type":"ImageObject","inLanguage":"cs","@id":"https:\/\/redfoxlotto.com\/cs\/vysledky\/set-for-life-uk\/#primaryimage","url":"https:\/\/content.redfoxlotto.com\/uploads\/sites\/9\/1_results_winning_numbers2.jpg","contentUrl":"https:\/\/content.redfoxlotto.com\/uploads\/sites\/9\/1_results_winning_numbers2.jpg"},{"@type":"BreadcrumbList","@id":"https:\/\/redfoxlotto.com\/cs\/vysledky\/set-for-life-uk\/#breadcrumb","itemListElement":[{"@type":"ListItem","position":1,"name":"Home","item":"https:\/\/redfoxlotto.com\/cs\/"},{"@type":"ListItem","position":2,"name":"V\u00fdsledky mezin\u00e1rodn\u00ed loterie","item":"https:\/\/redfoxlotto.com\/cs\/vysledky\/"},{"@type":"ListItem","position":3,"name":"Nastavit na v\u00fdsledky \u017eivota lotto"}]},{"@type":"WebSite","@id":"https:\/\/redfoxlotto.com\/cs\/#website","url":"https:\/\/redfoxlotto.com\/cs\/","name":"Get Tickets for the World\u2019s largest jackpots","description":"Participate in worldwide lottery jackpots from any country","publisher":{"@id":"https:\/\/redfoxlotto.com\/cs\/#organization"},"potentialAction":[{"@type":"SearchAction","target":{"@type":"EntryPoint","urlTemplate":"https:\/\/redfoxlotto.com\/cs\/?s={search_term_string}"},"query-input":{"@type":"PropertyValueSpecification","valueRequired":true,"valueName":"search_term_string"}}],"inLanguage":"cs"},{"@type":"Organization","@id":"https:\/\/redfoxlotto.com\/cs\/#organization","name":"Get Tickets for the World\u2019s largest jackpots","url":"https:\/\/redfoxlotto.com\/cs\/","logo":{"@type":"ImageObject","inLanguage":"cs","@id":"https:\/\/redfoxlotto.com\/cs\/#\/schema\/logo\/image\/","url":"https:\/\/redfoxlotto.com\/wp-content\/uploads\/2023\/04\/logo.png","contentUrl":"https:\/\/redfoxlotto.com\/wp-content\/uploads\/2023\/04\/logo.png","width":269,"height":53,"caption":"Get Tickets for the World\u2019s largest jackpots"},"image":{"@id":"https:\/\/redfoxlotto.com\/cs\/#\/schema\/logo\/image\/"}}]}},"_links":{"self":[{"href":"https:\/\/redfoxlotto.com\/cs\/wp-json\/wp\/v2\/pages\/13565","targetHints":{"allow":["GET"]}}],"collection":[{"href":"https:\/\/redfoxlotto.com\/cs\/wp-json\/wp\/v2\/pages"}],"about":[{"href":"https:\/\/redfoxlotto.com\/cs\/wp-json\/wp\/v2\/types\/page"}],"author":[{"embeddable":true,"href":"https:\/\/redfoxlotto.com\/cs\/wp-json\/wp\/v2\/users\/1"}],"replies":[{"embeddable":true,"href":"https:\/\/redfoxlotto.com\/cs\/wp-json\/wp\/v2\/comments?post=13565"}],"version-history":[{"count":0,"href":"https:\/\/redfoxlotto.com\/cs\/wp-json\/wp\/v2\/pages\/13565\/revisions"}],"up":[{"embeddable":true,"href":"https:\/\/redfoxlotto.com\/cs\/wp-json\/wp\/v2\/pages\/5774"}],"wp:attachment":[{"href":"https:\/\/redfoxlotto.com\/cs\/wp-json\/wp\/v2\/media?parent=13565"}],"curies":[{"name":"wp","href":"https:\/\/api.w.org\/{rel}","templated":true}]}}