{"id":13502,"date":"2020-07-20T08:57:09","date_gmt":"2020-07-20T08:57:09","guid":{"rendered":"https:\/\/redfoxlotto.com\/?page_id=13502"},"modified":"2023-05-15T13:55:32","modified_gmt":"2023-05-15T13:55:32","slug":"mega-sena","status":"publish","type":"page","link":"https:\/\/redfoxlotto.com\/cs\/vysledky\/mega-sena\/","title":{"rendered":"V\u00fdsledky Mega Sena"},"content":{"rendered":"<h2 class=\"wp-block-heading\">Mega Sena v\u00fdhern\u00ed \u010d\u00edsla<\/h2><p><img loading=\"lazy\" decoding=\"async\" class=\" wp-image alignright\" src=\"https:\/\/content.redfoxlotto.com\/uploads\/sites\/9\/1_you_win_jackpot.jpg\" alt=\"vyhr\u00e1t jackpot v loterii\" width=\"240\" height=\"240\" \/><\/p><p>Pokud jste ji\u017e Mega Senu hr\u00e1li, pot\u0159ebujete v\u011bd\u011bt, zda jste vyhr\u00e1li, \u017ee? Jak tedy zkontrolujete v\u00fdhern\u00ed \u010d\u00edsla Mega Sena Braz\u00edlie? Pr\u00e1v\u011b jste nav\u0161t\u00edvili sv\u016fj \u00fa\u010det na RedFoxLotto.com. Budete moci naj\u00edt nejnov\u011bj\u0161\u00ed v\u00fdsledky hry a pokud jste hr\u00e1li, budete je moci naj\u00edt je\u0161t\u011b jednodu\u0161\u0161\u00ed.<\/p><h2 class=\"wp-block-heading\">Kontrola va\u0161ich \u010d\u00edsel<\/h2><p>Pokud chcete v\u011bd\u011bt, zda jste vyhr\u00e1li na Mega Sena Brazil, sta\u010d\u00ed j\u00edt na str\u00e1nku s l\u00edstky na sv\u00e9m \u00fa\u010dtu. Odtud uvid\u00edte va\u0161e \u010d\u00edsla ve srovn\u00e1n\u00ed s v\u00fdhern\u00edmi \u010d\u00edsly. D\u00edky tomu je\u0161t\u011b l\u00e9pe zjist\u00edte, co jste vyhr\u00e1li a jak\u00e1 \u010d\u00edsla byla dobr\u00e1 nebo ne.<\/p><p>Nemus\u00edte se v\u0161ak o nic starat, proto\u017ee v\u0161e, co vyhrajete, bude automaticky n\u00e1rokov\u00e1no a pot\u00e9 ulo\u017eeno na v\u00e1\u0161 \u00fa\u010det. Po zakoupen\u00ed letenky si tak m\u016f\u017eete jen tak sednout a relaxovat. Alespo\u0148 do doby, ne\u017e si koup\u00edte dal\u0161\u00ed.<\/p><h2 class=\"wp-block-heading\">Kontrola star\u00fdch v\u00fdhern\u00edch \u010d\u00edsel<\/h2><p>Pokud m\u00e1te star\u0161\u00ed l\u00edstek, kter\u00fd chcete zkontrolovat, m\u016f\u017eete si to prohl\u00e9dnout v archivu. Zkoum\u00e1n\u00ed star\u00fdch v\u00fdhern\u00edch \u010d\u00edsel Mega Sena Braz\u00edlie je tak\u00e9 dobr\u00e9, pokud pl\u00e1nujete n\u011bkter\u00e1 z t\u011bchto \u010d\u00edsel vsadit. Jedin\u00e9, co mus\u00edte ud\u011blat, je pod\u00edvat se a budete m\u00edt mo\u017enost zjistit, jak\u00e1 \u010d\u00edsla se objevuj\u00ed \u010dast\u011bji (nebo m\u00e9n\u011b).<\/p>","protected":false},"excerpt":{"rendered":"<p>Mega Sena v\u00fdhern\u00ed \u010d\u00edsla Pokud jste ji\u017e Mega Senu hr\u00e1li, pot\u0159ebujete v\u011bd\u011bt, zda jste vyhr\u00e1li, \u017ee? Jak tedy zkontrolujete v\u00fdhern\u00ed \u010d\u00edsla Mega Sena Braz\u00edlie? Pr\u00e1v\u011b jste nav\u0161t\u00edvili sv\u016fj \u00fa\u010det na RedFoxLotto.com. Budete moci naj\u00edt nejnov\u011bj\u0161\u00ed v\u00fdsledky hry a pokud jste hr\u00e1li, budete je moci naj\u00edt je\u0161t\u011b jednodu\u0161\u0161\u00ed. Kontrola va\u0161ich \u010d\u00edsel Pokud chcete v\u011bd\u011bt, zda jste [&hellip;]<\/p>\n","protected":false},"author":1,"featured_media":0,"parent":5774,"menu_order":13,"comment_status":"closed","ping_status":"closed","template":"megasena-results.php","meta":{"_et_pb_use_builder":"","_et_pb_old_content":"","_et_gb_content_width":"","exclude_from_search":false,"footnotes":""},"class_list":["post-13502","page","type-page","status-publish","hentry"],"yoast_head":"<!-- This site is optimized with the Yoast SEO plugin v27.3 - https:\/\/yoast.com\/product\/yoast-seo-wordpress\/ -->\n<title>V\u00edt\u011bzn\u00e1 \u010d\u00edsla Mega Sena | Nakreslete v\u00fdsledky pro brazilskou Mega Senu<\/title>\n<meta name=\"description\" content=\"Pod\u00edvejte se na nejnov\u011bj\u0161\u00ed a minul\u00e1 v\u00fdhern\u00ed \u010d\u00edsla pro Mega Sena\" \/>\n<meta name=\"robots\" content=\"index, follow, max-snippet:-1, max-image-preview:large, max-video-preview:-1\" \/>\n<link rel=\"canonical\" href=\"https:\/\/redfoxlotto.com\/cs\/vysledky\/mega-sena\/\" \/>\n<meta property=\"og:locale\" content=\"cs_CZ\" \/>\n<meta property=\"og:type\" content=\"article\" \/>\n<meta property=\"og:title\" content=\"V\u00edt\u011bzn\u00e1 \u010d\u00edsla Mega Sena | Nakreslete v\u00fdsledky pro brazilskou Mega Senu\" \/>\n<meta property=\"og:description\" content=\"Pod\u00edvejte se na nejnov\u011bj\u0161\u00ed a minul\u00e1 v\u00fdhern\u00ed \u010d\u00edsla pro Mega Sena\" \/>\n<meta property=\"og:url\" content=\"https:\/\/redfoxlotto.com\/cs\/vysledky\/mega-sena\/\" \/>\n<meta property=\"og:site_name\" content=\"Get Tickets for the World\u2019s largest jackpots\" \/>\n<meta property=\"article:modified_time\" content=\"2023-05-15T13:55:32+00:00\" \/>\n<meta property=\"og:image\" content=\"https:\/\/content.redfoxlotto.com\/uploads\/sites\/9\/1_you_win_jackpot.jpg\" \/>\n<meta name=\"twitter:card\" content=\"summary_large_image\" \/>\n<meta name=\"twitter:label1\" content=\"Odhadovan\u00e1 doba \u010dten\u00ed\" \/>\n\t<meta name=\"twitter:data1\" content=\"2 minuty\" \/>\n<script type=\"application\/ld+json\" class=\"yoast-schema-graph\">{\"@context\":\"https:\\\/\\\/schema.org\",\"@graph\":[{\"@type\":\"WebPage\",\"@id\":\"https:\\\/\\\/redfoxlotto.com\\\/cs\\\/vysledky\\\/mega-sena\\\/\",\"url\":\"https:\\\/\\\/redfoxlotto.com\\\/cs\\\/vysledky\\\/mega-sena\\\/\",\"name\":\"V\u00edt\u011bzn\u00e1 \u010d\u00edsla Mega Sena | Nakreslete v\u00fdsledky pro brazilskou Mega Senu\",\"isPartOf\":{\"@id\":\"https:\\\/\\\/redfoxlotto.com\\\/cs\\\/#website\"},\"primaryImageOfPage\":{\"@id\":\"https:\\\/\\\/redfoxlotto.com\\\/cs\\\/vysledky\\\/mega-sena\\\/#primaryimage\"},\"image\":{\"@id\":\"https:\\\/\\\/redfoxlotto.com\\\/cs\\\/vysledky\\\/mega-sena\\\/#primaryimage\"},\"thumbnailUrl\":\"https:\\\/\\\/content.redfoxlotto.com\\\/uploads\\\/sites\\\/9\\\/1_you_win_jackpot.jpg\",\"datePublished\":\"2020-07-20T08:57:09+00:00\",\"dateModified\":\"2023-05-15T13:55:32+00:00\",\"description\":\"Pod\u00edvejte se na nejnov\u011bj\u0161\u00ed a minul\u00e1 v\u00fdhern\u00ed \u010d\u00edsla pro Mega Sena\",\"breadcrumb\":{\"@id\":\"https:\\\/\\\/redfoxlotto.com\\\/cs\\\/vysledky\\\/mega-sena\\\/#breadcrumb\"},\"inLanguage\":\"cs\",\"potentialAction\":[{\"@type\":\"ReadAction\",\"target\":[\"https:\\\/\\\/redfoxlotto.com\\\/cs\\\/vysledky\\\/mega-sena\\\/\"]}]},{\"@type\":\"ImageObject\",\"inLanguage\":\"cs\",\"@id\":\"https:\\\/\\\/redfoxlotto.com\\\/cs\\\/vysledky\\\/mega-sena\\\/#primaryimage\",\"url\":\"https:\\\/\\\/content.redfoxlotto.com\\\/uploads\\\/sites\\\/9\\\/1_you_win_jackpot.jpg\",\"contentUrl\":\"https:\\\/\\\/content.redfoxlotto.com\\\/uploads\\\/sites\\\/9\\\/1_you_win_jackpot.jpg\"},{\"@type\":\"BreadcrumbList\",\"@id\":\"https:\\\/\\\/redfoxlotto.com\\\/cs\\\/vysledky\\\/mega-sena\\\/#breadcrumb\",\"itemListElement\":[{\"@type\":\"ListItem\",\"position\":1,\"name\":\"Home\",\"item\":\"https:\\\/\\\/redfoxlotto.com\\\/cs\\\/\"},{\"@type\":\"ListItem\",\"position\":2,\"name\":\"V\u00fdsledky mezin\u00e1rodn\u00ed loterie\",\"item\":\"https:\\\/\\\/redfoxlotto.com\\\/cs\\\/vysledky\\\/\"},{\"@type\":\"ListItem\",\"position\":3,\"name\":\"V\u00fdsledky Mega Sena\"}]},{\"@type\":\"WebSite\",\"@id\":\"https:\\\/\\\/redfoxlotto.com\\\/cs\\\/#website\",\"url\":\"https:\\\/\\\/redfoxlotto.com\\\/cs\\\/\",\"name\":\"Get Tickets for the World\u2019s largest jackpots\",\"description\":\"Participate in worldwide lottery jackpots from any country\",\"publisher\":{\"@id\":\"https:\\\/\\\/redfoxlotto.com\\\/cs\\\/#organization\"},\"potentialAction\":[{\"@type\":\"SearchAction\",\"target\":{\"@type\":\"EntryPoint\",\"urlTemplate\":\"https:\\\/\\\/redfoxlotto.com\\\/cs\\\/?s={search_term_string}\"},\"query-input\":{\"@type\":\"PropertyValueSpecification\",\"valueRequired\":true,\"valueName\":\"search_term_string\"}}],\"inLanguage\":\"cs\"},{\"@type\":\"Organization\",\"@id\":\"https:\\\/\\\/redfoxlotto.com\\\/cs\\\/#organization\",\"name\":\"Get Tickets for the World\u2019s largest jackpots\",\"url\":\"https:\\\/\\\/redfoxlotto.com\\\/cs\\\/\",\"logo\":{\"@type\":\"ImageObject\",\"inLanguage\":\"cs\",\"@id\":\"https:\\\/\\\/redfoxlotto.com\\\/cs\\\/#\\\/schema\\\/logo\\\/image\\\/\",\"url\":\"https:\\\/\\\/redfoxlotto.com\\\/wp-content\\\/uploads\\\/2023\\\/04\\\/logo.png\",\"contentUrl\":\"https:\\\/\\\/redfoxlotto.com\\\/wp-content\\\/uploads\\\/2023\\\/04\\\/logo.png\",\"width\":269,\"height\":53,\"caption\":\"Get Tickets for the World\u2019s largest jackpots\"},\"image\":{\"@id\":\"https:\\\/\\\/redfoxlotto.com\\\/cs\\\/#\\\/schema\\\/logo\\\/image\\\/\"}}]}<\/script>\n<!-- \/ Yoast SEO plugin. -->","yoast_head_json":{"title":"V\u00edt\u011bzn\u00e1 \u010d\u00edsla Mega Sena | Nakreslete v\u00fdsledky pro brazilskou Mega Senu","description":"Pod\u00edvejte se na nejnov\u011bj\u0161\u00ed a minul\u00e1 v\u00fdhern\u00ed \u010d\u00edsla pro Mega Sena","robots":{"index":"index","follow":"follow","max-snippet":"max-snippet:-1","max-image-preview":"max-image-preview:large","max-video-preview":"max-video-preview:-1"},"canonical":"https:\/\/redfoxlotto.com\/cs\/vysledky\/mega-sena\/","og_locale":"cs_CZ","og_type":"article","og_title":"V\u00edt\u011bzn\u00e1 \u010d\u00edsla Mega Sena | Nakreslete v\u00fdsledky pro brazilskou Mega Senu","og_description":"Pod\u00edvejte se na nejnov\u011bj\u0161\u00ed a minul\u00e1 v\u00fdhern\u00ed \u010d\u00edsla pro Mega Sena","og_url":"https:\/\/redfoxlotto.com\/cs\/vysledky\/mega-sena\/","og_site_name":"Get Tickets for the World\u2019s largest jackpots","article_modified_time":"2023-05-15T13:55:32+00:00","og_image":[{"url":"https:\/\/content.redfoxlotto.com\/uploads\/sites\/9\/1_you_win_jackpot.jpg","type":"","width":"","height":""}],"twitter_card":"summary_large_image","twitter_misc":{"Odhadovan\u00e1 doba \u010dten\u00ed":"2 minuty"},"schema":{"@context":"https:\/\/schema.org","@graph":[{"@type":"WebPage","@id":"https:\/\/redfoxlotto.com\/cs\/vysledky\/mega-sena\/","url":"https:\/\/redfoxlotto.com\/cs\/vysledky\/mega-sena\/","name":"V\u00edt\u011bzn\u00e1 \u010d\u00edsla Mega Sena | Nakreslete v\u00fdsledky pro brazilskou Mega Senu","isPartOf":{"@id":"https:\/\/redfoxlotto.com\/cs\/#website"},"primaryImageOfPage":{"@id":"https:\/\/redfoxlotto.com\/cs\/vysledky\/mega-sena\/#primaryimage"},"image":{"@id":"https:\/\/redfoxlotto.com\/cs\/vysledky\/mega-sena\/#primaryimage"},"thumbnailUrl":"https:\/\/content.redfoxlotto.com\/uploads\/sites\/9\/1_you_win_jackpot.jpg","datePublished":"2020-07-20T08:57:09+00:00","dateModified":"2023-05-15T13:55:32+00:00","description":"Pod\u00edvejte se na nejnov\u011bj\u0161\u00ed a minul\u00e1 v\u00fdhern\u00ed \u010d\u00edsla pro Mega Sena","breadcrumb":{"@id":"https:\/\/redfoxlotto.com\/cs\/vysledky\/mega-sena\/#breadcrumb"},"inLanguage":"cs","potentialAction":[{"@type":"ReadAction","target":["https:\/\/redfoxlotto.com\/cs\/vysledky\/mega-sena\/"]}]},{"@type":"ImageObject","inLanguage":"cs","@id":"https:\/\/redfoxlotto.com\/cs\/vysledky\/mega-sena\/#primaryimage","url":"https:\/\/content.redfoxlotto.com\/uploads\/sites\/9\/1_you_win_jackpot.jpg","contentUrl":"https:\/\/content.redfoxlotto.com\/uploads\/sites\/9\/1_you_win_jackpot.jpg"},{"@type":"BreadcrumbList","@id":"https:\/\/redfoxlotto.com\/cs\/vysledky\/mega-sena\/#breadcrumb","itemListElement":[{"@type":"ListItem","position":1,"name":"Home","item":"https:\/\/redfoxlotto.com\/cs\/"},{"@type":"ListItem","position":2,"name":"V\u00fdsledky mezin\u00e1rodn\u00ed loterie","item":"https:\/\/redfoxlotto.com\/cs\/vysledky\/"},{"@type":"ListItem","position":3,"name":"V\u00fdsledky Mega Sena"}]},{"@type":"WebSite","@id":"https:\/\/redfoxlotto.com\/cs\/#website","url":"https:\/\/redfoxlotto.com\/cs\/","name":"Get Tickets for the World\u2019s largest jackpots","description":"Participate in worldwide lottery jackpots from any country","publisher":{"@id":"https:\/\/redfoxlotto.com\/cs\/#organization"},"potentialAction":[{"@type":"SearchAction","target":{"@type":"EntryPoint","urlTemplate":"https:\/\/redfoxlotto.com\/cs\/?s={search_term_string}"},"query-input":{"@type":"PropertyValueSpecification","valueRequired":true,"valueName":"search_term_string"}}],"inLanguage":"cs"},{"@type":"Organization","@id":"https:\/\/redfoxlotto.com\/cs\/#organization","name":"Get Tickets for the World\u2019s largest jackpots","url":"https:\/\/redfoxlotto.com\/cs\/","logo":{"@type":"ImageObject","inLanguage":"cs","@id":"https:\/\/redfoxlotto.com\/cs\/#\/schema\/logo\/image\/","url":"https:\/\/redfoxlotto.com\/wp-content\/uploads\/2023\/04\/logo.png","contentUrl":"https:\/\/redfoxlotto.com\/wp-content\/uploads\/2023\/04\/logo.png","width":269,"height":53,"caption":"Get Tickets for the World\u2019s largest jackpots"},"image":{"@id":"https:\/\/redfoxlotto.com\/cs\/#\/schema\/logo\/image\/"}}]}},"_links":{"self":[{"href":"https:\/\/redfoxlotto.com\/cs\/wp-json\/wp\/v2\/pages\/13502","targetHints":{"allow":["GET"]}}],"collection":[{"href":"https:\/\/redfoxlotto.com\/cs\/wp-json\/wp\/v2\/pages"}],"about":[{"href":"https:\/\/redfoxlotto.com\/cs\/wp-json\/wp\/v2\/types\/page"}],"author":[{"embeddable":true,"href":"https:\/\/redfoxlotto.com\/cs\/wp-json\/wp\/v2\/users\/1"}],"replies":[{"embeddable":true,"href":"https:\/\/redfoxlotto.com\/cs\/wp-json\/wp\/v2\/comments?post=13502"}],"version-history":[{"count":0,"href":"https:\/\/redfoxlotto.com\/cs\/wp-json\/wp\/v2\/pages\/13502\/revisions"}],"up":[{"embeddable":true,"href":"https:\/\/redfoxlotto.com\/cs\/wp-json\/wp\/v2\/pages\/5774"}],"wp:attachment":[{"href":"https:\/\/redfoxlotto.com\/cs\/wp-json\/wp\/v2\/media?parent=13502"}],"curies":[{"name":"wp","href":"https:\/\/api.w.org\/{rel}","templated":true}]}}