{"id":13465,"date":"2020-08-18T09:14:14","date_gmt":"2020-08-18T09:14:14","guid":{"rendered":"https:\/\/redfoxlotto.com\/?page_id=13465"},"modified":"2023-05-15T13:54:55","modified_gmt":"2023-05-15T13:54:55","slug":"lotto-at","status":"publish","type":"page","link":"https:\/\/redfoxlotto.com\/cs\/vysledky\/lotto-at\/","title":{"rendered":"V\u00fdsledky Lotto Rakousko"},"content":{"rendered":"<h2 class=\"wp-block-heading\">V\u00fdhern\u00ed \u010d\u00edsla rakousk\u00e9ho loterie<\/h2><p>Kde najdete v\u00fdhern\u00ed \u010d\u00edsla rakousk\u00e9ho loterie po skon\u010den\u00ed losov\u00e1n\u00ed? Jedin\u00e9, co mus\u00edte ud\u011blat, je p\u0159ihl\u00e1sit se na na\u0161i webovou str\u00e1nku, kde jste zakoupili sv\u00e9 vstupenky, a \u010d\u00edsla zde budou pro v\u00e1s.<\/p><h2 class=\"wp-block-heading\">Kontrola nejnov\u011bj\u0161\u00edch v\u00fdsledk\u016f<\/h2><p>S RedFoxLotto.com najdete nejnov\u011bj\u0161\u00ed v\u00fdsledky v\u0161ech va\u0161ich obl\u00edben\u00fdch her dostupn\u00fdch p\u0159\u00edmo na na\u0161em webu. Nemus\u00edte se starat o v\u011bc, proto\u017ee to v\u0161echno tam bude. Ale pokud jste si koupili vlastn\u00ed l\u00edstky, bude ve skute\u010dnosti je\u0161t\u011b jednodu\u0161\u0161\u00ed naj\u00edt spr\u00e1vn\u00e9 v\u00fdsledky<\/p><h2 class=\"wp-block-heading\">Kontrola va\u0161ich v\u00fdsledk\u016f<\/h2><p>Pokud va\u0161e tikety obsahuj\u00ed v\u00fdhern\u00ed \u010d\u00edsla rakousk\u00e9ho loterie, budete to hned v\u011bd\u011bt. Je to proto, \u017ee se pr\u00e1v\u011b p\u0159ihl\u00e1s\u00edte do sv\u00e9ho osobn\u00edho \u00fa\u010dtu, pod\u00edvejte se na \u201emoje l\u00edstky\u201c a uvid\u00edte, kter\u00e1 \u010d\u00edsla odpov\u00eddaj\u00ed v\u00fdhern\u00edm \u010d\u00edsl\u016fm z nejnov\u011bj\u0161\u00edch kreseb.<\/p><p>Zde budou k dispozici v\u0161echny tikety, kter\u00e9 si zakoup\u00edte pro jakoukoli hru, a uvid\u00edte, kter\u00e1 \u010d\u00edsla m\u00e1te spole\u010dn\u00e1 s v\u00fdhern\u00edm tiketem a tak\u00e9 to, co jste vyhr\u00e1li. Pokud se jedn\u00e1 o \u010d\u00e1stku vy\u0161\u0161\u00ed ne\u017e 2 500,00 EUR, bude v\u00e1m hned ihned ulo\u017eena na v\u00e1\u0161 \u00fa\u010det.<\/p><h2 class=\"wp-block-heading\">Rakousk\u00fd archiv v\u00fdsledk\u016f loterie<\/h2><p>Jakmile zn\u00e1te aktu\u00e1ln\u00ed v\u00fdhern\u00ed \u010d\u00edsla rakousk\u00e9ho Lotta, mo\u017en\u00e1 budete cht\u00edt zn\u00e1t n\u011bkter\u00e1 ze star\u00fdch. Jedin\u00e9, co mus\u00edte ud\u011blat, je pod\u00edvat se na archiv v\u00fdsledk\u016f a zjistit, kter\u00e1 \u010d\u00edsla vyhr\u00e1la v minulosti a kter\u00e1 maj\u00ed tendenci vyhr\u00e1vat nej\u010dast\u011bji.<\/p>","protected":false},"excerpt":{"rendered":"<p>V\u00fdhern\u00ed \u010d\u00edsla rakousk\u00e9ho loterie Kde najdete v\u00fdhern\u00ed \u010d\u00edsla rakousk\u00e9ho loterie po skon\u010den\u00ed losov\u00e1n\u00ed? Jedin\u00e9, co mus\u00edte ud\u011blat, je p\u0159ihl\u00e1sit se na na\u0161i webovou str\u00e1nku, kde jste zakoupili sv\u00e9 vstupenky, a \u010d\u00edsla zde budou pro v\u00e1s. Kontrola nejnov\u011bj\u0161\u00edch v\u00fdsledk\u016f S RedFoxLotto.com najdete nejnov\u011bj\u0161\u00ed v\u00fdsledky v\u0161ech va\u0161ich obl\u00edben\u00fdch her dostupn\u00fdch p\u0159\u00edmo na na\u0161em webu. Nemus\u00edte se starat [&hellip;]<\/p>\n","protected":false},"author":1,"featured_media":0,"parent":5774,"menu_order":16,"comment_status":"closed","ping_status":"closed","template":"","meta":{"_et_pb_use_builder":"","_et_pb_old_content":"","_et_gb_content_width":"","exclude_from_search":false,"footnotes":""},"class_list":["post-13465","page","type-page","status-publish","hentry"],"yoast_head":"<!-- This site is optimized with the Yoast SEO plugin v23.8 - https:\/\/yoast.com\/wordpress\/plugins\/seo\/ -->\n<title>V\u00fdhern\u00ed \u010d\u00edsla a v\u00fdsledky rakousk\u00e9 loterie<\/title>\n<meta name=\"description\" content=\"T\u00fddenn\u00ed nov\u00e9 a minul\u00e9 rem\u00edzy pro rakouskou loterii\" \/>\n<meta name=\"robots\" content=\"index, follow, max-snippet:-1, max-image-preview:large, max-video-preview:-1\" \/>\n<link rel=\"canonical\" href=\"https:\/\/redfoxlotto.com\/cs\/vysledky\/lotto-at\/\" \/>\n<meta property=\"og:locale\" content=\"cs_CZ\" \/>\n<meta property=\"og:type\" content=\"article\" \/>\n<meta property=\"og:title\" content=\"V\u00fdhern\u00ed \u010d\u00edsla a v\u00fdsledky rakousk\u00e9 loterie\" \/>\n<meta property=\"og:description\" content=\"T\u00fddenn\u00ed nov\u00e9 a minul\u00e9 rem\u00edzy pro rakouskou loterii\" \/>\n<meta property=\"og:url\" content=\"https:\/\/redfoxlotto.com\/cs\/vysledky\/lotto-at\/\" \/>\n<meta property=\"og:site_name\" content=\"Get Tickets for the World\u2019s largest jackpots\" \/>\n<meta property=\"article:modified_time\" content=\"2023-05-15T13:54:55+00:00\" \/>\n<meta name=\"twitter:card\" content=\"summary_large_image\" \/>\n<meta name=\"twitter:label1\" content=\"Odhadovan\u00e1 doba \u010dten\u00ed\" \/>\n\t<meta name=\"twitter:data1\" content=\"1 minuta\" \/>\n<script type=\"application\/ld+json\" class=\"yoast-schema-graph\">{\"@context\":\"https:\/\/schema.org\",\"@graph\":[{\"@type\":\"WebPage\",\"@id\":\"https:\/\/redfoxlotto.com\/cs\/vysledky\/lotto-at\/\",\"url\":\"https:\/\/redfoxlotto.com\/cs\/vysledky\/lotto-at\/\",\"name\":\"V\u00fdhern\u00ed \u010d\u00edsla a v\u00fdsledky rakousk\u00e9 loterie\",\"isPartOf\":{\"@id\":\"https:\/\/redfoxlotto.com\/cs\/#website\"},\"datePublished\":\"2020-08-18T09:14:14+00:00\",\"dateModified\":\"2023-05-15T13:54:55+00:00\",\"description\":\"T\u00fddenn\u00ed nov\u00e9 a minul\u00e9 rem\u00edzy pro rakouskou loterii\",\"breadcrumb\":{\"@id\":\"https:\/\/redfoxlotto.com\/cs\/vysledky\/lotto-at\/#breadcrumb\"},\"inLanguage\":\"cs\",\"potentialAction\":[{\"@type\":\"ReadAction\",\"target\":[\"https:\/\/redfoxlotto.com\/cs\/vysledky\/lotto-at\/\"]}]},{\"@type\":\"BreadcrumbList\",\"@id\":\"https:\/\/redfoxlotto.com\/cs\/vysledky\/lotto-at\/#breadcrumb\",\"itemListElement\":[{\"@type\":\"ListItem\",\"position\":1,\"name\":\"Home\",\"item\":\"https:\/\/redfoxlotto.com\/cs\/\"},{\"@type\":\"ListItem\",\"position\":2,\"name\":\"V\u00fdsledky mezin\u00e1rodn\u00ed loterie\",\"item\":\"https:\/\/redfoxlotto.com\/cs\/vysledky\/\"},{\"@type\":\"ListItem\",\"position\":3,\"name\":\"V\u00fdsledky Lotto Rakousko\"}]},{\"@type\":\"WebSite\",\"@id\":\"https:\/\/redfoxlotto.com\/cs\/#website\",\"url\":\"https:\/\/redfoxlotto.com\/cs\/\",\"name\":\"Get Tickets for the World\u2019s largest jackpots\",\"description\":\"Participate in worldwide lottery jackpots from any country\",\"publisher\":{\"@id\":\"https:\/\/redfoxlotto.com\/cs\/#organization\"},\"potentialAction\":[{\"@type\":\"SearchAction\",\"target\":{\"@type\":\"EntryPoint\",\"urlTemplate\":\"https:\/\/redfoxlotto.com\/cs\/?s={search_term_string}\"},\"query-input\":{\"@type\":\"PropertyValueSpecification\",\"valueRequired\":true,\"valueName\":\"search_term_string\"}}],\"inLanguage\":\"cs\"},{\"@type\":\"Organization\",\"@id\":\"https:\/\/redfoxlotto.com\/cs\/#organization\",\"name\":\"Get Tickets for the World\u2019s largest jackpots\",\"url\":\"https:\/\/redfoxlotto.com\/cs\/\",\"logo\":{\"@type\":\"ImageObject\",\"inLanguage\":\"cs\",\"@id\":\"https:\/\/redfoxlotto.com\/cs\/#\/schema\/logo\/image\/\",\"url\":\"https:\/\/redfoxlotto.com\/wp-content\/uploads\/2023\/04\/logo.png\",\"contentUrl\":\"https:\/\/redfoxlotto.com\/wp-content\/uploads\/2023\/04\/logo.png\",\"width\":269,\"height\":53,\"caption\":\"Get Tickets for the World\u2019s largest jackpots\"},\"image\":{\"@id\":\"https:\/\/redfoxlotto.com\/cs\/#\/schema\/logo\/image\/\"}}]}<\/script>\n<!-- \/ Yoast SEO plugin. -->","yoast_head_json":{"title":"V\u00fdhern\u00ed \u010d\u00edsla a v\u00fdsledky rakousk\u00e9 loterie","description":"T\u00fddenn\u00ed nov\u00e9 a minul\u00e9 rem\u00edzy pro rakouskou loterii","robots":{"index":"index","follow":"follow","max-snippet":"max-snippet:-1","max-image-preview":"max-image-preview:large","max-video-preview":"max-video-preview:-1"},"canonical":"https:\/\/redfoxlotto.com\/cs\/vysledky\/lotto-at\/","og_locale":"cs_CZ","og_type":"article","og_title":"V\u00fdhern\u00ed \u010d\u00edsla a v\u00fdsledky rakousk\u00e9 loterie","og_description":"T\u00fddenn\u00ed nov\u00e9 a minul\u00e9 rem\u00edzy pro rakouskou loterii","og_url":"https:\/\/redfoxlotto.com\/cs\/vysledky\/lotto-at\/","og_site_name":"Get Tickets for the World\u2019s largest jackpots","article_modified_time":"2023-05-15T13:54:55+00:00","twitter_card":"summary_large_image","twitter_misc":{"Odhadovan\u00e1 doba \u010dten\u00ed":"1 minuta"},"schema":{"@context":"https:\/\/schema.org","@graph":[{"@type":"WebPage","@id":"https:\/\/redfoxlotto.com\/cs\/vysledky\/lotto-at\/","url":"https:\/\/redfoxlotto.com\/cs\/vysledky\/lotto-at\/","name":"V\u00fdhern\u00ed \u010d\u00edsla a v\u00fdsledky rakousk\u00e9 loterie","isPartOf":{"@id":"https:\/\/redfoxlotto.com\/cs\/#website"},"datePublished":"2020-08-18T09:14:14+00:00","dateModified":"2023-05-15T13:54:55+00:00","description":"T\u00fddenn\u00ed nov\u00e9 a minul\u00e9 rem\u00edzy pro rakouskou loterii","breadcrumb":{"@id":"https:\/\/redfoxlotto.com\/cs\/vysledky\/lotto-at\/#breadcrumb"},"inLanguage":"cs","potentialAction":[{"@type":"ReadAction","target":["https:\/\/redfoxlotto.com\/cs\/vysledky\/lotto-at\/"]}]},{"@type":"BreadcrumbList","@id":"https:\/\/redfoxlotto.com\/cs\/vysledky\/lotto-at\/#breadcrumb","itemListElement":[{"@type":"ListItem","position":1,"name":"Home","item":"https:\/\/redfoxlotto.com\/cs\/"},{"@type":"ListItem","position":2,"name":"V\u00fdsledky mezin\u00e1rodn\u00ed loterie","item":"https:\/\/redfoxlotto.com\/cs\/vysledky\/"},{"@type":"ListItem","position":3,"name":"V\u00fdsledky Lotto Rakousko"}]},{"@type":"WebSite","@id":"https:\/\/redfoxlotto.com\/cs\/#website","url":"https:\/\/redfoxlotto.com\/cs\/","name":"Get Tickets for the World\u2019s largest jackpots","description":"Participate in worldwide lottery jackpots from any country","publisher":{"@id":"https:\/\/redfoxlotto.com\/cs\/#organization"},"potentialAction":[{"@type":"SearchAction","target":{"@type":"EntryPoint","urlTemplate":"https:\/\/redfoxlotto.com\/cs\/?s={search_term_string}"},"query-input":{"@type":"PropertyValueSpecification","valueRequired":true,"valueName":"search_term_string"}}],"inLanguage":"cs"},{"@type":"Organization","@id":"https:\/\/redfoxlotto.com\/cs\/#organization","name":"Get Tickets for the World\u2019s largest jackpots","url":"https:\/\/redfoxlotto.com\/cs\/","logo":{"@type":"ImageObject","inLanguage":"cs","@id":"https:\/\/redfoxlotto.com\/cs\/#\/schema\/logo\/image\/","url":"https:\/\/redfoxlotto.com\/wp-content\/uploads\/2023\/04\/logo.png","contentUrl":"https:\/\/redfoxlotto.com\/wp-content\/uploads\/2023\/04\/logo.png","width":269,"height":53,"caption":"Get Tickets for the World\u2019s largest jackpots"},"image":{"@id":"https:\/\/redfoxlotto.com\/cs\/#\/schema\/logo\/image\/"}}]}},"_links":{"self":[{"href":"https:\/\/redfoxlotto.com\/cs\/wp-json\/wp\/v2\/pages\/13465","targetHints":{"allow":["GET"]}}],"collection":[{"href":"https:\/\/redfoxlotto.com\/cs\/wp-json\/wp\/v2\/pages"}],"about":[{"href":"https:\/\/redfoxlotto.com\/cs\/wp-json\/wp\/v2\/types\/page"}],"author":[{"embeddable":true,"href":"https:\/\/redfoxlotto.com\/cs\/wp-json\/wp\/v2\/users\/1"}],"replies":[{"embeddable":true,"href":"https:\/\/redfoxlotto.com\/cs\/wp-json\/wp\/v2\/comments?post=13465"}],"version-history":[{"count":0,"href":"https:\/\/redfoxlotto.com\/cs\/wp-json\/wp\/v2\/pages\/13465\/revisions"}],"up":[{"embeddable":true,"href":"https:\/\/redfoxlotto.com\/cs\/wp-json\/wp\/v2\/pages\/5774"}],"wp:attachment":[{"href":"https:\/\/redfoxlotto.com\/cs\/wp-json\/wp\/v2\/media?parent=13465"}],"curies":[{"name":"wp","href":"https:\/\/api.w.org\/{rel}","templated":true}]}}