{"id":13429,"date":"2020-08-18T09:11:18","date_gmt":"2020-08-18T09:11:18","guid":{"rendered":"https:\/\/redfoxlotto.com\/?page_id=13429"},"modified":"2023-05-15T13:54:53","modified_gmt":"2023-05-15T13:54:53","slug":"lotto-america","status":"publish","type":"page","link":"https:\/\/redfoxlotto.com\/cs\/vysledky\/lotto-america\/","title":{"rendered":"V\u00fdsledky Lotto America"},"content":{"rendered":"<h2 class=\"wp-block-heading\">Zkontrolujte v\u00fdsledky a zjist\u011bte, zda jste vyhr\u00e1li Lotto America?<\/h2><p><img loading=\"lazy\" decoding=\"async\" class=\" wp-image alignright\" src=\"https:\/\/content.redfoxlotto.com\/uploads\/sites\/9\/1_draw_results_lotto.jpg\" alt=\"nakreslit v\u00fdsledky loto amerika\" width=\"251\" height=\"177\" \/><\/p><p>Jakmile si vyberete sv\u00e1 \u010d\u00edsla a koup\u00edte si l\u00edstek, jak budete v\u011bd\u011bt, zda jste skute\u010dn\u011b vyhr\u00e1li? Je to docela jednoduch\u00e9. V\u0161e, co mus\u00edte ud\u011blat, je vyzkou\u0161et RedFoxLotto. Pokud jste si nekoupili l\u00edstky, budete st\u00e1le vid\u011bt v\u00fdhern\u00ed \u010d\u00edsla pro v\u0161echny nejnov\u011bj\u0161\u00ed hry, co\u017e znamen\u00e1, \u017ee m\u016f\u017eete zjistit, kde jsou kurzy pro v\u00e1s nejlep\u0161\u00ed. Pokud jste hr\u00e1li, m\u016f\u017eete se p\u0159\u00edmo p\u0159ihl\u00e1sit ke sv\u00e9mu \u00fa\u010dtu, abyste vid\u011bli v\u00fdhern\u00ed \u010d\u00edsla a srovn\u00e1n\u00ed va\u0161ich vstupenek. Uvid\u00edte v\u0161echna odpov\u00eddaj\u00edc\u00ed \u010d\u00edsla, kter\u00e1 m\u016f\u017eete m\u00edt, abyste vid\u011bli, na jak\u00e9 v\u00fdhry m\u00e1te n\u00e1rok. Ne, \u017ee se o to mus\u00edte starat, proto\u017ee RedFoxLotto se o tuto \u010d\u00e1st star\u00e1 tak\u00e9 v\u00e1s.<\/p><h2 class=\"wp-block-heading\">V\u00edt\u011bzstv\u00ed v Lotto America<\/h2><p>Pokud vyhrajete Lotto America nebo jakoukoli jinou online loterijn\u00ed hru, postar\u00e1 se o v\u00e1s. Jakmile budou v\u00fdsledky doru\u010deny, mal\u00e9 ceny budou vyplaceny okam\u017eit\u011b. Pro z\u00edsk\u00e1n\u00ed t\u011bchto cen nemus\u00edte d\u011blat nic. A budou p\u0159id\u00e1ny p\u0159\u00edmo na v\u00e1\u0161 \u00fa\u010det, abyste si mohli vybrat pen\u00edze nebo si koupit dal\u0161\u00ed l\u00edstek.<\/p><p>Pokud vyhrajete v\u011bt\u0161\u00ed ceny, budou existovat po\u017eadavky v z\u00e1vislosti na loterii, kterou hrajete. Pokud je to v\u00e1\u0161 p\u0159\u00edpad, v\u0161e je pro v\u00e1s co nejv\u00edce zjednodu\u0161eno, abyste se ujistili, \u017ee m\u016f\u017eete sv\u00e9 v\u00fdhry z\u00edskat s men\u0161\u00edmi probl\u00e9my. Postar\u00e1me se o cel\u00fd proces. T\u00edmto zp\u016fsobem m\u016f\u017eete z\u00edskat sv\u00e9 pen\u00edze co nejrychleji.<\/p><p>Pro jackpotov\u00e9 ceny budete muset vyplnit pap\u00edrov\u00e1n\u00ed nebo poslat n\u011bjakou formu ov\u011b\u0159en\u00ed. V takov\u00e9m p\u0159\u00edpad\u011b v\u00e1m RedFoxLotto umo\u017en\u00ed co nejsnadn\u011bj\u0161\u00ed v\u011bd\u011bt, co d\u011blat. A to funguje pro jakoukoli loterijn\u00ed hru, kterou byste mohli vyhr\u00e1t z Lotto America na kteroukoli z ostatn\u00edch dostupn\u00fdch na webov\u00fdch str\u00e1nk\u00e1ch.<\/p><h2 class=\"wp-block-heading\">Znovu hr\u00e1t<\/h2><p><img decoding=\"async\" class=\"size-full wp-image alignright\" src=\"https:\/\/content.redfoxlotto.com\/uploads\/sites\/9\/1_winner_lottery1.jpg\" alt=\"v\u00edt\u011bz loterie amerika\"><\/p><p>A\u017e budete p\u0159ipraveni, m\u016f\u017eete si vz\u00edt v\u00fdhru (nebo vlo\u017eit v\u00edce pen\u011bz) a za\u010d\u00edt kupovat vstupenky na dal\u0161\u00ed kolo her, kter\u00e9 chcete hr\u00e1t. Mo\u017en\u00e1 v\u00e1s dokonce p\u0159ekvap\u00ed, kolik r\u016fzn\u00fdch her existuje a kolik byste mohli potenci\u00e1ln\u011b vyhr\u00e1t. Nebudete v\u0161ak p\u0159ekvapeni, jak z\u00e1bavn\u00e9 je pro v\u00e1s hr\u00e1t v\u0161echny tyto r\u016fzn\u00e9 hry pro sebe.<\/p>","protected":false},"excerpt":{"rendered":"<p>Zkontrolujte v\u00fdsledky a zjist\u011bte, zda jste vyhr\u00e1li Lotto America? Jakmile si vyberete sv\u00e1 \u010d\u00edsla a koup\u00edte si l\u00edstek, jak budete v\u011bd\u011bt, zda jste skute\u010dn\u011b vyhr\u00e1li? Je to docela jednoduch\u00e9. V\u0161e, co mus\u00edte ud\u011blat, je vyzkou\u0161et RedFoxLotto. Pokud jste si nekoupili l\u00edstky, budete st\u00e1le vid\u011bt v\u00fdhern\u00ed \u010d\u00edsla pro v\u0161echny nejnov\u011bj\u0161\u00ed hry, co\u017e znamen\u00e1, \u017ee m\u016f\u017eete zjistit, [&hellip;]<\/p>\n","protected":false},"author":1,"featured_media":0,"parent":5774,"menu_order":12,"comment_status":"closed","ping_status":"closed","template":"lotto-america-results.php","meta":{"_et_pb_use_builder":"","_et_pb_old_content":"","_et_gb_content_width":"","exclude_from_search":false,"footnotes":""},"class_list":["post-13429","page","type-page","status-publish","hentry"],"yoast_head":"<!-- This site is optimized with the Yoast SEO plugin v23.8 - https:\/\/yoast.com\/wordpress\/plugins\/seo\/ -->\n<title>Lotto America kresl\u00ed v\u00fdsledky, vyhr\u00e1v\u00e1 \u010d\u00edsla<\/title>\n<meta name=\"description\" content=\"Tento t\u00fdden vyhr\u00e1v\u00e1 \u010d\u00edsla Lotto America a archiv v\u00fdsledk\u016f\" \/>\n<meta name=\"robots\" content=\"index, follow, max-snippet:-1, max-image-preview:large, max-video-preview:-1\" \/>\n<link rel=\"canonical\" href=\"https:\/\/redfoxlotto.com\/cs\/vysledky\/lotto-america\/\" \/>\n<meta property=\"og:locale\" content=\"cs_CZ\" \/>\n<meta property=\"og:type\" content=\"article\" \/>\n<meta property=\"og:title\" content=\"Lotto America kresl\u00ed v\u00fdsledky, vyhr\u00e1v\u00e1 \u010d\u00edsla\" \/>\n<meta property=\"og:description\" content=\"Tento t\u00fdden vyhr\u00e1v\u00e1 \u010d\u00edsla Lotto America a archiv v\u00fdsledk\u016f\" \/>\n<meta property=\"og:url\" content=\"https:\/\/redfoxlotto.com\/cs\/vysledky\/lotto-america\/\" \/>\n<meta property=\"og:site_name\" content=\"Get Tickets for the World\u2019s largest jackpots\" \/>\n<meta property=\"article:modified_time\" content=\"2023-05-15T13:54:53+00:00\" \/>\n<meta property=\"og:image\" content=\"https:\/\/content.redfoxlotto.com\/uploads\/sites\/9\/1_draw_results_lotto.jpg\" \/>\n<meta name=\"twitter:card\" content=\"summary_large_image\" \/>\n<meta name=\"twitter:label1\" content=\"Odhadovan\u00e1 doba \u010dten\u00ed\" \/>\n\t<meta name=\"twitter:data1\" content=\"2 minuty\" \/>\n<script type=\"application\/ld+json\" class=\"yoast-schema-graph\">{\"@context\":\"https:\/\/schema.org\",\"@graph\":[{\"@type\":\"WebPage\",\"@id\":\"https:\/\/redfoxlotto.com\/cs\/vysledky\/lotto-america\/\",\"url\":\"https:\/\/redfoxlotto.com\/cs\/vysledky\/lotto-america\/\",\"name\":\"Lotto America kresl\u00ed v\u00fdsledky, vyhr\u00e1v\u00e1 \u010d\u00edsla\",\"isPartOf\":{\"@id\":\"https:\/\/redfoxlotto.com\/cs\/#website\"},\"primaryImageOfPage\":{\"@id\":\"https:\/\/redfoxlotto.com\/cs\/vysledky\/lotto-america\/#primaryimage\"},\"image\":{\"@id\":\"https:\/\/redfoxlotto.com\/cs\/vysledky\/lotto-america\/#primaryimage\"},\"thumbnailUrl\":\"https:\/\/content.redfoxlotto.com\/uploads\/sites\/9\/1_draw_results_lotto.jpg\",\"datePublished\":\"2020-08-18T09:11:18+00:00\",\"dateModified\":\"2023-05-15T13:54:53+00:00\",\"description\":\"Tento t\u00fdden vyhr\u00e1v\u00e1 \u010d\u00edsla Lotto America a archiv v\u00fdsledk\u016f\",\"breadcrumb\":{\"@id\":\"https:\/\/redfoxlotto.com\/cs\/vysledky\/lotto-america\/#breadcrumb\"},\"inLanguage\":\"cs\",\"potentialAction\":[{\"@type\":\"ReadAction\",\"target\":[\"https:\/\/redfoxlotto.com\/cs\/vysledky\/lotto-america\/\"]}]},{\"@type\":\"ImageObject\",\"inLanguage\":\"cs\",\"@id\":\"https:\/\/redfoxlotto.com\/cs\/vysledky\/lotto-america\/#primaryimage\",\"url\":\"https:\/\/content.redfoxlotto.com\/uploads\/sites\/9\/1_draw_results_lotto.jpg\",\"contentUrl\":\"https:\/\/content.redfoxlotto.com\/uploads\/sites\/9\/1_draw_results_lotto.jpg\"},{\"@type\":\"BreadcrumbList\",\"@id\":\"https:\/\/redfoxlotto.com\/cs\/vysledky\/lotto-america\/#breadcrumb\",\"itemListElement\":[{\"@type\":\"ListItem\",\"position\":1,\"name\":\"Home\",\"item\":\"https:\/\/redfoxlotto.com\/cs\/\"},{\"@type\":\"ListItem\",\"position\":2,\"name\":\"V\u00fdsledky mezin\u00e1rodn\u00ed loterie\",\"item\":\"https:\/\/redfoxlotto.com\/cs\/vysledky\/\"},{\"@type\":\"ListItem\",\"position\":3,\"name\":\"V\u00fdsledky Lotto America\"}]},{\"@type\":\"WebSite\",\"@id\":\"https:\/\/redfoxlotto.com\/cs\/#website\",\"url\":\"https:\/\/redfoxlotto.com\/cs\/\",\"name\":\"Get Tickets for the World\u2019s largest jackpots\",\"description\":\"Participate in worldwide lottery jackpots from any country\",\"publisher\":{\"@id\":\"https:\/\/redfoxlotto.com\/cs\/#organization\"},\"potentialAction\":[{\"@type\":\"SearchAction\",\"target\":{\"@type\":\"EntryPoint\",\"urlTemplate\":\"https:\/\/redfoxlotto.com\/cs\/?s={search_term_string}\"},\"query-input\":{\"@type\":\"PropertyValueSpecification\",\"valueRequired\":true,\"valueName\":\"search_term_string\"}}],\"inLanguage\":\"cs\"},{\"@type\":\"Organization\",\"@id\":\"https:\/\/redfoxlotto.com\/cs\/#organization\",\"name\":\"Get Tickets for the World\u2019s largest jackpots\",\"url\":\"https:\/\/redfoxlotto.com\/cs\/\",\"logo\":{\"@type\":\"ImageObject\",\"inLanguage\":\"cs\",\"@id\":\"https:\/\/redfoxlotto.com\/cs\/#\/schema\/logo\/image\/\",\"url\":\"https:\/\/redfoxlotto.com\/wp-content\/uploads\/2023\/04\/logo.png\",\"contentUrl\":\"https:\/\/redfoxlotto.com\/wp-content\/uploads\/2023\/04\/logo.png\",\"width\":269,\"height\":53,\"caption\":\"Get Tickets for the World\u2019s largest jackpots\"},\"image\":{\"@id\":\"https:\/\/redfoxlotto.com\/cs\/#\/schema\/logo\/image\/\"}}]}<\/script>\n<!-- \/ Yoast SEO plugin. -->","yoast_head_json":{"title":"Lotto America kresl\u00ed v\u00fdsledky, vyhr\u00e1v\u00e1 \u010d\u00edsla","description":"Tento t\u00fdden vyhr\u00e1v\u00e1 \u010d\u00edsla Lotto America a archiv v\u00fdsledk\u016f","robots":{"index":"index","follow":"follow","max-snippet":"max-snippet:-1","max-image-preview":"max-image-preview:large","max-video-preview":"max-video-preview:-1"},"canonical":"https:\/\/redfoxlotto.com\/cs\/vysledky\/lotto-america\/","og_locale":"cs_CZ","og_type":"article","og_title":"Lotto America kresl\u00ed v\u00fdsledky, vyhr\u00e1v\u00e1 \u010d\u00edsla","og_description":"Tento t\u00fdden vyhr\u00e1v\u00e1 \u010d\u00edsla Lotto America a archiv v\u00fdsledk\u016f","og_url":"https:\/\/redfoxlotto.com\/cs\/vysledky\/lotto-america\/","og_site_name":"Get Tickets for the World\u2019s largest jackpots","article_modified_time":"2023-05-15T13:54:53+00:00","og_image":[{"url":"https:\/\/content.redfoxlotto.com\/uploads\/sites\/9\/1_draw_results_lotto.jpg"}],"twitter_card":"summary_large_image","twitter_misc":{"Odhadovan\u00e1 doba \u010dten\u00ed":"2 minuty"},"schema":{"@context":"https:\/\/schema.org","@graph":[{"@type":"WebPage","@id":"https:\/\/redfoxlotto.com\/cs\/vysledky\/lotto-america\/","url":"https:\/\/redfoxlotto.com\/cs\/vysledky\/lotto-america\/","name":"Lotto America kresl\u00ed v\u00fdsledky, vyhr\u00e1v\u00e1 \u010d\u00edsla","isPartOf":{"@id":"https:\/\/redfoxlotto.com\/cs\/#website"},"primaryImageOfPage":{"@id":"https:\/\/redfoxlotto.com\/cs\/vysledky\/lotto-america\/#primaryimage"},"image":{"@id":"https:\/\/redfoxlotto.com\/cs\/vysledky\/lotto-america\/#primaryimage"},"thumbnailUrl":"https:\/\/content.redfoxlotto.com\/uploads\/sites\/9\/1_draw_results_lotto.jpg","datePublished":"2020-08-18T09:11:18+00:00","dateModified":"2023-05-15T13:54:53+00:00","description":"Tento t\u00fdden vyhr\u00e1v\u00e1 \u010d\u00edsla Lotto America a archiv v\u00fdsledk\u016f","breadcrumb":{"@id":"https:\/\/redfoxlotto.com\/cs\/vysledky\/lotto-america\/#breadcrumb"},"inLanguage":"cs","potentialAction":[{"@type":"ReadAction","target":["https:\/\/redfoxlotto.com\/cs\/vysledky\/lotto-america\/"]}]},{"@type":"ImageObject","inLanguage":"cs","@id":"https:\/\/redfoxlotto.com\/cs\/vysledky\/lotto-america\/#primaryimage","url":"https:\/\/content.redfoxlotto.com\/uploads\/sites\/9\/1_draw_results_lotto.jpg","contentUrl":"https:\/\/content.redfoxlotto.com\/uploads\/sites\/9\/1_draw_results_lotto.jpg"},{"@type":"BreadcrumbList","@id":"https:\/\/redfoxlotto.com\/cs\/vysledky\/lotto-america\/#breadcrumb","itemListElement":[{"@type":"ListItem","position":1,"name":"Home","item":"https:\/\/redfoxlotto.com\/cs\/"},{"@type":"ListItem","position":2,"name":"V\u00fdsledky mezin\u00e1rodn\u00ed loterie","item":"https:\/\/redfoxlotto.com\/cs\/vysledky\/"},{"@type":"ListItem","position":3,"name":"V\u00fdsledky Lotto America"}]},{"@type":"WebSite","@id":"https:\/\/redfoxlotto.com\/cs\/#website","url":"https:\/\/redfoxlotto.com\/cs\/","name":"Get Tickets for the World\u2019s largest jackpots","description":"Participate in worldwide lottery jackpots from any country","publisher":{"@id":"https:\/\/redfoxlotto.com\/cs\/#organization"},"potentialAction":[{"@type":"SearchAction","target":{"@type":"EntryPoint","urlTemplate":"https:\/\/redfoxlotto.com\/cs\/?s={search_term_string}"},"query-input":{"@type":"PropertyValueSpecification","valueRequired":true,"valueName":"search_term_string"}}],"inLanguage":"cs"},{"@type":"Organization","@id":"https:\/\/redfoxlotto.com\/cs\/#organization","name":"Get Tickets for the World\u2019s largest jackpots","url":"https:\/\/redfoxlotto.com\/cs\/","logo":{"@type":"ImageObject","inLanguage":"cs","@id":"https:\/\/redfoxlotto.com\/cs\/#\/schema\/logo\/image\/","url":"https:\/\/redfoxlotto.com\/wp-content\/uploads\/2023\/04\/logo.png","contentUrl":"https:\/\/redfoxlotto.com\/wp-content\/uploads\/2023\/04\/logo.png","width":269,"height":53,"caption":"Get Tickets for the World\u2019s largest jackpots"},"image":{"@id":"https:\/\/redfoxlotto.com\/cs\/#\/schema\/logo\/image\/"}}]}},"_links":{"self":[{"href":"https:\/\/redfoxlotto.com\/cs\/wp-json\/wp\/v2\/pages\/13429","targetHints":{"allow":["GET"]}}],"collection":[{"href":"https:\/\/redfoxlotto.com\/cs\/wp-json\/wp\/v2\/pages"}],"about":[{"href":"https:\/\/redfoxlotto.com\/cs\/wp-json\/wp\/v2\/types\/page"}],"author":[{"embeddable":true,"href":"https:\/\/redfoxlotto.com\/cs\/wp-json\/wp\/v2\/users\/1"}],"replies":[{"embeddable":true,"href":"https:\/\/redfoxlotto.com\/cs\/wp-json\/wp\/v2\/comments?post=13429"}],"version-history":[{"count":0,"href":"https:\/\/redfoxlotto.com\/cs\/wp-json\/wp\/v2\/pages\/13429\/revisions"}],"up":[{"embeddable":true,"href":"https:\/\/redfoxlotto.com\/cs\/wp-json\/wp\/v2\/pages\/5774"}],"wp:attachment":[{"href":"https:\/\/redfoxlotto.com\/cs\/wp-json\/wp\/v2\/media?parent=13429"}],"curies":[{"name":"wp","href":"https:\/\/api.w.org\/{rel}","templated":true}]}}