{"id":13366,"date":"2020-08-18T09:23:56","date_gmt":"2020-08-18T09:23:56","guid":{"rendered":"https:\/\/redfoxlotto.com\/?page_id=13366"},"modified":"2023-05-15T13:54:33","modified_gmt":"2023-05-15T13:54:33","slug":"lotto-6aus49","status":"publish","type":"page","link":"https:\/\/redfoxlotto.com\/cs\/vysledky\/lotto-6aus49\/","title":{"rendered":"V\u00fdsledky n\u011bmeck\u00e9 Lotto"},"content":{"rendered":"<h2 class=\"wp-block-heading\">N\u011bmeck\u00e1 loterie 6aus49 v\u00fdhern\u00ed \u010d\u00edsla<\/h2><p><img loading=\"lazy\" decoding=\"async\" class=\" wp-image alignright\" src=\"https:\/\/content.redfoxlotto.com\/uploads\/sites\/9\/1_draw_results_lotto2.jpg\" alt=\"v\u00fdsledky loterie n\u011bmecko\" width=\"286\" height=\"136\" \/><\/p><p>Pokud jste hr\u00e1li n\u011bmeck\u00e9 Lotto, chcete v\u011bd\u011bt, zda jste n\u011bco vyhr\u00e1li, a to znamen\u00e1, \u017ee mus\u00edte zn\u00e1t v\u00fdhern\u00ed \u010d\u00edsla. Nebo pokud chcete hr\u00e1t n\u011bkter\u00e1 z \u010d\u00edsel, kter\u00e1 ned\u00e1vno vyhr\u00e1la nebo nej\u010dast\u011bji pot\u0159ebujete v\u011bd\u011bt, o jak\u00e1 \u010d\u00edsla se jedn\u00e1, ale jak zkontrolujete v\u00fdhern\u00ed \u010d\u00edsla v n\u011bmeck\u00e9m Lotto 6aus49?<\/p><h2 class=\"wp-block-heading\">Kontrola nejnov\u011bj\u0161\u00edch v\u00fdsledk\u016f<\/h2><p>Nejnov\u011bj\u0161\u00ed v\u00fdsledky t\u00e9to loterijn\u00ed hry m\u016f\u017eete zkontrolovat p\u0159\u00edmo online a m\u016f\u017eete to ud\u011blat tak\u00e9 z RedFoxLotto.com. Mus\u00edte jen nav\u0161t\u00edvit webovou str\u00e1nku a uvid\u00edte v\u00fdhern\u00ed \u010d\u00edsla v\u0161ech va\u0161ich obl\u00edben\u00fdch her.<\/p><p>Pokud jste tuto hru (nebo jakoukoli jinou) skute\u010dn\u011b hr\u00e1li, m\u016f\u017eete se p\u0159ihl\u00e1sit ke sv\u00e9mu \u00fa\u010dtu a zkontrolovat zde v\u00fdhern\u00ed \u010d\u00edsla, a podle toho zjist\u00edte, zda jste n\u011bco vyhr\u00e1li.<\/p><h2 class=\"wp-block-heading\">Vyhr\u00e1li jste<\/h2><p><img loading=\"lazy\" decoding=\"async\" class=\" wp-image alignright\" src=\"https:\/\/content.redfoxlotto.com\/uploads\/sites\/9\/1_win_lottery_prizes.jpg\" alt=\"vyhr\u00e1t loterii\" width=\"234\" height=\"156\" \/><\/p><p>Pokud jste hr\u00e1li n\u011bkterou z loterijn\u00edch her na na\u0161em webu a vyhr\u00e1li jste, okam\u017eit\u011b to zjist\u00edte, proto\u017ee se m\u016f\u017eete p\u0159ihl\u00e1sit ke sv\u00e9mu \u00fa\u010dtu a zobrazit v\u00fdhern\u00ed \u010d\u00edsla ve srovn\u00e1n\u00ed s va\u0161imi vlastn\u00edmi. V\u0161echna odpov\u00eddaj\u00edc\u00ed \u010d\u00edsla budou zv\u00fdrazn\u011bna, abyste je mohli vid\u011bt. A va\u0161e v\u00fdhry budou automaticky p\u0159ips\u00e1ny tak\u00e9 na v\u00e1\u0161 \u00fa\u010det.<\/p><h2 class=\"wp-block-heading\">Kontrola star\u00fdch \u010d\u00edsel<\/h2><p>Pokud chcete zn\u00e1t n\u011bkter\u00e1 z n\u011bmeck\u00fdch v\u00fdhern\u00edch \u010d\u00edsel Lotto 6aus49 d\u0159\u00edve, ne\u017e si m\u016f\u017eete prohl\u00e9dnout archiv v\u00fdsledk\u016f. Najdete star\u00e1 \u010d\u00edsla, kter\u00e1 m\u016f\u017eete pou\u017e\u00edt pro cokoli chcete.<\/p>","protected":false},"excerpt":{"rendered":"<p>N\u011bmeck\u00e1 loterie 6aus49 v\u00fdhern\u00ed \u010d\u00edsla Pokud jste hr\u00e1li n\u011bmeck\u00e9 Lotto, chcete v\u011bd\u011bt, zda jste n\u011bco vyhr\u00e1li, a to znamen\u00e1, \u017ee mus\u00edte zn\u00e1t v\u00fdhern\u00ed \u010d\u00edsla. Nebo pokud chcete hr\u00e1t n\u011bkter\u00e1 z \u010d\u00edsel, kter\u00e1 ned\u00e1vno vyhr\u00e1la nebo nej\u010dast\u011bji pot\u0159ebujete v\u011bd\u011bt, o jak\u00e1 \u010d\u00edsla se jedn\u00e1, ale jak zkontrolujete v\u00fdhern\u00ed \u010d\u00edsla v n\u011bmeck\u00e9m Lotto 6aus49? Kontrola nejnov\u011bj\u0161\u00edch v\u00fdsledk\u016f [&hellip;]<\/p>\n","protected":false},"author":1,"featured_media":0,"parent":5774,"menu_order":15,"comment_status":"closed","ping_status":"closed","template":"lotto-german-results.php","meta":{"_et_pb_use_builder":"","_et_pb_old_content":"","_et_gb_content_width":"","exclude_from_search":false,"footnotes":""},"class_list":["post-13366","page","type-page","status-publish","hentry"],"yoast_head":"<!-- This site is optimized with the Yoast SEO plugin v27.4 - https:\/\/yoast.com\/product\/yoast-seo-wordpress\/ -->\n<title>N\u011bmeck\u00e9 loterijn\u00ed losov\u00e1n\u00ed v\u00fdsledk\u016f a kombinace v\u00fdhern\u00edch \u010d\u00edsel plus archiv<\/title>\n<meta name=\"description\" content=\"Vybrali jste v\u00fdhern\u00ed \u010d\u00edsla pro n\u011bmeck\u00e9 Lotto? Zkontrolujte v\u00fdsledky losov\u00e1n\u00ed na na\u0161em webu\" \/>\n<meta name=\"robots\" content=\"index, follow, max-snippet:-1, max-image-preview:large, max-video-preview:-1\" \/>\n<link rel=\"canonical\" href=\"https:\/\/redfoxlotto.com\/cs\/vysledky\/lotto-6aus49\/\" \/>\n<meta property=\"og:locale\" content=\"cs_CZ\" \/>\n<meta property=\"og:type\" content=\"article\" \/>\n<meta property=\"og:title\" content=\"N\u011bmeck\u00e9 loterijn\u00ed losov\u00e1n\u00ed v\u00fdsledk\u016f a kombinace v\u00fdhern\u00edch \u010d\u00edsel plus archiv\" \/>\n<meta property=\"og:description\" content=\"Vybrali jste v\u00fdhern\u00ed \u010d\u00edsla pro n\u011bmeck\u00e9 Lotto? Zkontrolujte v\u00fdsledky losov\u00e1n\u00ed na na\u0161em webu\" \/>\n<meta property=\"og:url\" content=\"https:\/\/redfoxlotto.com\/cs\/vysledky\/lotto-6aus49\/\" \/>\n<meta property=\"og:site_name\" content=\"Get Tickets for the World\u2019s largest jackpots\" \/>\n<meta property=\"article:modified_time\" content=\"2023-05-15T13:54:33+00:00\" \/>\n<meta property=\"og:image\" content=\"https:\/\/content.redfoxlotto.com\/uploads\/sites\/9\/1_draw_results_lotto2.jpg\" \/>\n<meta name=\"twitter:card\" content=\"summary_large_image\" \/>\n<meta name=\"twitter:label1\" content=\"Odhadovan\u00e1 doba \u010dten\u00ed\" \/>\n\t<meta name=\"twitter:data1\" content=\"2 minuty\" \/>\n<script type=\"application\/ld+json\" class=\"yoast-schema-graph\">{\"@context\":\"https:\\\/\\\/schema.org\",\"@graph\":[{\"@type\":\"WebPage\",\"@id\":\"https:\\\/\\\/redfoxlotto.com\\\/cs\\\/vysledky\\\/lotto-6aus49\\\/\",\"url\":\"https:\\\/\\\/redfoxlotto.com\\\/cs\\\/vysledky\\\/lotto-6aus49\\\/\",\"name\":\"N\u011bmeck\u00e9 loterijn\u00ed losov\u00e1n\u00ed v\u00fdsledk\u016f a kombinace v\u00fdhern\u00edch \u010d\u00edsel plus archiv\",\"isPartOf\":{\"@id\":\"https:\\\/\\\/redfoxlotto.com\\\/cs\\\/#website\"},\"primaryImageOfPage\":{\"@id\":\"https:\\\/\\\/redfoxlotto.com\\\/cs\\\/vysledky\\\/lotto-6aus49\\\/#primaryimage\"},\"image\":{\"@id\":\"https:\\\/\\\/redfoxlotto.com\\\/cs\\\/vysledky\\\/lotto-6aus49\\\/#primaryimage\"},\"thumbnailUrl\":\"https:\\\/\\\/content.redfoxlotto.com\\\/uploads\\\/sites\\\/9\\\/1_draw_results_lotto2.jpg\",\"datePublished\":\"2020-08-18T09:23:56+00:00\",\"dateModified\":\"2023-05-15T13:54:33+00:00\",\"description\":\"Vybrali jste v\u00fdhern\u00ed \u010d\u00edsla pro n\u011bmeck\u00e9 Lotto? Zkontrolujte v\u00fdsledky losov\u00e1n\u00ed na na\u0161em webu\",\"breadcrumb\":{\"@id\":\"https:\\\/\\\/redfoxlotto.com\\\/cs\\\/vysledky\\\/lotto-6aus49\\\/#breadcrumb\"},\"inLanguage\":\"cs\",\"potentialAction\":[{\"@type\":\"ReadAction\",\"target\":[\"https:\\\/\\\/redfoxlotto.com\\\/cs\\\/vysledky\\\/lotto-6aus49\\\/\"]}]},{\"@type\":\"ImageObject\",\"inLanguage\":\"cs\",\"@id\":\"https:\\\/\\\/redfoxlotto.com\\\/cs\\\/vysledky\\\/lotto-6aus49\\\/#primaryimage\",\"url\":\"https:\\\/\\\/content.redfoxlotto.com\\\/uploads\\\/sites\\\/9\\\/1_draw_results_lotto2.jpg\",\"contentUrl\":\"https:\\\/\\\/content.redfoxlotto.com\\\/uploads\\\/sites\\\/9\\\/1_draw_results_lotto2.jpg\"},{\"@type\":\"BreadcrumbList\",\"@id\":\"https:\\\/\\\/redfoxlotto.com\\\/cs\\\/vysledky\\\/lotto-6aus49\\\/#breadcrumb\",\"itemListElement\":[{\"@type\":\"ListItem\",\"position\":1,\"name\":\"Home\",\"item\":\"https:\\\/\\\/redfoxlotto.com\\\/cs\\\/\"},{\"@type\":\"ListItem\",\"position\":2,\"name\":\"V\u00fdsledky mezin\u00e1rodn\u00ed loterie\",\"item\":\"https:\\\/\\\/redfoxlotto.com\\\/cs\\\/vysledky\\\/\"},{\"@type\":\"ListItem\",\"position\":3,\"name\":\"V\u00fdsledky n\u011bmeck\u00e9 Lotto\"}]},{\"@type\":\"WebSite\",\"@id\":\"https:\\\/\\\/redfoxlotto.com\\\/cs\\\/#website\",\"url\":\"https:\\\/\\\/redfoxlotto.com\\\/cs\\\/\",\"name\":\"Get Tickets for the World\u2019s largest jackpots\",\"description\":\"Participate in worldwide lottery jackpots from any country\",\"publisher\":{\"@id\":\"https:\\\/\\\/redfoxlotto.com\\\/cs\\\/#organization\"},\"potentialAction\":[{\"@type\":\"SearchAction\",\"target\":{\"@type\":\"EntryPoint\",\"urlTemplate\":\"https:\\\/\\\/redfoxlotto.com\\\/cs\\\/?s={search_term_string}\"},\"query-input\":{\"@type\":\"PropertyValueSpecification\",\"valueRequired\":true,\"valueName\":\"search_term_string\"}}],\"inLanguage\":\"cs\"},{\"@type\":\"Organization\",\"@id\":\"https:\\\/\\\/redfoxlotto.com\\\/cs\\\/#organization\",\"name\":\"Get Tickets for the World\u2019s largest jackpots\",\"url\":\"https:\\\/\\\/redfoxlotto.com\\\/cs\\\/\",\"logo\":{\"@type\":\"ImageObject\",\"inLanguage\":\"cs\",\"@id\":\"https:\\\/\\\/redfoxlotto.com\\\/cs\\\/#\\\/schema\\\/logo\\\/image\\\/\",\"url\":\"https:\\\/\\\/redfoxlotto.com\\\/wp-content\\\/uploads\\\/2023\\\/04\\\/logo.png\",\"contentUrl\":\"https:\\\/\\\/redfoxlotto.com\\\/wp-content\\\/uploads\\\/2023\\\/04\\\/logo.png\",\"width\":269,\"height\":53,\"caption\":\"Get Tickets for the World\u2019s largest jackpots\"},\"image\":{\"@id\":\"https:\\\/\\\/redfoxlotto.com\\\/cs\\\/#\\\/schema\\\/logo\\\/image\\\/\"}}]}<\/script>\n<!-- \/ Yoast SEO plugin. -->","yoast_head_json":{"title":"N\u011bmeck\u00e9 loterijn\u00ed losov\u00e1n\u00ed v\u00fdsledk\u016f a kombinace v\u00fdhern\u00edch \u010d\u00edsel plus archiv","description":"Vybrali jste v\u00fdhern\u00ed \u010d\u00edsla pro n\u011bmeck\u00e9 Lotto? Zkontrolujte v\u00fdsledky losov\u00e1n\u00ed na na\u0161em webu","robots":{"index":"index","follow":"follow","max-snippet":"max-snippet:-1","max-image-preview":"max-image-preview:large","max-video-preview":"max-video-preview:-1"},"canonical":"https:\/\/redfoxlotto.com\/cs\/vysledky\/lotto-6aus49\/","og_locale":"cs_CZ","og_type":"article","og_title":"N\u011bmeck\u00e9 loterijn\u00ed losov\u00e1n\u00ed v\u00fdsledk\u016f a kombinace v\u00fdhern\u00edch \u010d\u00edsel plus archiv","og_description":"Vybrali jste v\u00fdhern\u00ed \u010d\u00edsla pro n\u011bmeck\u00e9 Lotto? Zkontrolujte v\u00fdsledky losov\u00e1n\u00ed na na\u0161em webu","og_url":"https:\/\/redfoxlotto.com\/cs\/vysledky\/lotto-6aus49\/","og_site_name":"Get Tickets for the World\u2019s largest jackpots","article_modified_time":"2023-05-15T13:54:33+00:00","og_image":[{"url":"https:\/\/content.redfoxlotto.com\/uploads\/sites\/9\/1_draw_results_lotto2.jpg","type":"","width":"","height":""}],"twitter_card":"summary_large_image","twitter_misc":{"Odhadovan\u00e1 doba \u010dten\u00ed":"2 minuty"},"schema":{"@context":"https:\/\/schema.org","@graph":[{"@type":"WebPage","@id":"https:\/\/redfoxlotto.com\/cs\/vysledky\/lotto-6aus49\/","url":"https:\/\/redfoxlotto.com\/cs\/vysledky\/lotto-6aus49\/","name":"N\u011bmeck\u00e9 loterijn\u00ed losov\u00e1n\u00ed v\u00fdsledk\u016f a kombinace v\u00fdhern\u00edch \u010d\u00edsel plus archiv","isPartOf":{"@id":"https:\/\/redfoxlotto.com\/cs\/#website"},"primaryImageOfPage":{"@id":"https:\/\/redfoxlotto.com\/cs\/vysledky\/lotto-6aus49\/#primaryimage"},"image":{"@id":"https:\/\/redfoxlotto.com\/cs\/vysledky\/lotto-6aus49\/#primaryimage"},"thumbnailUrl":"https:\/\/content.redfoxlotto.com\/uploads\/sites\/9\/1_draw_results_lotto2.jpg","datePublished":"2020-08-18T09:23:56+00:00","dateModified":"2023-05-15T13:54:33+00:00","description":"Vybrali jste v\u00fdhern\u00ed \u010d\u00edsla pro n\u011bmeck\u00e9 Lotto? Zkontrolujte v\u00fdsledky losov\u00e1n\u00ed na na\u0161em webu","breadcrumb":{"@id":"https:\/\/redfoxlotto.com\/cs\/vysledky\/lotto-6aus49\/#breadcrumb"},"inLanguage":"cs","potentialAction":[{"@type":"ReadAction","target":["https:\/\/redfoxlotto.com\/cs\/vysledky\/lotto-6aus49\/"]}]},{"@type":"ImageObject","inLanguage":"cs","@id":"https:\/\/redfoxlotto.com\/cs\/vysledky\/lotto-6aus49\/#primaryimage","url":"https:\/\/content.redfoxlotto.com\/uploads\/sites\/9\/1_draw_results_lotto2.jpg","contentUrl":"https:\/\/content.redfoxlotto.com\/uploads\/sites\/9\/1_draw_results_lotto2.jpg"},{"@type":"BreadcrumbList","@id":"https:\/\/redfoxlotto.com\/cs\/vysledky\/lotto-6aus49\/#breadcrumb","itemListElement":[{"@type":"ListItem","position":1,"name":"Home","item":"https:\/\/redfoxlotto.com\/cs\/"},{"@type":"ListItem","position":2,"name":"V\u00fdsledky mezin\u00e1rodn\u00ed loterie","item":"https:\/\/redfoxlotto.com\/cs\/vysledky\/"},{"@type":"ListItem","position":3,"name":"V\u00fdsledky n\u011bmeck\u00e9 Lotto"}]},{"@type":"WebSite","@id":"https:\/\/redfoxlotto.com\/cs\/#website","url":"https:\/\/redfoxlotto.com\/cs\/","name":"Get Tickets for the World\u2019s largest jackpots","description":"Participate in worldwide lottery jackpots from any country","publisher":{"@id":"https:\/\/redfoxlotto.com\/cs\/#organization"},"potentialAction":[{"@type":"SearchAction","target":{"@type":"EntryPoint","urlTemplate":"https:\/\/redfoxlotto.com\/cs\/?s={search_term_string}"},"query-input":{"@type":"PropertyValueSpecification","valueRequired":true,"valueName":"search_term_string"}}],"inLanguage":"cs"},{"@type":"Organization","@id":"https:\/\/redfoxlotto.com\/cs\/#organization","name":"Get Tickets for the World\u2019s largest jackpots","url":"https:\/\/redfoxlotto.com\/cs\/","logo":{"@type":"ImageObject","inLanguage":"cs","@id":"https:\/\/redfoxlotto.com\/cs\/#\/schema\/logo\/image\/","url":"https:\/\/redfoxlotto.com\/wp-content\/uploads\/2023\/04\/logo.png","contentUrl":"https:\/\/redfoxlotto.com\/wp-content\/uploads\/2023\/04\/logo.png","width":269,"height":53,"caption":"Get Tickets for the World\u2019s largest jackpots"},"image":{"@id":"https:\/\/redfoxlotto.com\/cs\/#\/schema\/logo\/image\/"}}]}},"_links":{"self":[{"href":"https:\/\/redfoxlotto.com\/cs\/wp-json\/wp\/v2\/pages\/13366","targetHints":{"allow":["GET"]}}],"collection":[{"href":"https:\/\/redfoxlotto.com\/cs\/wp-json\/wp\/v2\/pages"}],"about":[{"href":"https:\/\/redfoxlotto.com\/cs\/wp-json\/wp\/v2\/types\/page"}],"author":[{"embeddable":true,"href":"https:\/\/redfoxlotto.com\/cs\/wp-json\/wp\/v2\/users\/1"}],"replies":[{"embeddable":true,"href":"https:\/\/redfoxlotto.com\/cs\/wp-json\/wp\/v2\/comments?post=13366"}],"version-history":[{"count":0,"href":"https:\/\/redfoxlotto.com\/cs\/wp-json\/wp\/v2\/pages\/13366\/revisions"}],"up":[{"embeddable":true,"href":"https:\/\/redfoxlotto.com\/cs\/wp-json\/wp\/v2\/pages\/5774"}],"wp:attachment":[{"href":"https:\/\/redfoxlotto.com\/cs\/wp-json\/wp\/v2\/media?parent=13366"}],"curies":[{"name":"wp","href":"https:\/\/api.w.org\/{rel}","templated":true}]}}