{"id":13267,"date":"2023-04-24T18:07:24","date_gmt":"2023-04-24T18:07:24","guid":{"rendered":"https:\/\/redfoxlotto.com\/?page_id=13267"},"modified":"2025-12-11T09:10:10","modified_gmt":"2025-12-11T09:10:10","slug":"thunderball","status":"publish","type":"page","link":"https:\/\/redfoxlotto.com\/cs\/hrat\/thunderball\/","title":{"rendered":"Hrajte Thunderball Lotto online"},"content":{"rendered":"<script type=\"application\/ld+json\">\r\n{\r\n  \"@context\": \"https:\/\/schema.org\",\r\n  \"@type\": \"Service\",\r\n  \"name\": \"Thunderball Lotto online\",\r\n  \"url\": \"https:\/\/redfoxlotto.com\/cs\/hrat\/thunderball\/\",\r\n  \"description\": \"Kupte si ofici\u00e1ln\u00ed l\u00edstky Thunderball Lotto online p\u0159es RedFoxLotto. Vyberte si sv\u00e1 \u010d\u00edsla a z\u00fa\u010dastn\u011bte se dal\u0161\u00edho losov\u00e1n\u00ed.\",\r\n  \"serviceType\": \"Online lottery ticket purchase\",\r\n\r\n  \"provider\": {\r\n    \"@type\": \"Organization\",\r\n    \"name\": \"RedFoxLotto\",\r\n    \"url\": \"https:\/\/redfoxlotto.com\",\r\n    \"logo\": \"https:\/\/redfoxlotto.com\/wp-content\/uploads\/logo.png\"\r\n  },\r\n\r\n  \"areaServed\": \"Worldwide\",\r\n  \"termsOfService\": \"https:\/\/redfoxlotto.com\/terms-and-conditions\",\r\n\r\n  \"hasOfferCatalog\": {\r\n    \"@type\": \"OfferCatalog\",\r\n    \"name\": \"Thunderball Lotto Offers\",\r\n    \"itemListElement\": [\r\n      {\r\n        \"@type\": \"Offer\",\r\n        \"name\": \"Lotto Thunderball Lotto Ticket\",\r\n        \"url\": \"https:\/\/redfoxlotto.com\/cs\/hrat\/thunderball\/\",\r\n        \"description\": \"Jedna \u00fa\u010dast na dal\u0161\u00edm losov\u00e1n\u00ed Thunderball Lotto.\",\r\n        \"price\": \"4.00\",\r\n        \"priceCurrency\": \"EUR\",\r\n        \"availability\": \"https:\/\/schema.org\/InStock\",\r\n\r\n        \"itemOffered\": {\r\n          \"@type\": \"Service\",\r\n          \"name\": \"Thunderball Lotto Lottery Entry\",\r\n          \"description\": \"\u00da\u010dast na dal\u0161\u00edm losov\u00e1n\u00ed Thunderball Lotto prost\u0159ednictv\u00edm RedFoxLotto.\"\r\n        }\r\n      }\r\n    ]\r\n  },\r\n\r\n  \"mainEntityOfPage\": {\r\n    \"@type\": \"WebPage\",\r\n    \"@id\": \"https:\/\/redfoxlotto.com\/cs\/hrat\/thunderball\/\"\r\n  }\r\n}\r\n<\/script><p>Pokud chcete za\u010d\u00edt hr\u00e1t zcela novou hru, m\u011bli byste se bl\u00ed\u017ee pod\u00edvat na Thunderball. Mo\u017en\u00e1 v\u00e1s dokonce p\u0159ekvap\u00ed, kolik z\u00e1bavy s n\u00edm m\u00e1te, a v\u0161echny mo\u017enosti, kter\u00e9 si m\u016f\u017eete vybrat. Je to proto, \u017ee kdy\u017e hrajete Thunderball UK Lotto online, m\u016f\u017eete si dokonce vybrat dny, kdy hrajete.<\/p><h2 class=\"wp-block-heading\">Jak hr\u00e1t online loterii Thunderball UK<\/h2><p><img loading=\"lazy\" decoding=\"async\" class=\" wp-image alignright\" src=\"https:\/\/content.redfoxlotto.com\/uploads\/sites\/9\/1_play_online_lotto.jpg\" alt=\"hr\u00e1t thunderball online\" width=\"265\" height=\"265\" \/><\/p><p>V t\u00e9to h\u0159e si vyberete p\u011bt b\u011b\u017en\u00fdch \u010d\u00edsel plus jedno bonusov\u00e9 \u010d\u00edslo. Ka\u017ed\u00e9 z b\u011b\u017en\u00fdch \u010d\u00edsel mus\u00ed b\u00fdt mezi 1 a 39. Ka\u017ed\u00e9 z \u010d\u00edsel Thunderball mus\u00ed b\u00fdt mezi 1 a 14. Nebo si m\u016f\u017eete vybrat l\u00edstek Lucky Dip, kter\u00fd se v\u00e1m automaticky vygeneruje.<\/p><p>Jakmile z\u00edsk\u00e1te sv\u00e1 \u010d\u00edsla, m\u016f\u017eete si vybrat, na kter\u00e9 dny chcete a jak dlouho bude l\u00edstek platit. T\u00edmto zp\u016fsobem z\u00edsk\u00e1te tolik v\u00fdkres\u016f, kolik chcete.<\/p><h2 class=\"wp-block-heading\">Pod\u00edvejte se na v\u00fdhern\u00ed \u010d\u00edsla<\/h2><p>Jakmile si koup\u00edte l\u00edstky, budete cht\u00edt v\u011bd\u011bt, jestli jste n\u011bco vyhr\u00e1li, \u017ee? Je to jednodu\u0161\u0161\u00ed zjistit, ne\u017e si mo\u017en\u00e1 mysl\u00edte. Jedin\u00e9, co mus\u00edte ud\u011blat, je pod\u00edvat se na v\u00fdhern\u00ed \u010d\u00edsla online na va\u0161em obl\u00edben\u00e9m m\u00edst\u011b. Jako RedFoxLotto.com.<\/p><p>Pokud jste hru ji\u017e hr\u00e1li a pot\u0159ebujete zjistit, zda jste n\u011bco vyhr\u00e1li, pak je toto je\u0161t\u011b lep\u0161\u00ed m\u00edsto, kter\u00e9 m\u016f\u017eete zkontrolovat, proto\u017ee si m\u016f\u017eete porovnat sv\u00e1 vlastn\u00ed \u010d\u00edsla po p\u0159ihl\u00e1\u0161en\u00ed do sv\u00e9ho \u00fa\u010dtu. Ve skute\u010dnosti ud\u011bl\u00e1me v\u0161e pro v\u00e1s, abyste si mohli odpo\u010dinout.<\/p>","protected":false},"excerpt":{"rendered":"<p>Pokud chcete za\u010d\u00edt hr\u00e1t zcela novou hru, m\u011bli byste se bl\u00ed\u017ee pod\u00edvat na Thunderball. Mo\u017en\u00e1 v\u00e1s dokonce p\u0159ekvap\u00ed, kolik z\u00e1bavy s n\u00edm m\u00e1te, a v\u0161echny mo\u017enosti, kter\u00e9 si m\u016f\u017eete vybrat. Je to proto, \u017ee kdy\u017e hrajete Thunderball UK Lotto online, m\u016f\u017eete si dokonce vybrat dny, kdy hrajete. Jak hr\u00e1t online loterii Thunderball UK V t\u00e9to [&hellip;]<\/p>\n","protected":false},"author":1,"featured_media":0,"parent":5784,"menu_order":11,"comment_status":"closed","ping_status":"closed","template":"thunderball.php","meta":{"_et_pb_use_builder":"","_et_pb_old_content":"","_et_gb_content_width":"","exclude_from_search":false,"footnotes":""},"class_list":["post-13267","page","type-page","status-publish","hentry"],"yoast_head":"<!-- This site is optimized with the Yoast SEO plugin v23.8 - https:\/\/yoast.com\/wordpress\/plugins\/seo\/ -->\n<title>Z\u00fa\u010dastn\u011bte se Thunderball Lotto online<\/title>\n<meta name=\"description\" content=\"Britskou loterii Thunderball lze nyn\u00ed hr\u00e1t online z jak\u00e9koli zem\u011b\" \/>\n<meta name=\"robots\" content=\"index, follow, max-snippet:-1, max-image-preview:large, max-video-preview:-1\" \/>\n<link rel=\"canonical\" href=\"https:\/\/redfoxlotto.com\/cs\/hrat\/thunderball\/\" \/>\n<meta property=\"og:locale\" content=\"cs_CZ\" \/>\n<meta property=\"og:type\" content=\"article\" \/>\n<meta property=\"og:title\" content=\"Z\u00fa\u010dastn\u011bte se Thunderball Lotto online\" \/>\n<meta property=\"og:description\" content=\"Britskou loterii Thunderball lze nyn\u00ed hr\u00e1t online z jak\u00e9koli zem\u011b\" \/>\n<meta property=\"og:url\" content=\"https:\/\/redfoxlotto.com\/cs\/hrat\/thunderball\/\" \/>\n<meta property=\"og:site_name\" content=\"Get Tickets for the World\u2019s largest jackpots\" \/>\n<meta property=\"article:modified_time\" content=\"2025-12-11T09:10:10+00:00\" \/>\n<meta property=\"og:image\" content=\"https:\/\/content.redfoxlotto.com\/uploads\/sites\/9\/1_play_online_lotto.jpg\" \/>\n<meta name=\"twitter:card\" content=\"summary_large_image\" \/>\n<meta name=\"twitter:label1\" content=\"Odhadovan\u00e1 doba \u010dten\u00ed\" \/>\n\t<meta name=\"twitter:data1\" content=\"2 minuty\" \/>\n<script type=\"application\/ld+json\" class=\"yoast-schema-graph\">{\"@context\":\"https:\/\/schema.org\",\"@graph\":[{\"@type\":\"WebPage\",\"@id\":\"https:\/\/redfoxlotto.com\/cs\/hrat\/thunderball\/\",\"url\":\"https:\/\/redfoxlotto.com\/cs\/hrat\/thunderball\/\",\"name\":\"Z\u00fa\u010dastn\u011bte se Thunderball Lotto online\",\"isPartOf\":{\"@id\":\"https:\/\/redfoxlotto.com\/cs\/#website\"},\"primaryImageOfPage\":{\"@id\":\"https:\/\/redfoxlotto.com\/cs\/hrat\/thunderball\/#primaryimage\"},\"image\":{\"@id\":\"https:\/\/redfoxlotto.com\/cs\/hrat\/thunderball\/#primaryimage\"},\"thumbnailUrl\":\"https:\/\/content.redfoxlotto.com\/uploads\/sites\/9\/1_play_online_lotto.jpg\",\"datePublished\":\"2023-04-24T18:07:24+00:00\",\"dateModified\":\"2025-12-11T09:10:10+00:00\",\"description\":\"Britskou loterii Thunderball lze nyn\u00ed hr\u00e1t online z jak\u00e9koli zem\u011b\",\"breadcrumb\":{\"@id\":\"https:\/\/redfoxlotto.com\/cs\/hrat\/thunderball\/#breadcrumb\"},\"inLanguage\":\"cs\",\"potentialAction\":[{\"@type\":\"ReadAction\",\"target\":[\"https:\/\/redfoxlotto.com\/cs\/hrat\/thunderball\/\"]}]},{\"@type\":\"ImageObject\",\"inLanguage\":\"cs\",\"@id\":\"https:\/\/redfoxlotto.com\/cs\/hrat\/thunderball\/#primaryimage\",\"url\":\"https:\/\/content.redfoxlotto.com\/uploads\/sites\/9\/1_play_online_lotto.jpg\",\"contentUrl\":\"https:\/\/content.redfoxlotto.com\/uploads\/sites\/9\/1_play_online_lotto.jpg\"},{\"@type\":\"BreadcrumbList\",\"@id\":\"https:\/\/redfoxlotto.com\/cs\/hrat\/thunderball\/#breadcrumb\",\"itemListElement\":[{\"@type\":\"ListItem\",\"position\":1,\"name\":\"Home\",\"item\":\"https:\/\/redfoxlotto.com\/cs\/\"},{\"@type\":\"ListItem\",\"position\":2,\"name\":\"Jak hr\u00e1t\",\"item\":\"https:\/\/redfoxlotto.com\/cs\/hrat\/\"},{\"@type\":\"ListItem\",\"position\":3,\"name\":\"Hrajte Thunderball Lotto online\"}]},{\"@type\":\"WebSite\",\"@id\":\"https:\/\/redfoxlotto.com\/cs\/#website\",\"url\":\"https:\/\/redfoxlotto.com\/cs\/\",\"name\":\"Get Tickets for the World\u2019s largest jackpots\",\"description\":\"Participate in worldwide lottery jackpots from any country\",\"publisher\":{\"@id\":\"https:\/\/redfoxlotto.com\/cs\/#organization\"},\"potentialAction\":[{\"@type\":\"SearchAction\",\"target\":{\"@type\":\"EntryPoint\",\"urlTemplate\":\"https:\/\/redfoxlotto.com\/cs\/?s={search_term_string}\"},\"query-input\":{\"@type\":\"PropertyValueSpecification\",\"valueRequired\":true,\"valueName\":\"search_term_string\"}}],\"inLanguage\":\"cs\"},{\"@type\":\"Organization\",\"@id\":\"https:\/\/redfoxlotto.com\/cs\/#organization\",\"name\":\"Get Tickets for the World\u2019s largest jackpots\",\"url\":\"https:\/\/redfoxlotto.com\/cs\/\",\"logo\":{\"@type\":\"ImageObject\",\"inLanguage\":\"cs\",\"@id\":\"https:\/\/redfoxlotto.com\/cs\/#\/schema\/logo\/image\/\",\"url\":\"https:\/\/redfoxlotto.com\/wp-content\/uploads\/2023\/04\/logo.png\",\"contentUrl\":\"https:\/\/redfoxlotto.com\/wp-content\/uploads\/2023\/04\/logo.png\",\"width\":269,\"height\":53,\"caption\":\"Get Tickets for the World\u2019s largest jackpots\"},\"image\":{\"@id\":\"https:\/\/redfoxlotto.com\/cs\/#\/schema\/logo\/image\/\"}}]}<\/script>\n<!-- \/ Yoast SEO plugin. -->","yoast_head_json":{"title":"Z\u00fa\u010dastn\u011bte se Thunderball Lotto online","description":"Britskou loterii Thunderball lze nyn\u00ed hr\u00e1t online z jak\u00e9koli zem\u011b","robots":{"index":"index","follow":"follow","max-snippet":"max-snippet:-1","max-image-preview":"max-image-preview:large","max-video-preview":"max-video-preview:-1"},"canonical":"https:\/\/redfoxlotto.com\/cs\/hrat\/thunderball\/","og_locale":"cs_CZ","og_type":"article","og_title":"Z\u00fa\u010dastn\u011bte se Thunderball Lotto online","og_description":"Britskou loterii Thunderball lze nyn\u00ed hr\u00e1t online z jak\u00e9koli zem\u011b","og_url":"https:\/\/redfoxlotto.com\/cs\/hrat\/thunderball\/","og_site_name":"Get Tickets for the World\u2019s largest jackpots","article_modified_time":"2025-12-11T09:10:10+00:00","og_image":[{"url":"https:\/\/content.redfoxlotto.com\/uploads\/sites\/9\/1_play_online_lotto.jpg"}],"twitter_card":"summary_large_image","twitter_misc":{"Odhadovan\u00e1 doba \u010dten\u00ed":"2 minuty"},"schema":{"@context":"https:\/\/schema.org","@graph":[{"@type":"WebPage","@id":"https:\/\/redfoxlotto.com\/cs\/hrat\/thunderball\/","url":"https:\/\/redfoxlotto.com\/cs\/hrat\/thunderball\/","name":"Z\u00fa\u010dastn\u011bte se Thunderball Lotto online","isPartOf":{"@id":"https:\/\/redfoxlotto.com\/cs\/#website"},"primaryImageOfPage":{"@id":"https:\/\/redfoxlotto.com\/cs\/hrat\/thunderball\/#primaryimage"},"image":{"@id":"https:\/\/redfoxlotto.com\/cs\/hrat\/thunderball\/#primaryimage"},"thumbnailUrl":"https:\/\/content.redfoxlotto.com\/uploads\/sites\/9\/1_play_online_lotto.jpg","datePublished":"2023-04-24T18:07:24+00:00","dateModified":"2025-12-11T09:10:10+00:00","description":"Britskou loterii Thunderball lze nyn\u00ed hr\u00e1t online z jak\u00e9koli zem\u011b","breadcrumb":{"@id":"https:\/\/redfoxlotto.com\/cs\/hrat\/thunderball\/#breadcrumb"},"inLanguage":"cs","potentialAction":[{"@type":"ReadAction","target":["https:\/\/redfoxlotto.com\/cs\/hrat\/thunderball\/"]}]},{"@type":"ImageObject","inLanguage":"cs","@id":"https:\/\/redfoxlotto.com\/cs\/hrat\/thunderball\/#primaryimage","url":"https:\/\/content.redfoxlotto.com\/uploads\/sites\/9\/1_play_online_lotto.jpg","contentUrl":"https:\/\/content.redfoxlotto.com\/uploads\/sites\/9\/1_play_online_lotto.jpg"},{"@type":"BreadcrumbList","@id":"https:\/\/redfoxlotto.com\/cs\/hrat\/thunderball\/#breadcrumb","itemListElement":[{"@type":"ListItem","position":1,"name":"Home","item":"https:\/\/redfoxlotto.com\/cs\/"},{"@type":"ListItem","position":2,"name":"Jak hr\u00e1t","item":"https:\/\/redfoxlotto.com\/cs\/hrat\/"},{"@type":"ListItem","position":3,"name":"Hrajte Thunderball Lotto online"}]},{"@type":"WebSite","@id":"https:\/\/redfoxlotto.com\/cs\/#website","url":"https:\/\/redfoxlotto.com\/cs\/","name":"Get Tickets for the World\u2019s largest jackpots","description":"Participate in worldwide lottery jackpots from any country","publisher":{"@id":"https:\/\/redfoxlotto.com\/cs\/#organization"},"potentialAction":[{"@type":"SearchAction","target":{"@type":"EntryPoint","urlTemplate":"https:\/\/redfoxlotto.com\/cs\/?s={search_term_string}"},"query-input":{"@type":"PropertyValueSpecification","valueRequired":true,"valueName":"search_term_string"}}],"inLanguage":"cs"},{"@type":"Organization","@id":"https:\/\/redfoxlotto.com\/cs\/#organization","name":"Get Tickets for the World\u2019s largest jackpots","url":"https:\/\/redfoxlotto.com\/cs\/","logo":{"@type":"ImageObject","inLanguage":"cs","@id":"https:\/\/redfoxlotto.com\/cs\/#\/schema\/logo\/image\/","url":"https:\/\/redfoxlotto.com\/wp-content\/uploads\/2023\/04\/logo.png","contentUrl":"https:\/\/redfoxlotto.com\/wp-content\/uploads\/2023\/04\/logo.png","width":269,"height":53,"caption":"Get Tickets for the World\u2019s largest jackpots"},"image":{"@id":"https:\/\/redfoxlotto.com\/cs\/#\/schema\/logo\/image\/"}}]}},"_links":{"self":[{"href":"https:\/\/redfoxlotto.com\/cs\/wp-json\/wp\/v2\/pages\/13267","targetHints":{"allow":["GET"]}}],"collection":[{"href":"https:\/\/redfoxlotto.com\/cs\/wp-json\/wp\/v2\/pages"}],"about":[{"href":"https:\/\/redfoxlotto.com\/cs\/wp-json\/wp\/v2\/types\/page"}],"author":[{"embeddable":true,"href":"https:\/\/redfoxlotto.com\/cs\/wp-json\/wp\/v2\/users\/1"}],"replies":[{"embeddable":true,"href":"https:\/\/redfoxlotto.com\/cs\/wp-json\/wp\/v2\/comments?post=13267"}],"version-history":[{"count":0,"href":"https:\/\/redfoxlotto.com\/cs\/wp-json\/wp\/v2\/pages\/13267\/revisions"}],"up":[{"embeddable":true,"href":"https:\/\/redfoxlotto.com\/cs\/wp-json\/wp\/v2\/pages\/5784"}],"wp:attachment":[{"href":"https:\/\/redfoxlotto.com\/cs\/wp-json\/wp\/v2\/media?parent=13267"}],"curies":[{"name":"wp","href":"https:\/\/api.w.org\/{rel}","templated":true}]}}