{"id":13140,"date":"2023-04-24T17:59:25","date_gmt":"2023-04-24T17:59:25","guid":{"rendered":"https:\/\/redfoxlotto.com\/?page_id=13140"},"modified":"2023-05-15T13:25:59","modified_gmt":"2023-05-15T13:25:59","slug":"set-for-life-uk","status":"publish","type":"page","link":"https:\/\/redfoxlotto.com\/cs\/hrat\/set-for-life-uk\/","title":{"rendered":"Zapojte se do Set for life lotto online"},"content":{"rendered":"<p><img loading=\"lazy\" decoding=\"async\" class=\" wp-image alignright\" src=\"https:\/\/content.redfoxlotto.com\/uploads\/sites\/9\/1_play_online_jackpot.jpg\" alt=\"nastaveno pro \u017eivot online\" width=\"231\" height=\"231\" \/><\/p>\n<p><\/p>\n<p>Britsk\u00e1 loterie \u201eSet for life\u201c se li\u0161\u00ed od v\u011bt\u0161iny ostatn\u00edch loteri\u00ed. Pokud vyhrajete cenu nejvy\u0161\u0161\u00ed nebo druh\u00e9 \u00farovn\u011b, m\u00edsto pevn\u00e9 \u010d\u00e1stky z\u00edsk\u00e1te m\u011bs\u00ed\u010dn\u00ed platby.<\/p>\n<p><\/p>\n<p><br \/>\n<!--more--><br \/><\/p>\n<p><\/p>\n<p>Prvn\u00ed cena znamen\u00e1, \u017ee dostanete m\u011bs\u00ed\u010dn\u00ed spl\u00e1tku 10 000 GBP na p\u0159\u00ed\u0161t\u00edch 30 let, druh\u00e1 cena znamen\u00e1, \u017ee z\u00edsk\u00e1te stejn\u00fdch 10 000 GBP ka\u017ed\u00fd m\u011bs\u00edc po dobu jednoho roku.<\/p>\n<p><\/p>\n<p><\/p>\n<h2 class=\"wp-block-heading\">Jak hr\u00e1t online \u201eSet for life\u201c<\/h2>\n<p><\/p>\n<p><\/p>\n<p>Pot\u00e9, co jste si vytvo\u0159ili sv\u016fj \u00fa\u010det na na\u0161em webu, p\u0159ejd\u011bte do loterie a vyberte 5 \u010d\u00edsel mezi 1 a 47, pot\u00e9 jedno \u010d\u00edslo \u201elife ball\u201c mezi 1 a 10.<\/p>\n<p><\/p>\n<p><\/p>\n<p>Chcete-li, m\u016f\u017eete pou\u017e\u00edt funkci \u201erychl\u00e9ho v\u00fdb\u011bru\u201c a nechat gener\u00e1tor nebo \u010d\u00edsla prov\u00e9st svou pr\u00e1ci, aby v\u00e1\u0161 l\u00edstek naplnil n\u00e1hodn\u00fdmi \u010d\u00edsly.<\/p>\n<p><\/p>\n<p><\/p>\n<h2 class=\"wp-block-heading\">Jak zjist\u00edm, zda jsem vyhr\u00e1l<\/h2>\n<p><\/p>\n<p><\/p>\n<p>Pokud v\u00e1\u0161 tiket vyhraje, za\u0161leme v\u00e1m e-mailov\u00e9 upozorn\u011bn\u00ed. Zajist\u011bte, aby na\u0161e e-maily neskon\u010dily ve va\u0161\u00ed spamov\u00e9 schr\u00e1nce. Po losov\u00e1n\u00ed se m\u016f\u017eete p\u0159ihl\u00e1sit ke sv\u00e9mu \u00fa\u010dtu a zkontrolovat sv\u016fj tiket. V\u00fdhern\u00ed \u010d\u00edsla budou ozna\u010dena.<\/p>\n<p><\/p>","protected":false},"excerpt":{"rendered":"<p>Britsk\u00e1 loterie \u201eSet for life\u201c se li\u0161\u00ed od v\u011bt\u0161iny ostatn\u00edch loteri\u00ed. Pokud vyhrajete cenu nejvy\u0161\u0161\u00ed nebo druh\u00e9 \u00farovn\u011b, m\u00edsto pevn\u00e9 \u010d\u00e1stky z\u00edsk\u00e1te m\u011bs\u00ed\u010dn\u00ed platby.<\/p>\n","protected":false},"author":1,"featured_media":0,"parent":5784,"menu_order":10,"comment_status":"closed","ping_status":"closed","template":"set-for-life.php","meta":{"_et_pb_use_builder":"","_et_pb_old_content":"","_et_gb_content_width":"","exclude_from_search":false,"footnotes":""},"class_list":["post-13140","page","type-page","status-publish","hentry"],"yoast_head":"<!-- This site is optimized with the Yoast SEO plugin v23.8 - https:\/\/yoast.com\/wordpress\/plugins\/seo\/ -->\n<title>Hrajte Set for life Lotto online<\/title>\n<meta name=\"description\" content=\"Nyn\u00ed m\u016f\u017eete hr\u00e1t online britskou Set for Life loterii\" \/>\n<meta name=\"robots\" content=\"index, follow, max-snippet:-1, max-image-preview:large, max-video-preview:-1\" \/>\n<link rel=\"canonical\" href=\"https:\/\/redfoxlotto.com\/cs\/hrat\/set-for-life-uk\/\" \/>\n<meta property=\"og:locale\" content=\"cs_CZ\" \/>\n<meta property=\"og:type\" content=\"article\" \/>\n<meta property=\"og:title\" content=\"Hrajte Set for life Lotto online\" \/>\n<meta property=\"og:description\" content=\"Nyn\u00ed m\u016f\u017eete hr\u00e1t online britskou Set for Life loterii\" \/>\n<meta property=\"og:url\" content=\"https:\/\/redfoxlotto.com\/cs\/hrat\/set-for-life-uk\/\" \/>\n<meta property=\"og:site_name\" content=\"Get Tickets for the World\u2019s largest jackpots\" \/>\n<meta property=\"article:modified_time\" content=\"2023-05-15T13:25:59+00:00\" \/>\n<meta property=\"og:image\" content=\"https:\/\/content.redfoxlotto.com\/uploads\/sites\/9\/1_play_online_jackpot.jpg\" \/>\n<meta name=\"twitter:card\" content=\"summary_large_image\" \/>\n<meta name=\"twitter:label1\" content=\"Odhadovan\u00e1 doba \u010dten\u00ed\" \/>\n\t<meta name=\"twitter:data1\" content=\"1 minuta\" \/>\n<script type=\"application\/ld+json\" class=\"yoast-schema-graph\">{\"@context\":\"https:\/\/schema.org\",\"@graph\":[{\"@type\":\"WebPage\",\"@id\":\"https:\/\/redfoxlotto.com\/cs\/hrat\/set-for-life-uk\/\",\"url\":\"https:\/\/redfoxlotto.com\/cs\/hrat\/set-for-life-uk\/\",\"name\":\"Hrajte Set for life Lotto online\",\"isPartOf\":{\"@id\":\"https:\/\/redfoxlotto.com\/cs\/#website\"},\"primaryImageOfPage\":{\"@id\":\"https:\/\/redfoxlotto.com\/cs\/hrat\/set-for-life-uk\/#primaryimage\"},\"image\":{\"@id\":\"https:\/\/redfoxlotto.com\/cs\/hrat\/set-for-life-uk\/#primaryimage\"},\"thumbnailUrl\":\"https:\/\/content.redfoxlotto.com\/uploads\/sites\/9\/1_play_online_jackpot.jpg\",\"datePublished\":\"2023-04-24T17:59:25+00:00\",\"dateModified\":\"2023-05-15T13:25:59+00:00\",\"description\":\"Nyn\u00ed m\u016f\u017eete hr\u00e1t online britskou Set for Life loterii\",\"breadcrumb\":{\"@id\":\"https:\/\/redfoxlotto.com\/cs\/hrat\/set-for-life-uk\/#breadcrumb\"},\"inLanguage\":\"cs\",\"potentialAction\":[{\"@type\":\"ReadAction\",\"target\":[\"https:\/\/redfoxlotto.com\/cs\/hrat\/set-for-life-uk\/\"]}]},{\"@type\":\"ImageObject\",\"inLanguage\":\"cs\",\"@id\":\"https:\/\/redfoxlotto.com\/cs\/hrat\/set-for-life-uk\/#primaryimage\",\"url\":\"https:\/\/content.redfoxlotto.com\/uploads\/sites\/9\/1_play_online_jackpot.jpg\",\"contentUrl\":\"https:\/\/content.redfoxlotto.com\/uploads\/sites\/9\/1_play_online_jackpot.jpg\"},{\"@type\":\"BreadcrumbList\",\"@id\":\"https:\/\/redfoxlotto.com\/cs\/hrat\/set-for-life-uk\/#breadcrumb\",\"itemListElement\":[{\"@type\":\"ListItem\",\"position\":1,\"name\":\"Home\",\"item\":\"https:\/\/redfoxlotto.com\/cs\/\"},{\"@type\":\"ListItem\",\"position\":2,\"name\":\"Jak hr\u00e1t\",\"item\":\"https:\/\/redfoxlotto.com\/cs\/hrat\/\"},{\"@type\":\"ListItem\",\"position\":3,\"name\":\"Zapojte se do Set for life lotto online\"}]},{\"@type\":\"WebSite\",\"@id\":\"https:\/\/redfoxlotto.com\/cs\/#website\",\"url\":\"https:\/\/redfoxlotto.com\/cs\/\",\"name\":\"Get Tickets for the World\u2019s largest jackpots\",\"description\":\"Participate in worldwide lottery jackpots from any country\",\"publisher\":{\"@id\":\"https:\/\/redfoxlotto.com\/cs\/#organization\"},\"potentialAction\":[{\"@type\":\"SearchAction\",\"target\":{\"@type\":\"EntryPoint\",\"urlTemplate\":\"https:\/\/redfoxlotto.com\/cs\/?s={search_term_string}\"},\"query-input\":{\"@type\":\"PropertyValueSpecification\",\"valueRequired\":true,\"valueName\":\"search_term_string\"}}],\"inLanguage\":\"cs\"},{\"@type\":\"Organization\",\"@id\":\"https:\/\/redfoxlotto.com\/cs\/#organization\",\"name\":\"Get Tickets for the World\u2019s largest jackpots\",\"url\":\"https:\/\/redfoxlotto.com\/cs\/\",\"logo\":{\"@type\":\"ImageObject\",\"inLanguage\":\"cs\",\"@id\":\"https:\/\/redfoxlotto.com\/cs\/#\/schema\/logo\/image\/\",\"url\":\"https:\/\/redfoxlotto.com\/wp-content\/uploads\/2023\/04\/logo.png\",\"contentUrl\":\"https:\/\/redfoxlotto.com\/wp-content\/uploads\/2023\/04\/logo.png\",\"width\":269,\"height\":53,\"caption\":\"Get Tickets for the World\u2019s largest jackpots\"},\"image\":{\"@id\":\"https:\/\/redfoxlotto.com\/cs\/#\/schema\/logo\/image\/\"}}]}<\/script>\n<!-- \/ Yoast SEO plugin. -->","yoast_head_json":{"title":"Hrajte Set for life Lotto online","description":"Nyn\u00ed m\u016f\u017eete hr\u00e1t online britskou Set for Life loterii","robots":{"index":"index","follow":"follow","max-snippet":"max-snippet:-1","max-image-preview":"max-image-preview:large","max-video-preview":"max-video-preview:-1"},"canonical":"https:\/\/redfoxlotto.com\/cs\/hrat\/set-for-life-uk\/","og_locale":"cs_CZ","og_type":"article","og_title":"Hrajte Set for life Lotto online","og_description":"Nyn\u00ed m\u016f\u017eete hr\u00e1t online britskou Set for Life loterii","og_url":"https:\/\/redfoxlotto.com\/cs\/hrat\/set-for-life-uk\/","og_site_name":"Get Tickets for the World\u2019s largest jackpots","article_modified_time":"2023-05-15T13:25:59+00:00","og_image":[{"url":"https:\/\/content.redfoxlotto.com\/uploads\/sites\/9\/1_play_online_jackpot.jpg"}],"twitter_card":"summary_large_image","twitter_misc":{"Odhadovan\u00e1 doba \u010dten\u00ed":"1 minuta"},"schema":{"@context":"https:\/\/schema.org","@graph":[{"@type":"WebPage","@id":"https:\/\/redfoxlotto.com\/cs\/hrat\/set-for-life-uk\/","url":"https:\/\/redfoxlotto.com\/cs\/hrat\/set-for-life-uk\/","name":"Hrajte Set for life Lotto online","isPartOf":{"@id":"https:\/\/redfoxlotto.com\/cs\/#website"},"primaryImageOfPage":{"@id":"https:\/\/redfoxlotto.com\/cs\/hrat\/set-for-life-uk\/#primaryimage"},"image":{"@id":"https:\/\/redfoxlotto.com\/cs\/hrat\/set-for-life-uk\/#primaryimage"},"thumbnailUrl":"https:\/\/content.redfoxlotto.com\/uploads\/sites\/9\/1_play_online_jackpot.jpg","datePublished":"2023-04-24T17:59:25+00:00","dateModified":"2023-05-15T13:25:59+00:00","description":"Nyn\u00ed m\u016f\u017eete hr\u00e1t online britskou Set for Life loterii","breadcrumb":{"@id":"https:\/\/redfoxlotto.com\/cs\/hrat\/set-for-life-uk\/#breadcrumb"},"inLanguage":"cs","potentialAction":[{"@type":"ReadAction","target":["https:\/\/redfoxlotto.com\/cs\/hrat\/set-for-life-uk\/"]}]},{"@type":"ImageObject","inLanguage":"cs","@id":"https:\/\/redfoxlotto.com\/cs\/hrat\/set-for-life-uk\/#primaryimage","url":"https:\/\/content.redfoxlotto.com\/uploads\/sites\/9\/1_play_online_jackpot.jpg","contentUrl":"https:\/\/content.redfoxlotto.com\/uploads\/sites\/9\/1_play_online_jackpot.jpg"},{"@type":"BreadcrumbList","@id":"https:\/\/redfoxlotto.com\/cs\/hrat\/set-for-life-uk\/#breadcrumb","itemListElement":[{"@type":"ListItem","position":1,"name":"Home","item":"https:\/\/redfoxlotto.com\/cs\/"},{"@type":"ListItem","position":2,"name":"Jak hr\u00e1t","item":"https:\/\/redfoxlotto.com\/cs\/hrat\/"},{"@type":"ListItem","position":3,"name":"Zapojte se do Set for life lotto online"}]},{"@type":"WebSite","@id":"https:\/\/redfoxlotto.com\/cs\/#website","url":"https:\/\/redfoxlotto.com\/cs\/","name":"Get Tickets for the World\u2019s largest jackpots","description":"Participate in worldwide lottery jackpots from any country","publisher":{"@id":"https:\/\/redfoxlotto.com\/cs\/#organization"},"potentialAction":[{"@type":"SearchAction","target":{"@type":"EntryPoint","urlTemplate":"https:\/\/redfoxlotto.com\/cs\/?s={search_term_string}"},"query-input":{"@type":"PropertyValueSpecification","valueRequired":true,"valueName":"search_term_string"}}],"inLanguage":"cs"},{"@type":"Organization","@id":"https:\/\/redfoxlotto.com\/cs\/#organization","name":"Get Tickets for the World\u2019s largest jackpots","url":"https:\/\/redfoxlotto.com\/cs\/","logo":{"@type":"ImageObject","inLanguage":"cs","@id":"https:\/\/redfoxlotto.com\/cs\/#\/schema\/logo\/image\/","url":"https:\/\/redfoxlotto.com\/wp-content\/uploads\/2023\/04\/logo.png","contentUrl":"https:\/\/redfoxlotto.com\/wp-content\/uploads\/2023\/04\/logo.png","width":269,"height":53,"caption":"Get Tickets for the World\u2019s largest jackpots"},"image":{"@id":"https:\/\/redfoxlotto.com\/cs\/#\/schema\/logo\/image\/"}}]}},"_links":{"self":[{"href":"https:\/\/redfoxlotto.com\/cs\/wp-json\/wp\/v2\/pages\/13140","targetHints":{"allow":["GET"]}}],"collection":[{"href":"https:\/\/redfoxlotto.com\/cs\/wp-json\/wp\/v2\/pages"}],"about":[{"href":"https:\/\/redfoxlotto.com\/cs\/wp-json\/wp\/v2\/types\/page"}],"author":[{"embeddable":true,"href":"https:\/\/redfoxlotto.com\/cs\/wp-json\/wp\/v2\/users\/1"}],"replies":[{"embeddable":true,"href":"https:\/\/redfoxlotto.com\/cs\/wp-json\/wp\/v2\/comments?post=13140"}],"version-history":[{"count":0,"href":"https:\/\/redfoxlotto.com\/cs\/wp-json\/wp\/v2\/pages\/13140\/revisions"}],"up":[{"embeddable":true,"href":"https:\/\/redfoxlotto.com\/cs\/wp-json\/wp\/v2\/pages\/5784"}],"wp:attachment":[{"href":"https:\/\/redfoxlotto.com\/cs\/wp-json\/wp\/v2\/media?parent=13140"}],"curies":[{"name":"wp","href":"https:\/\/api.w.org\/{rel}","templated":true}]}}