{"id":13106,"date":"2023-04-24T18:15:05","date_gmt":"2023-04-24T18:15:05","guid":{"rendered":"https:\/\/redfoxlotto.com\/?page_id=13106"},"modified":"2025-12-11T07:12:48","modified_gmt":"2025-12-11T07:12:48","slug":"lotto-6aus49","status":"publish","type":"page","link":"https:\/\/redfoxlotto.com\/cs\/hrat\/lotto-6aus49\/","title":{"rendered":"Hrajte n\u011bmeck\u00e9 Lotto online"},"content":{"rendered":"<script type=\"application\/ld+json\">\r\n{\r\n  \"@context\": \"https:\/\/schema.org\",\r\n  \"@type\": \"Service\",\r\n  \"name\": \"Lotto Germany online\",\r\n  \"url\": \"https:\/\/redfoxlotto.com\/cs\/hrat\/lotto-6aus49\/\",\r\n  \"description\": \"Zakupte si ofici\u00e1ln\u00ed online tikety Lotto Germany prost\u0159ednictv\u00edm RedFoxLotto. Vyberte si sv\u00e1 \u010d\u00edsla a p\u0159ipojte se k dal\u0161\u00edmu slosov\u00e1n\u00ed.\",\r\n  \"serviceType\": \"Online lottery ticket purchase\",\r\n\r\n  \"provider\": {\r\n    \"@type\": \"Organization\",\r\n    \"name\": \"RedFoxLotto\",\r\n    \"url\": \"https:\/\/redfoxlotto.com\",\r\n    \"logo\": \"https:\/\/redfoxlotto.com\/wp-content\/uploads\/logo.png\"\r\n  },\r\n\r\n  \"areaServed\": \"Worldwide\",\r\n  \"termsOfService\": \"https:\/\/redfoxlotto.com\/terms-and-conditions\",\r\n\r\n  \"hasOfferCatalog\": {\r\n    \"@type\": \"OfferCatalog\",\r\n    \"name\": \"Lotto Germany Offers\",\r\n    \"itemListElement\": [\r\n      {\r\n        \"@type\": \"Offer\",\r\n        \"name\": \"Lotto Lotto Germany Ticket\",\r\n        \"url\": \"https:\/\/redfoxlotto.com\/cs\/hrat\/lotto-6aus49\/\",\r\n        \"description\": \"Jedna \u00fa\u010dast v p\u0159\u00ed\u0161t\u00edm slosov\u00e1n\u00ed Lotto Germany.\",\r\n        \"price\": \"3.80\",\r\n        \"priceCurrency\": \"EUR\",\r\n        \"availability\": \"https:\/\/schema.org\/InStock\",\r\n\r\n        \"itemOffered\": {\r\n          \"@type\": \"Service\",\r\n          \"name\": \"Lotto Germany Lottery Entry\",\r\n          \"description\": \"\u00da\u010dast v p\u0159\u00ed\u0161t\u00edm slosov\u00e1n\u00ed Lotto Germany prost\u0159ednictv\u00edm RedFoxLotto.\"\r\n        }\r\n      }\r\n    ]\r\n  },\r\n\r\n  \"mainEntityOfPage\": {\r\n    \"@type\": \"WebPage\",\r\n    \"@id\": \"https:\/\/redfoxlotto.com\/cs\/hrat\/lotto-6aus49\/\"\r\n  }\r\n}\r\n<\/script><p>Pokud hled\u00e1te novou hru, m\u011bli byste se bl\u00ed\u017ee pod\u00edvat, jak hr\u00e1t online n\u011bmeckou loterii 6aus49. Hra se v\u00e1m bude l\u00edbit a jak je to jednoduch\u00e9, a ur\u010dit\u011b se v\u00e1m bude l\u00edbit mo\u017enost vyhr\u00e1t tento skv\u011bl\u00fd jackpot. V t\u00e9to h\u0159e vyberete 6 pravideln\u00fdch m\u00ed\u010dk\u016f a 1 super m\u00ed\u010d.<\/p><p><img decoding=\"async\" class=\"size-full wp-image alignright\" src=\"https:\/\/content.redfoxlotto.com\/uploads\/sites\/9\/1_big_win_lotto.jpg\" alt=\"Lotto N\u011bmecko online\"><\/p><p>B\u011b\u017en\u00e9 koule jsou o\u010d\u00edslov\u00e1ny od 1 do 49, zat\u00edmco dal\u0161\u00ed \u010d\u00edsla jsou od 0 do 9. V\u0161e, co mus\u00edte ud\u011blat, abyste vyhr\u00e1li, je z\u00e1pas alespo\u0148 t\u0159\u00ed koul\u00ed. Pokud tak u\u010din\u00edte, budete m\u00edt n\u011bjak\u00fd druh ceny, ale mus\u00edte z\u00edskat v\u0161echna \u010d\u00edsla, abyste z\u00edskali jackpot.<\/p><h2 class=\"wp-block-heading\">Jak hr\u00e1t online n\u011bmeck\u00e9 Lotto 6aus49<\/h2><p>Jste p\u0159ipraveni vyzvednout si vlastn\u00ed vstupenky? Pak budete muset v\u011bd\u011bt, jak hr\u00e1t. Vyvol\u00e1n\u00ed va\u0161ich \u010d\u00edsel je prvn\u00edm krokem, pokud si nep\u0159ejete, aby byla \u010d\u00edsla generov\u00e1na automaticky pro v\u00e1s. Tyto l\u00edstky s jednoduch\u00fdm v\u00fdb\u011brem je\u0161t\u011b v\u00edce usnad\u0148uj\u00ed p\u0159\u00edpravu na losov\u00e1n\u00ed.<\/p><p>RedFoxLotto.com m\u016f\u017eete pou\u017e\u00edt ke snadn\u00e9mu n\u00e1kupu l\u00edstk\u016f, a\u0165 u\u017e si chcete vybrat sv\u00e9 \u010d\u00edslo, nebo ne. A pak sta\u010d\u00ed zadat preferovan\u00fd zp\u016fsob platby a po\u010dkat, a\u017e vyhrajete.<\/p><h2 class=\"wp-block-heading\">Zkontrolujte v\u00fdsledky<\/h2><p>Po skon\u010den\u00ed kresby si m\u016f\u017eete prohl\u00e9dnout v\u00fdsledky hry a zjistit, zda jste vyhr\u00e1li nebo zda si chcete koupit dal\u0161\u00ed l\u00edstky na dal\u0161\u00ed hru. V\u0161echna v\u00edt\u011bzn\u00e1 \u010d\u00edsla budou na RedFoxLotto.com.<\/p>","protected":false},"excerpt":{"rendered":"<p>Pokud hled\u00e1te novou hru, m\u011bli byste se bl\u00ed\u017ee pod\u00edvat, jak hr\u00e1t online n\u011bmeckou loterii 6aus49. Hra se v\u00e1m bude l\u00edbit a jak je to jednoduch\u00e9, a ur\u010dit\u011b se v\u00e1m bude l\u00edbit mo\u017enost vyhr\u00e1t tento skv\u011bl\u00fd jackpot. V t\u00e9to h\u0159e vyberete 6 pravideln\u00fdch m\u00ed\u010dk\u016f a 1 super m\u00ed\u010d. B\u011b\u017en\u00e9 koule jsou o\u010d\u00edslov\u00e1ny od 1 do 49, [&hellip;]<\/p>\n","protected":false},"author":1,"featured_media":0,"parent":5784,"menu_order":15,"comment_status":"closed","ping_status":"closed","template":"lotto-german.php","meta":{"_et_pb_use_builder":"","_et_pb_old_content":"","_et_gb_content_width":"","exclude_from_search":false,"footnotes":""},"class_list":["post-13106","page","type-page","status-publish","hentry"],"yoast_head":"<!-- This site is optimized with the Yoast SEO plugin v23.8 - https:\/\/yoast.com\/wordpress\/plugins\/seo\/ -->\n<title>Hrajte n\u011bmeck\u00e9 Lotto online<\/title>\n<meta name=\"description\" content=\"N\u011bmeck\u00e9 Lotto &quot;6 aus 49&quot; je nyn\u00ed k dispozici odkudkoli - hrajte online!\" \/>\n<meta name=\"robots\" content=\"index, follow, max-snippet:-1, max-image-preview:large, max-video-preview:-1\" \/>\n<link rel=\"canonical\" href=\"https:\/\/redfoxlotto.com\/cs\/hrat\/lotto-6aus49\/\" \/>\n<meta property=\"og:locale\" content=\"cs_CZ\" \/>\n<meta property=\"og:type\" content=\"article\" \/>\n<meta property=\"og:title\" content=\"Hrajte n\u011bmeck\u00e9 Lotto online\" \/>\n<meta property=\"og:description\" content=\"N\u011bmeck\u00e9 Lotto &quot;6 aus 49&quot; je nyn\u00ed k dispozici odkudkoli - hrajte online!\" \/>\n<meta property=\"og:url\" content=\"https:\/\/redfoxlotto.com\/cs\/hrat\/lotto-6aus49\/\" \/>\n<meta property=\"og:site_name\" content=\"Get Tickets for the World\u2019s largest jackpots\" \/>\n<meta property=\"article:modified_time\" content=\"2025-12-11T07:12:48+00:00\" \/>\n<meta property=\"og:image\" content=\"https:\/\/content.redfoxlotto.com\/uploads\/sites\/9\/1_big_win_lotto.jpg\" \/>\n<meta name=\"twitter:card\" content=\"summary_large_image\" \/>\n<meta name=\"twitter:label1\" content=\"Odhadovan\u00e1 doba \u010dten\u00ed\" \/>\n\t<meta name=\"twitter:data1\" content=\"2 minuty\" \/>\n<script type=\"application\/ld+json\" class=\"yoast-schema-graph\">{\"@context\":\"https:\/\/schema.org\",\"@graph\":[{\"@type\":\"WebPage\",\"@id\":\"https:\/\/redfoxlotto.com\/cs\/hrat\/lotto-6aus49\/\",\"url\":\"https:\/\/redfoxlotto.com\/cs\/hrat\/lotto-6aus49\/\",\"name\":\"Hrajte n\u011bmeck\u00e9 Lotto online\",\"isPartOf\":{\"@id\":\"https:\/\/redfoxlotto.com\/cs\/#website\"},\"primaryImageOfPage\":{\"@id\":\"https:\/\/redfoxlotto.com\/cs\/hrat\/lotto-6aus49\/#primaryimage\"},\"image\":{\"@id\":\"https:\/\/redfoxlotto.com\/cs\/hrat\/lotto-6aus49\/#primaryimage\"},\"thumbnailUrl\":\"https:\/\/content.redfoxlotto.com\/uploads\/sites\/9\/1_big_win_lotto.jpg\",\"datePublished\":\"2023-04-24T18:15:05+00:00\",\"dateModified\":\"2025-12-11T07:12:48+00:00\",\"description\":\"N\u011bmeck\u00e9 Lotto \\\"6 aus 49\\\" je nyn\u00ed k dispozici odkudkoli - hrajte online!\",\"breadcrumb\":{\"@id\":\"https:\/\/redfoxlotto.com\/cs\/hrat\/lotto-6aus49\/#breadcrumb\"},\"inLanguage\":\"cs\",\"potentialAction\":[{\"@type\":\"ReadAction\",\"target\":[\"https:\/\/redfoxlotto.com\/cs\/hrat\/lotto-6aus49\/\"]}]},{\"@type\":\"ImageObject\",\"inLanguage\":\"cs\",\"@id\":\"https:\/\/redfoxlotto.com\/cs\/hrat\/lotto-6aus49\/#primaryimage\",\"url\":\"https:\/\/content.redfoxlotto.com\/uploads\/sites\/9\/1_big_win_lotto.jpg\",\"contentUrl\":\"https:\/\/content.redfoxlotto.com\/uploads\/sites\/9\/1_big_win_lotto.jpg\"},{\"@type\":\"BreadcrumbList\",\"@id\":\"https:\/\/redfoxlotto.com\/cs\/hrat\/lotto-6aus49\/#breadcrumb\",\"itemListElement\":[{\"@type\":\"ListItem\",\"position\":1,\"name\":\"Home\",\"item\":\"https:\/\/redfoxlotto.com\/cs\/\"},{\"@type\":\"ListItem\",\"position\":2,\"name\":\"Jak hr\u00e1t\",\"item\":\"https:\/\/redfoxlotto.com\/cs\/hrat\/\"},{\"@type\":\"ListItem\",\"position\":3,\"name\":\"Hrajte n\u011bmeck\u00e9 Lotto online\"}]},{\"@type\":\"WebSite\",\"@id\":\"https:\/\/redfoxlotto.com\/cs\/#website\",\"url\":\"https:\/\/redfoxlotto.com\/cs\/\",\"name\":\"Get Tickets for the World\u2019s largest jackpots\",\"description\":\"Participate in worldwide lottery jackpots from any country\",\"publisher\":{\"@id\":\"https:\/\/redfoxlotto.com\/cs\/#organization\"},\"potentialAction\":[{\"@type\":\"SearchAction\",\"target\":{\"@type\":\"EntryPoint\",\"urlTemplate\":\"https:\/\/redfoxlotto.com\/cs\/?s={search_term_string}\"},\"query-input\":{\"@type\":\"PropertyValueSpecification\",\"valueRequired\":true,\"valueName\":\"search_term_string\"}}],\"inLanguage\":\"cs\"},{\"@type\":\"Organization\",\"@id\":\"https:\/\/redfoxlotto.com\/cs\/#organization\",\"name\":\"Get Tickets for the World\u2019s largest jackpots\",\"url\":\"https:\/\/redfoxlotto.com\/cs\/\",\"logo\":{\"@type\":\"ImageObject\",\"inLanguage\":\"cs\",\"@id\":\"https:\/\/redfoxlotto.com\/cs\/#\/schema\/logo\/image\/\",\"url\":\"https:\/\/redfoxlotto.com\/wp-content\/uploads\/2023\/04\/logo.png\",\"contentUrl\":\"https:\/\/redfoxlotto.com\/wp-content\/uploads\/2023\/04\/logo.png\",\"width\":269,\"height\":53,\"caption\":\"Get Tickets for the World\u2019s largest jackpots\"},\"image\":{\"@id\":\"https:\/\/redfoxlotto.com\/cs\/#\/schema\/logo\/image\/\"}}]}<\/script>\n<!-- \/ Yoast SEO plugin. -->","yoast_head_json":{"title":"Hrajte n\u011bmeck\u00e9 Lotto online","description":"N\u011bmeck\u00e9 Lotto \"6 aus 49\" je nyn\u00ed k dispozici odkudkoli - hrajte online!","robots":{"index":"index","follow":"follow","max-snippet":"max-snippet:-1","max-image-preview":"max-image-preview:large","max-video-preview":"max-video-preview:-1"},"canonical":"https:\/\/redfoxlotto.com\/cs\/hrat\/lotto-6aus49\/","og_locale":"cs_CZ","og_type":"article","og_title":"Hrajte n\u011bmeck\u00e9 Lotto online","og_description":"N\u011bmeck\u00e9 Lotto \"6 aus 49\" je nyn\u00ed k dispozici odkudkoli - hrajte online!","og_url":"https:\/\/redfoxlotto.com\/cs\/hrat\/lotto-6aus49\/","og_site_name":"Get Tickets for the World\u2019s largest jackpots","article_modified_time":"2025-12-11T07:12:48+00:00","og_image":[{"url":"https:\/\/content.redfoxlotto.com\/uploads\/sites\/9\/1_big_win_lotto.jpg"}],"twitter_card":"summary_large_image","twitter_misc":{"Odhadovan\u00e1 doba \u010dten\u00ed":"2 minuty"},"schema":{"@context":"https:\/\/schema.org","@graph":[{"@type":"WebPage","@id":"https:\/\/redfoxlotto.com\/cs\/hrat\/lotto-6aus49\/","url":"https:\/\/redfoxlotto.com\/cs\/hrat\/lotto-6aus49\/","name":"Hrajte n\u011bmeck\u00e9 Lotto online","isPartOf":{"@id":"https:\/\/redfoxlotto.com\/cs\/#website"},"primaryImageOfPage":{"@id":"https:\/\/redfoxlotto.com\/cs\/hrat\/lotto-6aus49\/#primaryimage"},"image":{"@id":"https:\/\/redfoxlotto.com\/cs\/hrat\/lotto-6aus49\/#primaryimage"},"thumbnailUrl":"https:\/\/content.redfoxlotto.com\/uploads\/sites\/9\/1_big_win_lotto.jpg","datePublished":"2023-04-24T18:15:05+00:00","dateModified":"2025-12-11T07:12:48+00:00","description":"N\u011bmeck\u00e9 Lotto \"6 aus 49\" je nyn\u00ed k dispozici odkudkoli - hrajte online!","breadcrumb":{"@id":"https:\/\/redfoxlotto.com\/cs\/hrat\/lotto-6aus49\/#breadcrumb"},"inLanguage":"cs","potentialAction":[{"@type":"ReadAction","target":["https:\/\/redfoxlotto.com\/cs\/hrat\/lotto-6aus49\/"]}]},{"@type":"ImageObject","inLanguage":"cs","@id":"https:\/\/redfoxlotto.com\/cs\/hrat\/lotto-6aus49\/#primaryimage","url":"https:\/\/content.redfoxlotto.com\/uploads\/sites\/9\/1_big_win_lotto.jpg","contentUrl":"https:\/\/content.redfoxlotto.com\/uploads\/sites\/9\/1_big_win_lotto.jpg"},{"@type":"BreadcrumbList","@id":"https:\/\/redfoxlotto.com\/cs\/hrat\/lotto-6aus49\/#breadcrumb","itemListElement":[{"@type":"ListItem","position":1,"name":"Home","item":"https:\/\/redfoxlotto.com\/cs\/"},{"@type":"ListItem","position":2,"name":"Jak hr\u00e1t","item":"https:\/\/redfoxlotto.com\/cs\/hrat\/"},{"@type":"ListItem","position":3,"name":"Hrajte n\u011bmeck\u00e9 Lotto online"}]},{"@type":"WebSite","@id":"https:\/\/redfoxlotto.com\/cs\/#website","url":"https:\/\/redfoxlotto.com\/cs\/","name":"Get Tickets for the World\u2019s largest jackpots","description":"Participate in worldwide lottery jackpots from any country","publisher":{"@id":"https:\/\/redfoxlotto.com\/cs\/#organization"},"potentialAction":[{"@type":"SearchAction","target":{"@type":"EntryPoint","urlTemplate":"https:\/\/redfoxlotto.com\/cs\/?s={search_term_string}"},"query-input":{"@type":"PropertyValueSpecification","valueRequired":true,"valueName":"search_term_string"}}],"inLanguage":"cs"},{"@type":"Organization","@id":"https:\/\/redfoxlotto.com\/cs\/#organization","name":"Get Tickets for the World\u2019s largest jackpots","url":"https:\/\/redfoxlotto.com\/cs\/","logo":{"@type":"ImageObject","inLanguage":"cs","@id":"https:\/\/redfoxlotto.com\/cs\/#\/schema\/logo\/image\/","url":"https:\/\/redfoxlotto.com\/wp-content\/uploads\/2023\/04\/logo.png","contentUrl":"https:\/\/redfoxlotto.com\/wp-content\/uploads\/2023\/04\/logo.png","width":269,"height":53,"caption":"Get Tickets for the World\u2019s largest jackpots"},"image":{"@id":"https:\/\/redfoxlotto.com\/cs\/#\/schema\/logo\/image\/"}}]}},"_links":{"self":[{"href":"https:\/\/redfoxlotto.com\/cs\/wp-json\/wp\/v2\/pages\/13106","targetHints":{"allow":["GET"]}}],"collection":[{"href":"https:\/\/redfoxlotto.com\/cs\/wp-json\/wp\/v2\/pages"}],"about":[{"href":"https:\/\/redfoxlotto.com\/cs\/wp-json\/wp\/v2\/types\/page"}],"author":[{"embeddable":true,"href":"https:\/\/redfoxlotto.com\/cs\/wp-json\/wp\/v2\/users\/1"}],"replies":[{"embeddable":true,"href":"https:\/\/redfoxlotto.com\/cs\/wp-json\/wp\/v2\/comments?post=13106"}],"version-history":[{"count":0,"href":"https:\/\/redfoxlotto.com\/cs\/wp-json\/wp\/v2\/pages\/13106\/revisions"}],"up":[{"embeddable":true,"href":"https:\/\/redfoxlotto.com\/cs\/wp-json\/wp\/v2\/pages\/5784"}],"wp:attachment":[{"href":"https:\/\/redfoxlotto.com\/cs\/wp-json\/wp\/v2\/media?parent=13106"}],"curies":[{"name":"wp","href":"https:\/\/api.w.org\/{rel}","templated":true}]}}