{"id":13008,"date":"2023-04-24T18:11:14","date_gmt":"2023-04-24T18:11:14","guid":{"rendered":"https:\/\/redfoxlotto.com\/?page_id=13008"},"modified":"2023-05-15T13:33:35","modified_gmt":"2023-05-15T13:33:35","slug":"mega-sena","status":"publish","type":"page","link":"https:\/\/redfoxlotto.com\/cs\/hrat\/mega-sena\/","title":{"rendered":"Hrajte Mega Sena Lotto online"},"content":{"rendered":"<p>Pokud jste se pod\u00edvali na loterijn\u00ed hry online, mo\u017en\u00e1 jste u\u017e Mega Senu vid\u011bli. Tato hra je ve skute\u010dnosti nejv\u011bt\u0161\u00ed loterijn\u00ed hrou, kter\u00e1 se v Braz\u00edlii aktu\u00e1ln\u011b odehr\u00e1v\u00e1, a to znamen\u00e1, \u017ee je to hra, kterou byste si ur\u010dit\u011b m\u011bli vyzkou\u0161et sami.<br>Provozovan\u00e1 Feder\u00e1ln\u00ed bankou Caixa Economica, je ve skute\u010dnosti u\u017e n\u011bjakou dobu a poskytuje v\u00e1m spoustu mo\u017enost\u00ed, pokud jde o to, co by mohlo b\u00fdt va\u0161\u00ed novou obl\u00edbenou hrou. Pokud chcete hr\u00e1t hru Mega Sena Brazil online, mus\u00edte zn\u00e1t pravidla.<\/p><h2 class=\"wp-block-heading\">Jak hr\u00e1t<\/h2><p><img decoding=\"async\" class=\"size-full wp-image alignright\" src=\"https:\/\/content.redfoxlotto.com\/uploads\/sites\/9\/1_win_online.jpg\" alt=\"Mega Sena Braz\u00edlie\"><\/p><p>P\u0159i h\u0159e Mega Sena Brazil si m\u016f\u017eete vybrat 6 \u010d\u00edsel a nejsou zde \u017e\u00e1dn\u00e1 dal\u0161\u00ed \u010d\u00edsla. Pokud si chcete vybrat vlastn\u00ed \u010d\u00edsla, m\u016f\u017eete tak u\u010dinit nebo si m\u016f\u017eete vybrat, co se naz\u00fdv\u00e1 \u201eRychl\u00fd v\u00fdb\u011br\u201c. Z\u00edsk\u00e1te tak n\u00e1hodn\u011b vybran\u00e1 \u010d\u00edsla.<\/p><h2 class=\"wp-block-heading\">Pod\u00edvejte se na v\u00fdsledky<\/h2><p>Jakmile z\u00edsk\u00e1te sv\u00e1 \u010d\u00edsla k hran\u00ed hry Mega Sena Brazil online, je \u010das zkontrolovat v\u00fdsledky. S RedFoxLotto.com to bude snadn\u00e9, proto\u017ee se pr\u00e1v\u011b p\u0159ihl\u00e1s\u00edte ke sv\u00e9mu \u00fa\u010dtu a \u010d\u00edsla zde budou k dispozici. A budou dokonce porovn\u00e1ny s va\u0161imi \u010d\u00edsly, abyste v\u011bd\u011bli, jestli vyhrajete.<\/p>","protected":false},"excerpt":{"rendered":"<p>Pokud jste se pod\u00edvali na loterijn\u00ed hry online, mo\u017en\u00e1 jste u\u017e Mega Senu vid\u011bli. Tato hra je ve skute\u010dnosti nejv\u011bt\u0161\u00ed loterijn\u00ed hrou, kter\u00e1 se v Braz\u00edlii aktu\u00e1ln\u011b odehr\u00e1v\u00e1, a to znamen\u00e1, \u017ee je to hra, kterou byste si ur\u010dit\u011b m\u011bli vyzkou\u0161et sami.Provozovan\u00e1 Feder\u00e1ln\u00ed bankou Caixa Economica, je ve skute\u010dnosti u\u017e n\u011bjakou dobu a poskytuje v\u00e1m [&hellip;]<\/p>\n","protected":false},"author":1,"featured_media":0,"parent":5784,"menu_order":13,"comment_status":"closed","ping_status":"closed","template":"megasena.php","meta":{"_et_pb_use_builder":"","_et_pb_old_content":"","_et_gb_content_width":"","exclude_from_search":false,"footnotes":""},"class_list":["post-13008","page","type-page","status-publish","hentry"],"yoast_head":"<!-- This site is optimized with the Yoast SEO plugin v27.3 - https:\/\/yoast.com\/product\/yoast-seo-wordpress\/ -->\n<title>Z\u00fa\u010dastn\u011bte se Mega Sena Lotto online<\/title>\n<meta name=\"description\" content=\"Nejv\u011bt\u0161\u00ed loterii z Braz\u00edlie lze hr\u00e1t online zde\" \/>\n<meta name=\"robots\" content=\"index, follow, max-snippet:-1, max-image-preview:large, max-video-preview:-1\" \/>\n<link rel=\"canonical\" href=\"https:\/\/redfoxlotto.com\/cs\/hrat\/mega-sena\/\" \/>\n<meta property=\"og:locale\" content=\"cs_CZ\" \/>\n<meta property=\"og:type\" content=\"article\" \/>\n<meta property=\"og:title\" content=\"Z\u00fa\u010dastn\u011bte se Mega Sena Lotto online\" \/>\n<meta property=\"og:description\" content=\"Nejv\u011bt\u0161\u00ed loterii z Braz\u00edlie lze hr\u00e1t online zde\" \/>\n<meta property=\"og:url\" content=\"https:\/\/redfoxlotto.com\/cs\/hrat\/mega-sena\/\" \/>\n<meta property=\"og:site_name\" content=\"Get Tickets for the World\u2019s largest jackpots\" \/>\n<meta property=\"article:modified_time\" content=\"2023-05-15T13:33:35+00:00\" \/>\n<meta property=\"og:image\" content=\"https:\/\/content.redfoxlotto.com\/uploads\/sites\/9\/1_win_online.jpg\" \/>\n<meta name=\"twitter:card\" content=\"summary_large_image\" \/>\n<meta name=\"twitter:label1\" content=\"Odhadovan\u00e1 doba \u010dten\u00ed\" \/>\n\t<meta name=\"twitter:data1\" content=\"1 minuta\" \/>\n<script type=\"application\/ld+json\" class=\"yoast-schema-graph\">{\"@context\":\"https:\\\/\\\/schema.org\",\"@graph\":[{\"@type\":\"WebPage\",\"@id\":\"https:\\\/\\\/redfoxlotto.com\\\/cs\\\/hrat\\\/mega-sena\\\/\",\"url\":\"https:\\\/\\\/redfoxlotto.com\\\/cs\\\/hrat\\\/mega-sena\\\/\",\"name\":\"Z\u00fa\u010dastn\u011bte se Mega Sena Lotto online\",\"isPartOf\":{\"@id\":\"https:\\\/\\\/redfoxlotto.com\\\/cs\\\/#website\"},\"primaryImageOfPage\":{\"@id\":\"https:\\\/\\\/redfoxlotto.com\\\/cs\\\/hrat\\\/mega-sena\\\/#primaryimage\"},\"image\":{\"@id\":\"https:\\\/\\\/redfoxlotto.com\\\/cs\\\/hrat\\\/mega-sena\\\/#primaryimage\"},\"thumbnailUrl\":\"https:\\\/\\\/content.redfoxlotto.com\\\/uploads\\\/sites\\\/9\\\/1_win_online.jpg\",\"datePublished\":\"2023-04-24T18:11:14+00:00\",\"dateModified\":\"2023-05-15T13:33:35+00:00\",\"description\":\"Nejv\u011bt\u0161\u00ed loterii z Braz\u00edlie lze hr\u00e1t online zde\",\"breadcrumb\":{\"@id\":\"https:\\\/\\\/redfoxlotto.com\\\/cs\\\/hrat\\\/mega-sena\\\/#breadcrumb\"},\"inLanguage\":\"cs\",\"potentialAction\":[{\"@type\":\"ReadAction\",\"target\":[\"https:\\\/\\\/redfoxlotto.com\\\/cs\\\/hrat\\\/mega-sena\\\/\"]}]},{\"@type\":\"ImageObject\",\"inLanguage\":\"cs\",\"@id\":\"https:\\\/\\\/redfoxlotto.com\\\/cs\\\/hrat\\\/mega-sena\\\/#primaryimage\",\"url\":\"https:\\\/\\\/content.redfoxlotto.com\\\/uploads\\\/sites\\\/9\\\/1_win_online.jpg\",\"contentUrl\":\"https:\\\/\\\/content.redfoxlotto.com\\\/uploads\\\/sites\\\/9\\\/1_win_online.jpg\"},{\"@type\":\"BreadcrumbList\",\"@id\":\"https:\\\/\\\/redfoxlotto.com\\\/cs\\\/hrat\\\/mega-sena\\\/#breadcrumb\",\"itemListElement\":[{\"@type\":\"ListItem\",\"position\":1,\"name\":\"Home\",\"item\":\"https:\\\/\\\/redfoxlotto.com\\\/cs\\\/\"},{\"@type\":\"ListItem\",\"position\":2,\"name\":\"Jak hr\u00e1t\",\"item\":\"https:\\\/\\\/redfoxlotto.com\\\/cs\\\/hrat\\\/\"},{\"@type\":\"ListItem\",\"position\":3,\"name\":\"Hrajte Mega Sena Lotto online\"}]},{\"@type\":\"WebSite\",\"@id\":\"https:\\\/\\\/redfoxlotto.com\\\/cs\\\/#website\",\"url\":\"https:\\\/\\\/redfoxlotto.com\\\/cs\\\/\",\"name\":\"Get Tickets for the World\u2019s largest jackpots\",\"description\":\"Participate in worldwide lottery jackpots from any country\",\"publisher\":{\"@id\":\"https:\\\/\\\/redfoxlotto.com\\\/cs\\\/#organization\"},\"potentialAction\":[{\"@type\":\"SearchAction\",\"target\":{\"@type\":\"EntryPoint\",\"urlTemplate\":\"https:\\\/\\\/redfoxlotto.com\\\/cs\\\/?s={search_term_string}\"},\"query-input\":{\"@type\":\"PropertyValueSpecification\",\"valueRequired\":true,\"valueName\":\"search_term_string\"}}],\"inLanguage\":\"cs\"},{\"@type\":\"Organization\",\"@id\":\"https:\\\/\\\/redfoxlotto.com\\\/cs\\\/#organization\",\"name\":\"Get Tickets for the World\u2019s largest jackpots\",\"url\":\"https:\\\/\\\/redfoxlotto.com\\\/cs\\\/\",\"logo\":{\"@type\":\"ImageObject\",\"inLanguage\":\"cs\",\"@id\":\"https:\\\/\\\/redfoxlotto.com\\\/cs\\\/#\\\/schema\\\/logo\\\/image\\\/\",\"url\":\"https:\\\/\\\/redfoxlotto.com\\\/wp-content\\\/uploads\\\/2023\\\/04\\\/logo.png\",\"contentUrl\":\"https:\\\/\\\/redfoxlotto.com\\\/wp-content\\\/uploads\\\/2023\\\/04\\\/logo.png\",\"width\":269,\"height\":53,\"caption\":\"Get Tickets for the World\u2019s largest jackpots\"},\"image\":{\"@id\":\"https:\\\/\\\/redfoxlotto.com\\\/cs\\\/#\\\/schema\\\/logo\\\/image\\\/\"}}]}<\/script>\n<!-- \/ Yoast SEO plugin. -->","yoast_head_json":{"title":"Z\u00fa\u010dastn\u011bte se Mega Sena Lotto online","description":"Nejv\u011bt\u0161\u00ed loterii z Braz\u00edlie lze hr\u00e1t online zde","robots":{"index":"index","follow":"follow","max-snippet":"max-snippet:-1","max-image-preview":"max-image-preview:large","max-video-preview":"max-video-preview:-1"},"canonical":"https:\/\/redfoxlotto.com\/cs\/hrat\/mega-sena\/","og_locale":"cs_CZ","og_type":"article","og_title":"Z\u00fa\u010dastn\u011bte se Mega Sena Lotto online","og_description":"Nejv\u011bt\u0161\u00ed loterii z Braz\u00edlie lze hr\u00e1t online zde","og_url":"https:\/\/redfoxlotto.com\/cs\/hrat\/mega-sena\/","og_site_name":"Get Tickets for the World\u2019s largest jackpots","article_modified_time":"2023-05-15T13:33:35+00:00","og_image":[{"url":"https:\/\/content.redfoxlotto.com\/uploads\/sites\/9\/1_win_online.jpg","type":"","width":"","height":""}],"twitter_card":"summary_large_image","twitter_misc":{"Odhadovan\u00e1 doba \u010dten\u00ed":"1 minuta"},"schema":{"@context":"https:\/\/schema.org","@graph":[{"@type":"WebPage","@id":"https:\/\/redfoxlotto.com\/cs\/hrat\/mega-sena\/","url":"https:\/\/redfoxlotto.com\/cs\/hrat\/mega-sena\/","name":"Z\u00fa\u010dastn\u011bte se Mega Sena Lotto online","isPartOf":{"@id":"https:\/\/redfoxlotto.com\/cs\/#website"},"primaryImageOfPage":{"@id":"https:\/\/redfoxlotto.com\/cs\/hrat\/mega-sena\/#primaryimage"},"image":{"@id":"https:\/\/redfoxlotto.com\/cs\/hrat\/mega-sena\/#primaryimage"},"thumbnailUrl":"https:\/\/content.redfoxlotto.com\/uploads\/sites\/9\/1_win_online.jpg","datePublished":"2023-04-24T18:11:14+00:00","dateModified":"2023-05-15T13:33:35+00:00","description":"Nejv\u011bt\u0161\u00ed loterii z Braz\u00edlie lze hr\u00e1t online zde","breadcrumb":{"@id":"https:\/\/redfoxlotto.com\/cs\/hrat\/mega-sena\/#breadcrumb"},"inLanguage":"cs","potentialAction":[{"@type":"ReadAction","target":["https:\/\/redfoxlotto.com\/cs\/hrat\/mega-sena\/"]}]},{"@type":"ImageObject","inLanguage":"cs","@id":"https:\/\/redfoxlotto.com\/cs\/hrat\/mega-sena\/#primaryimage","url":"https:\/\/content.redfoxlotto.com\/uploads\/sites\/9\/1_win_online.jpg","contentUrl":"https:\/\/content.redfoxlotto.com\/uploads\/sites\/9\/1_win_online.jpg"},{"@type":"BreadcrumbList","@id":"https:\/\/redfoxlotto.com\/cs\/hrat\/mega-sena\/#breadcrumb","itemListElement":[{"@type":"ListItem","position":1,"name":"Home","item":"https:\/\/redfoxlotto.com\/cs\/"},{"@type":"ListItem","position":2,"name":"Jak hr\u00e1t","item":"https:\/\/redfoxlotto.com\/cs\/hrat\/"},{"@type":"ListItem","position":3,"name":"Hrajte Mega Sena Lotto online"}]},{"@type":"WebSite","@id":"https:\/\/redfoxlotto.com\/cs\/#website","url":"https:\/\/redfoxlotto.com\/cs\/","name":"Get Tickets for the World\u2019s largest jackpots","description":"Participate in worldwide lottery jackpots from any country","publisher":{"@id":"https:\/\/redfoxlotto.com\/cs\/#organization"},"potentialAction":[{"@type":"SearchAction","target":{"@type":"EntryPoint","urlTemplate":"https:\/\/redfoxlotto.com\/cs\/?s={search_term_string}"},"query-input":{"@type":"PropertyValueSpecification","valueRequired":true,"valueName":"search_term_string"}}],"inLanguage":"cs"},{"@type":"Organization","@id":"https:\/\/redfoxlotto.com\/cs\/#organization","name":"Get Tickets for the World\u2019s largest jackpots","url":"https:\/\/redfoxlotto.com\/cs\/","logo":{"@type":"ImageObject","inLanguage":"cs","@id":"https:\/\/redfoxlotto.com\/cs\/#\/schema\/logo\/image\/","url":"https:\/\/redfoxlotto.com\/wp-content\/uploads\/2023\/04\/logo.png","contentUrl":"https:\/\/redfoxlotto.com\/wp-content\/uploads\/2023\/04\/logo.png","width":269,"height":53,"caption":"Get Tickets for the World\u2019s largest jackpots"},"image":{"@id":"https:\/\/redfoxlotto.com\/cs\/#\/schema\/logo\/image\/"}}]}},"_links":{"self":[{"href":"https:\/\/redfoxlotto.com\/cs\/wp-json\/wp\/v2\/pages\/13008","targetHints":{"allow":["GET"]}}],"collection":[{"href":"https:\/\/redfoxlotto.com\/cs\/wp-json\/wp\/v2\/pages"}],"about":[{"href":"https:\/\/redfoxlotto.com\/cs\/wp-json\/wp\/v2\/types\/page"}],"author":[{"embeddable":true,"href":"https:\/\/redfoxlotto.com\/cs\/wp-json\/wp\/v2\/users\/1"}],"replies":[{"embeddable":true,"href":"https:\/\/redfoxlotto.com\/cs\/wp-json\/wp\/v2\/comments?post=13008"}],"version-history":[{"count":0,"href":"https:\/\/redfoxlotto.com\/cs\/wp-json\/wp\/v2\/pages\/13008\/revisions"}],"up":[{"embeddable":true,"href":"https:\/\/redfoxlotto.com\/cs\/wp-json\/wp\/v2\/pages\/5784"}],"wp:attachment":[{"href":"https:\/\/redfoxlotto.com\/cs\/wp-json\/wp\/v2\/media?parent=13008"}],"curies":[{"name":"wp","href":"https:\/\/api.w.org\/{rel}","templated":true}]}}