{"id":12970,"date":"2023-04-24T18:09:15","date_gmt":"2023-04-24T18:09:15","guid":{"rendered":"https:\/\/redfoxlotto.com\/?page_id=12970"},"modified":"2025-12-10T12:41:13","modified_gmt":"2025-12-10T12:41:13","slug":"lotto-america","status":"publish","type":"page","link":"https:\/\/redfoxlotto.com\/cs\/hrat\/lotto-america\/","title":{"rendered":"Jak hr\u00e1t Lotto America online"},"content":{"rendered":"<script type=\"application\/ld+json\">\r\n{\r\n\"@context\": \"https:\/\/schema.org\",\r\n\"@type\": \"Service\",\r\n\"name\": \" Lotto America online\",\r\n\"url\": \"https:\/\/redfoxlotto.com\/cs\/hrat\/lotto-america\/\",\r\n\"description\": \"Zakupte si ofici\u00e1ln\u00ed online losy Lotto America online p\u0159es RedFoxLotto. Vyberte si sv\u00e1 \u010d\u00edsla a zapojte se do dal\u0161\u00edho slosov\u00e1n\u00ed.\",\r\n\"serviceType\": \"Online lottery ticket purchase\",\r\n\r\n\"provider\": {\r\n\"@type\": \"Organization\",\r\n\"name\": \"RedFoxLotto\",\r\n\"url\": \"https:\/\/redfoxlotto.com\",\r\n\"logo\": \"https:\/\/redfoxlotto.com\/wp-content\/uploads\/logo.png\"\r\n},\r\n\r\n\"areaServed\": \"Worldwide\",\r\n\"termsOfService\": \"https:\/\/redfoxlotto.com\/terms-and-conditions\",\r\n\r\n\"hasOfferCatalog\": {\r\n\"@type\": \"OfferCatalog\",\r\n\"name\": \"Lotto America Offers\",\r\n\"itemListElement\": [\r\n{\r\n\"@type\": \"Offer\",\r\n\"name\": \"Lotto America Lottery Ticket\",\r\n\"url\": \"https:\/\/redfoxlotto.com\/cs\/hrat\/lotto-america\/\",\r\n\"description\": \"Jeden vstup do dal\u0161\u00edho slosov\u00e1n\u00ed loterie Lotto America.\",\r\n\"price\": \"2.75\",\r\n\"priceCurrency\": \"EUR\",\r\n\"availability\": \"https:\/\/schema.org\/InStock\",\r\n\r\n\"itemOffered\": {\r\n\"@type\": \"Service\",\r\n\"name\": \"Lotto America Lottery Entry\",\r\n\"description\": \"P\u0159ihlaste se do dal\u0161\u00edho slosov\u00e1n\u00ed Lotto America p\u0159es RedFoxLotto.\"\r\n}\r\n}\r\n]\r\n},\r\n\r\n\"mainEntityOfPage\": {\r\n\"@type\": \"WebPage\",\r\n\"@id\": \"https:\/\/redfoxlotto.com\/cs\/hrat\/lotto-america\/\"\r\n}\r\n}\r\n<\/script><p>Pokud jde o hran\u00ed online loterie, mo\u017en\u00e1 budete hledat n\u011bco nov\u00e9ho. To je pravd\u011bpodobn\u011b d\u016fvod, pro\u010d jste p\u0159e\u0161li na hran\u00ed online her. No, bude to mnohem z\u00e1bavn\u011bj\u0161\u00ed, proto\u017ee jste Lotto America je\u0161t\u011b nevid\u011bli.<\/p><h2 class=\"wp-block-heading\">Co je to Lotto America?<\/h2><p><img decoding=\"async\" class=\"size-full wp-image alignright\" src=\"https:\/\/content.redfoxlotto.com\/uploads\/sites\/9\/1_play_lottery_online5.jpg\" alt=\"hr\u00e1t loto ameriku online\"><\/p><p>Lotto America je loterijn\u00ed hra s v\u00edce st\u00e1ty, kter\u00e1 v\u00e1m d\u00e1v\u00e1 \u0161anci na skv\u011bl\u00fd jackpot a d\u00e1v\u00e1 v\u00e1m n\u011bjak\u00e9 dobr\u00e9 kurzy, abyste s n\u00edm mohli j\u00edt. Nejen to, ale vstupenky jsou levn\u00e9 a tato hra v\u00e1m d\u00e1v\u00e1 spoustu zp\u016fsob\u016f, jak m\u016f\u017eete vyhr\u00e1t men\u0161\u00ed ceny, kdy\u017e jste u toho. To znamen\u00e1, \u017ee se s t\u00edm budete bavit, i kdy\u017e nevyhrajete jackpot.<\/p><h2 class=\"wp-block-heading\">Co byste m\u011bli v\u011bd\u011bt o h\u0159e<\/h2><p>Tato hra se \u010derp\u00e1 dvakr\u00e1t t\u00fddn\u011b, ve st\u0159edu a v sobotu. Nakresl\u00ed tak\u00e9 celkem \u0161est r\u016fzn\u00fdch koul\u00ed. P\u011bt z nich jsou norm\u00e1ln\u00ed b\u00edl\u00e9 koule, co\u017e jsou va\u0161e standardn\u00ed \u010d\u00edsla. Jedn\u00edm z nich je \u010derven\u00fd m\u00ed\u010dek, co\u017e je bonusov\u00e9 \u010d\u00edslo.<\/p><p>A\u017e budete p\u0159ipraveni za\u010d\u00edt hr\u00e1t Lotto America, sta\u010d\u00ed si vytvo\u0159it \u00fa\u010det online pomoc\u00ed RedFoxLotto. Odtud si m\u016f\u017eete prohl\u00e9dnout v\u0161echny na\u0161e r\u016fzn\u00e9 hry, kter\u00e9 zahrnuj\u00ed mo\u017enosti z cel\u00e9ho sv\u011bta. Lotto America je jen jedna z mnoha her, ze kter\u00fdch si m\u016f\u017eete vybrat, ale bude to z\u00e1bava.<\/p><p>Jakmile vyberete hru, uvid\u00edte, co je jackpot a kdy se losov\u00e1n\u00ed uskute\u010dn\u00ed p\u0159ed zakoupen\u00edm vstupenky. Jakmile se rozhodnete koupit l\u00edstek, sta\u010d\u00ed si vybrat \u010d\u00edsla, kter\u00e1 chcete. M\u016f\u017eete si vybrat v\u0161echna \u010d\u00edsla sami, pokud m\u00e1te p\u0159ednost, nebo si m\u016f\u017eete vybrat pouze n\u011bkolik \u010d\u00edsel a zbytek nechat n\u00e1hodn\u011b vygenerovat. Nebo m\u016f\u017eete nechat generovat v\u0161echna \u010d\u00edsla n\u00e1hodn\u011b. Je to zcela na v\u00e1s.<\/p><h2 class=\"wp-block-heading\">Vyhr\u00e1li jste?<\/h2><p>V\u0161e, co mus\u00edte ud\u011blat pro kontrolu sv\u00fdch v\u00fdher, je vypadat online. RedFoxLotto nab\u00edz\u00ed v\u0161echna v\u00fdhern\u00ed \u010d\u00edsla a kdy\u017e jdete na sv\u016fj \u00fa\u010det, m\u016f\u017eete porovnat sv\u00e9 vstupenky s v\u00fdhern\u00edmi \u010d\u00edsly<\/p><p>Pokud vyhrajete malou cenu, bude automaticky ulo\u017eena na v\u00e1\u0161 \u00fa\u010det. Pokud vyhrajete velkou cenu, pom\u016f\u017eeme v\u00e1m a projdeme proces z\u00edsk\u00e1n\u00ed ceny. Ale bez ohledu na to, co vyhrajete, se o \u00fa\u010dtu okam\u017eit\u011b dozv\u00edte, proto\u017ee v\u00e1m uk\u00e1\u017eeme va\u0161e \u010d\u00edsla a v\u00fdhern\u00ed \u010d\u00edsla.<\/p><p>Tak pro\u010d to nezkusit a vyzkou\u0161et Lotto America? Mo\u017en\u00e1 si ani neuv\u011bdomujete, co v\u00e1m pr\u00e1v\u011b chyb\u00ed.<\/p>","protected":false},"excerpt":{"rendered":"<p>Pokud jde o hran\u00ed online loterie, mo\u017en\u00e1 budete hledat n\u011bco nov\u00e9ho. To je pravd\u011bpodobn\u011b d\u016fvod, pro\u010d jste p\u0159e\u0161li na hran\u00ed online her. No, bude to mnohem z\u00e1bavn\u011bj\u0161\u00ed, proto\u017ee jste Lotto America je\u0161t\u011b nevid\u011bli. Co je to Lotto America? Lotto America je loterijn\u00ed hra s v\u00edce st\u00e1ty, kter\u00e1 v\u00e1m d\u00e1v\u00e1 \u0161anci na skv\u011bl\u00fd jackpot a d\u00e1v\u00e1 [&hellip;]<\/p>\n","protected":false},"author":1,"featured_media":0,"parent":5784,"menu_order":12,"comment_status":"closed","ping_status":"closed","template":"lotto-america.php","meta":{"_et_pb_use_builder":"","_et_pb_old_content":"","_et_gb_content_width":"","exclude_from_search":false,"footnotes":""},"class_list":["post-12970","page","type-page","status-publish","hentry"],"yoast_head":"<!-- This site is optimized with the Yoast SEO plugin v27.3 - https:\/\/yoast.com\/product\/yoast-seo-wordpress\/ -->\n<title>Hrajte Lotto America online<\/title>\n<meta name=\"description\" content=\"Hr\u00e1\u010di z kter\u00e9koli zem\u011b se nyn\u00ed mohou p\u0159ipojit a hr\u00e1t tuto v\u00edcest\u00e1tn\u00ed loterii z USA online\" \/>\n<meta name=\"robots\" content=\"index, follow, max-snippet:-1, max-image-preview:large, max-video-preview:-1\" \/>\n<link rel=\"canonical\" href=\"https:\/\/redfoxlotto.com\/cs\/hrat\/lotto-america\/\" \/>\n<meta property=\"og:locale\" content=\"cs_CZ\" \/>\n<meta property=\"og:type\" content=\"article\" \/>\n<meta property=\"og:title\" content=\"Hrajte Lotto America online\" \/>\n<meta property=\"og:description\" content=\"Hr\u00e1\u010di z kter\u00e9koli zem\u011b se nyn\u00ed mohou p\u0159ipojit a hr\u00e1t tuto v\u00edcest\u00e1tn\u00ed loterii z USA online\" \/>\n<meta property=\"og:url\" content=\"https:\/\/redfoxlotto.com\/cs\/hrat\/lotto-america\/\" \/>\n<meta property=\"og:site_name\" content=\"Get Tickets for the World\u2019s largest jackpots\" \/>\n<meta property=\"article:modified_time\" content=\"2025-12-10T12:41:13+00:00\" \/>\n<meta property=\"og:image\" content=\"https:\/\/content.redfoxlotto.com\/uploads\/sites\/9\/1_play_lottery_online5.jpg\" \/>\n<meta name=\"twitter:card\" content=\"summary_large_image\" \/>\n<meta name=\"twitter:label1\" content=\"Odhadovan\u00e1 doba \u010dten\u00ed\" \/>\n\t<meta name=\"twitter:data1\" content=\"2 minuty\" \/>\n<script type=\"application\/ld+json\" class=\"yoast-schema-graph\">{\"@context\":\"https:\\\/\\\/schema.org\",\"@graph\":[{\"@type\":\"WebPage\",\"@id\":\"https:\\\/\\\/redfoxlotto.com\\\/cs\\\/hrat\\\/lotto-america\\\/\",\"url\":\"https:\\\/\\\/redfoxlotto.com\\\/cs\\\/hrat\\\/lotto-america\\\/\",\"name\":\"Hrajte Lotto America online\",\"isPartOf\":{\"@id\":\"https:\\\/\\\/redfoxlotto.com\\\/cs\\\/#website\"},\"primaryImageOfPage\":{\"@id\":\"https:\\\/\\\/redfoxlotto.com\\\/cs\\\/hrat\\\/lotto-america\\\/#primaryimage\"},\"image\":{\"@id\":\"https:\\\/\\\/redfoxlotto.com\\\/cs\\\/hrat\\\/lotto-america\\\/#primaryimage\"},\"thumbnailUrl\":\"https:\\\/\\\/content.redfoxlotto.com\\\/uploads\\\/sites\\\/9\\\/1_play_lottery_online5.jpg\",\"datePublished\":\"2023-04-24T18:09:15+00:00\",\"dateModified\":\"2025-12-10T12:41:13+00:00\",\"description\":\"Hr\u00e1\u010di z kter\u00e9koli zem\u011b se nyn\u00ed mohou p\u0159ipojit a hr\u00e1t tuto v\u00edcest\u00e1tn\u00ed loterii z USA online\",\"breadcrumb\":{\"@id\":\"https:\\\/\\\/redfoxlotto.com\\\/cs\\\/hrat\\\/lotto-america\\\/#breadcrumb\"},\"inLanguage\":\"cs\",\"potentialAction\":[{\"@type\":\"ReadAction\",\"target\":[\"https:\\\/\\\/redfoxlotto.com\\\/cs\\\/hrat\\\/lotto-america\\\/\"]}]},{\"@type\":\"ImageObject\",\"inLanguage\":\"cs\",\"@id\":\"https:\\\/\\\/redfoxlotto.com\\\/cs\\\/hrat\\\/lotto-america\\\/#primaryimage\",\"url\":\"https:\\\/\\\/content.redfoxlotto.com\\\/uploads\\\/sites\\\/9\\\/1_play_lottery_online5.jpg\",\"contentUrl\":\"https:\\\/\\\/content.redfoxlotto.com\\\/uploads\\\/sites\\\/9\\\/1_play_lottery_online5.jpg\"},{\"@type\":\"BreadcrumbList\",\"@id\":\"https:\\\/\\\/redfoxlotto.com\\\/cs\\\/hrat\\\/lotto-america\\\/#breadcrumb\",\"itemListElement\":[{\"@type\":\"ListItem\",\"position\":1,\"name\":\"Home\",\"item\":\"https:\\\/\\\/redfoxlotto.com\\\/cs\\\/\"},{\"@type\":\"ListItem\",\"position\":2,\"name\":\"Jak hr\u00e1t\",\"item\":\"https:\\\/\\\/redfoxlotto.com\\\/cs\\\/hrat\\\/\"},{\"@type\":\"ListItem\",\"position\":3,\"name\":\"Jak hr\u00e1t Lotto America online\"}]},{\"@type\":\"WebSite\",\"@id\":\"https:\\\/\\\/redfoxlotto.com\\\/cs\\\/#website\",\"url\":\"https:\\\/\\\/redfoxlotto.com\\\/cs\\\/\",\"name\":\"Get Tickets for the World\u2019s largest jackpots\",\"description\":\"Participate in worldwide lottery jackpots from any country\",\"publisher\":{\"@id\":\"https:\\\/\\\/redfoxlotto.com\\\/cs\\\/#organization\"},\"potentialAction\":[{\"@type\":\"SearchAction\",\"target\":{\"@type\":\"EntryPoint\",\"urlTemplate\":\"https:\\\/\\\/redfoxlotto.com\\\/cs\\\/?s={search_term_string}\"},\"query-input\":{\"@type\":\"PropertyValueSpecification\",\"valueRequired\":true,\"valueName\":\"search_term_string\"}}],\"inLanguage\":\"cs\"},{\"@type\":\"Organization\",\"@id\":\"https:\\\/\\\/redfoxlotto.com\\\/cs\\\/#organization\",\"name\":\"Get Tickets for the World\u2019s largest jackpots\",\"url\":\"https:\\\/\\\/redfoxlotto.com\\\/cs\\\/\",\"logo\":{\"@type\":\"ImageObject\",\"inLanguage\":\"cs\",\"@id\":\"https:\\\/\\\/redfoxlotto.com\\\/cs\\\/#\\\/schema\\\/logo\\\/image\\\/\",\"url\":\"https:\\\/\\\/redfoxlotto.com\\\/wp-content\\\/uploads\\\/2023\\\/04\\\/logo.png\",\"contentUrl\":\"https:\\\/\\\/redfoxlotto.com\\\/wp-content\\\/uploads\\\/2023\\\/04\\\/logo.png\",\"width\":269,\"height\":53,\"caption\":\"Get Tickets for the World\u2019s largest jackpots\"},\"image\":{\"@id\":\"https:\\\/\\\/redfoxlotto.com\\\/cs\\\/#\\\/schema\\\/logo\\\/image\\\/\"}}]}<\/script>\n<!-- \/ Yoast SEO plugin. -->","yoast_head_json":{"title":"Hrajte Lotto America online","description":"Hr\u00e1\u010di z kter\u00e9koli zem\u011b se nyn\u00ed mohou p\u0159ipojit a hr\u00e1t tuto v\u00edcest\u00e1tn\u00ed loterii z USA online","robots":{"index":"index","follow":"follow","max-snippet":"max-snippet:-1","max-image-preview":"max-image-preview:large","max-video-preview":"max-video-preview:-1"},"canonical":"https:\/\/redfoxlotto.com\/cs\/hrat\/lotto-america\/","og_locale":"cs_CZ","og_type":"article","og_title":"Hrajte Lotto America online","og_description":"Hr\u00e1\u010di z kter\u00e9koli zem\u011b se nyn\u00ed mohou p\u0159ipojit a hr\u00e1t tuto v\u00edcest\u00e1tn\u00ed loterii z USA online","og_url":"https:\/\/redfoxlotto.com\/cs\/hrat\/lotto-america\/","og_site_name":"Get Tickets for the World\u2019s largest jackpots","article_modified_time":"2025-12-10T12:41:13+00:00","og_image":[{"url":"https:\/\/content.redfoxlotto.com\/uploads\/sites\/9\/1_play_lottery_online5.jpg","type":"","width":"","height":""}],"twitter_card":"summary_large_image","twitter_misc":{"Odhadovan\u00e1 doba \u010dten\u00ed":"2 minuty"},"schema":{"@context":"https:\/\/schema.org","@graph":[{"@type":"WebPage","@id":"https:\/\/redfoxlotto.com\/cs\/hrat\/lotto-america\/","url":"https:\/\/redfoxlotto.com\/cs\/hrat\/lotto-america\/","name":"Hrajte Lotto America online","isPartOf":{"@id":"https:\/\/redfoxlotto.com\/cs\/#website"},"primaryImageOfPage":{"@id":"https:\/\/redfoxlotto.com\/cs\/hrat\/lotto-america\/#primaryimage"},"image":{"@id":"https:\/\/redfoxlotto.com\/cs\/hrat\/lotto-america\/#primaryimage"},"thumbnailUrl":"https:\/\/content.redfoxlotto.com\/uploads\/sites\/9\/1_play_lottery_online5.jpg","datePublished":"2023-04-24T18:09:15+00:00","dateModified":"2025-12-10T12:41:13+00:00","description":"Hr\u00e1\u010di z kter\u00e9koli zem\u011b se nyn\u00ed mohou p\u0159ipojit a hr\u00e1t tuto v\u00edcest\u00e1tn\u00ed loterii z USA online","breadcrumb":{"@id":"https:\/\/redfoxlotto.com\/cs\/hrat\/lotto-america\/#breadcrumb"},"inLanguage":"cs","potentialAction":[{"@type":"ReadAction","target":["https:\/\/redfoxlotto.com\/cs\/hrat\/lotto-america\/"]}]},{"@type":"ImageObject","inLanguage":"cs","@id":"https:\/\/redfoxlotto.com\/cs\/hrat\/lotto-america\/#primaryimage","url":"https:\/\/content.redfoxlotto.com\/uploads\/sites\/9\/1_play_lottery_online5.jpg","contentUrl":"https:\/\/content.redfoxlotto.com\/uploads\/sites\/9\/1_play_lottery_online5.jpg"},{"@type":"BreadcrumbList","@id":"https:\/\/redfoxlotto.com\/cs\/hrat\/lotto-america\/#breadcrumb","itemListElement":[{"@type":"ListItem","position":1,"name":"Home","item":"https:\/\/redfoxlotto.com\/cs\/"},{"@type":"ListItem","position":2,"name":"Jak hr\u00e1t","item":"https:\/\/redfoxlotto.com\/cs\/hrat\/"},{"@type":"ListItem","position":3,"name":"Jak hr\u00e1t Lotto America online"}]},{"@type":"WebSite","@id":"https:\/\/redfoxlotto.com\/cs\/#website","url":"https:\/\/redfoxlotto.com\/cs\/","name":"Get Tickets for the World\u2019s largest jackpots","description":"Participate in worldwide lottery jackpots from any country","publisher":{"@id":"https:\/\/redfoxlotto.com\/cs\/#organization"},"potentialAction":[{"@type":"SearchAction","target":{"@type":"EntryPoint","urlTemplate":"https:\/\/redfoxlotto.com\/cs\/?s={search_term_string}"},"query-input":{"@type":"PropertyValueSpecification","valueRequired":true,"valueName":"search_term_string"}}],"inLanguage":"cs"},{"@type":"Organization","@id":"https:\/\/redfoxlotto.com\/cs\/#organization","name":"Get Tickets for the World\u2019s largest jackpots","url":"https:\/\/redfoxlotto.com\/cs\/","logo":{"@type":"ImageObject","inLanguage":"cs","@id":"https:\/\/redfoxlotto.com\/cs\/#\/schema\/logo\/image\/","url":"https:\/\/redfoxlotto.com\/wp-content\/uploads\/2023\/04\/logo.png","contentUrl":"https:\/\/redfoxlotto.com\/wp-content\/uploads\/2023\/04\/logo.png","width":269,"height":53,"caption":"Get Tickets for the World\u2019s largest jackpots"},"image":{"@id":"https:\/\/redfoxlotto.com\/cs\/#\/schema\/logo\/image\/"}}]}},"_links":{"self":[{"href":"https:\/\/redfoxlotto.com\/cs\/wp-json\/wp\/v2\/pages\/12970","targetHints":{"allow":["GET"]}}],"collection":[{"href":"https:\/\/redfoxlotto.com\/cs\/wp-json\/wp\/v2\/pages"}],"about":[{"href":"https:\/\/redfoxlotto.com\/cs\/wp-json\/wp\/v2\/types\/page"}],"author":[{"embeddable":true,"href":"https:\/\/redfoxlotto.com\/cs\/wp-json\/wp\/v2\/users\/1"}],"replies":[{"embeddable":true,"href":"https:\/\/redfoxlotto.com\/cs\/wp-json\/wp\/v2\/comments?post=12970"}],"version-history":[{"count":0,"href":"https:\/\/redfoxlotto.com\/cs\/wp-json\/wp\/v2\/pages\/12970\/revisions"}],"up":[{"embeddable":true,"href":"https:\/\/redfoxlotto.com\/cs\/wp-json\/wp\/v2\/pages\/5784"}],"wp:attachment":[{"href":"https:\/\/redfoxlotto.com\/cs\/wp-json\/wp\/v2\/media?parent=12970"}],"curies":[{"name":"wp","href":"https:\/\/api.w.org\/{rel}","templated":true}]}}