{"id":102315,"date":"2025-02-12T11:20:21","date_gmt":"2025-02-12T11:20:21","guid":{"rendered":"https:\/\/redfoxlotto.com\/?page_id=102315"},"modified":"2026-01-12T09:51:54","modified_gmt":"2026-01-12T09:51:54","slug":"sance-na-vyhru-v-keno","status":"publish","type":"page","link":"https:\/\/redfoxlotto.com\/cs\/keno\/sance-na-vyhru-v-keno\/","title":{"rendered":"V\u00fdhern\u00ed \u010d\u00edsla Gold Keno"},"content":{"rendered":"<h2>V Gold Keno na v\u00e1s \u010dek\u00e1 jackpot ve v\u00fd\u0161i 2 milion\u016f eur.<\/h2>\n<p><img loading=\"lazy\" decoding=\"async\" class=\"size-medium wp-image-93652 alignright\" src=\"https:\/\/redfoxlotto.com\/wp-content\/uploads\/2025\/09\/gold-keno-win-2-300x300.jpg\" alt=\"gold keno\" width=\"300\" height=\"300\" \/><br \/>\nGold Keno je online loterijn\u00ed hra, kter\u00e1 je opravdu z\u00e1bavn\u00e1. Ka\u017ed\u00fd, kdo hraje hry, m\u016f\u017ee vyhr\u00e1t \u00fa\u017easnou hlavn\u00ed cenu ve v\u00fd\u0161i 2 milion\u016f eur. Je snadn\u00e9 pochopit, pro\u010d je Gold Keno tak popul\u00e1rn\u00ed: ka\u017ed\u00e9 losov\u00e1n\u00ed v\u00e1m d\u00e1v\u00e1 re\u00e1lnou \u0161anci vyhr\u00e1t spoustu pen\u011bz, kter\u00e9 mohou zm\u011bnit v\u00e1\u0161 \u017eivot k lep\u0161\u00edmu. Z\u00e1bava t\u00e9to hry spo\u010d\u00edv\u00e1 v tom, \u017ee m\u00e1 rychl\u00e1 losov\u00e1n\u00ed, fair play a \u0161anci vyhr\u00e1t jackpot ve v\u00fd\u0161i dvou milion\u016f eur. To plat\u00ed, a\u0165 u\u017e hrajete pro z\u00e1bavu nebo chcete vyd\u011blat spoustu pen\u011bz.<\/p>\n<h2>Pr\u016fvodce \u0161ancemi na v\u00fdhru ve h\u0159e Gold Keno<\/h2>\n<p>Ve h\u0159e Gold Keno se n\u00e1hodn\u011b vybere 20 \u010d\u00edsel z osmi des\u00edtek. Hr\u00e1\u010di si vyb\u00edraj\u00ed vlastn\u00ed \u010d\u00edsla a v\u00fd\u0161e v\u00fdhry z\u00e1vis\u00ed na tom, kolikr\u00e1t se jejich v\u00fdb\u011br shoduje s losov\u00e1n\u00edm. P\u0159id\u00e1n\u00ed multiplik\u00e1toru zvy\u0161uje mo\u017enou v\u00fdplatu. To znamen\u00e1, \u017ee tikety, kter\u00e9 stoj\u00ed v\u00edce, vyhraj\u00ed v\u011bt\u0161\u00ed ceny.<\/p>\n<p>Kdy\u017e m\u00e1te v\u00edce mo\u017enost\u00ed, m\u00e1te v\u011bt\u0161\u00ed \u0161anci na vy\u0161\u0161\u00ed v\u00fdplatu, ale kdy\u017e m\u00e1te m\u00e9n\u011b mo\u017enost\u00ed, m\u00e1te v\u011bt\u0161\u00ed \u0161anci na ni\u017e\u0161\u00ed v\u00fdplatu. \u0160ance na v\u00fdhru v keno jsou zalo\u017eeny na t\u00e9to rovnov\u00e1ze: v\u00edce v\u00fdb\u011br\u016f znamen\u00e1 v\u011bt\u0161\u00ed v\u00fdhry, ale t\u011b\u017e\u0161\u00ed \u0161ance, zat\u00edmco m\u00e9n\u011b v\u00fdb\u011br\u016f usnad\u0148uje v\u00fdhru. Pokud pou\u017eijete multiplik\u00e1tor, m\u016f\u017eete vyhr\u00e1t hlavn\u00ed v\u00fdhru ve v\u00fd\u0161i dvou milion\u016f eur.<\/p>\n<h2>Kl\u00ed\u010dem k v\u011bt\u0161\u00ed v\u00fdh\u0159e je pou\u017eit\u00ed multiplik\u00e1tor\u016f.<\/h2>\n<p>D\u00edky funkci multiplik\u00e1toru m\u016f\u017eete vyhr\u00e1t nejvy\u0161\u0161\u00ed odm\u011bnu 2 miliony eur v Gold Keno. Nap\u0159\u00edklad:<\/p>\n<p>Pokud je nejvy\u0161\u0161\u00ed multiplik\u00e1tor nastaven na 5x, tiket s multiplik\u00e1torem 1x v\u00e1m d\u00e1 20 % z nejv\u011bt\u0161\u00ed v\u00fdhry. Pokud hr\u00e1\u010di s\u00e1zej\u00ed s nejvy\u0161\u0161\u00edm multiplik\u00e1torem, mohou z\u00edskat \u00fapln\u00fd p\u0159\u00edstup k v\u00fdhern\u00edmu fondu, kter\u00fd m\u00e1 hodnotu v\u00edce ne\u017e 2 miliony eur.<\/p>\n<p>Tato technika nab\u00edz\u00ed hr\u00e1\u010d\u016fm dal\u0161\u00ed zp\u016fsob, jak zm\u011bnit \u0161ance na v\u00fdhru v keno. Poskytuje spravedliv\u00fd zp\u016fsob hry jak opatrn\u00fdm hr\u00e1\u010d\u016fm, tak t\u011bm, kte\u0159\u00ed r\u00e1di riskuj\u00ed.<\/p>\n<h2>Pro transakce se pou\u017e\u00edvaj\u00ed hotovost a vklady.<\/h2>\n<p>Abyste mohli hr\u00e1t Gold Keno, mus\u00edte vlo\u017eit pen\u00edze na sv\u016fj \u00fa\u010det a koupit si tikety online. Transakce jsou rychl\u00e9, bezpe\u010dn\u00e9 a snadno srozumiteln\u00e9, tak\u017ee se m\u016f\u017eete ihned zapojit do jak\u00e9hokoli losov\u00e1n\u00ed.<\/p>\n<h2>Prob\u00edh\u00e1 mnoho losov\u00e1n\u00ed Gold Keno<\/h2>\n<p>Na hran\u00ed Gold Keno nemus\u00edte \u010dekat jako u jin\u00fdch loteri\u00ed. Ka\u017ed\u00fdch p\u00e1r minut se konaj\u00ed nov\u00e1 losov\u00e1n\u00ed, d\u00edky \u010demu\u017e je z\u00e1vod o hlavn\u00ed v\u00fdhru 2 miliony eur z\u00e1bavn\u00fdm a nekone\u010dn\u00fdm dobrodru\u017estv\u00edm. Vzhledem k tomu, \u017ee se kon\u00e1 tolik losov\u00e1n\u00ed, jsou \u0161ance na v\u00fdhru v keno opakovan\u011b testov\u00e1ny, co\u017e udr\u017euje hru z\u00e1bavnou.<\/p>\n<h2>Gener\u00e1tor n\u00e1hodn\u00fdch \u010d\u00edsel (RNG) pro f\u00e9rovou hru<\/h2>\n<p>Abychom zajistili, \u017ee ka\u017ed\u00e9 losov\u00e1n\u00ed Gold Keno je f\u00e9rov\u00e9, pou\u017e\u00edv\u00e1me ov\u011b\u0159en\u00fd gener\u00e1tor n\u00e1hodn\u00fdch \u010d\u00edsel (RNG). Proto\u017ee ka\u017ed\u00fd v\u00fdsledek je zcela n\u00e1hodn\u00fd, \u0161ance na v\u00fdhru ceny 2 miliony eur nen\u00ed zalo\u017eena na odhadech, ale na n\u00e1hod\u011b. T\u00edm je zaji\u0161t\u011bno, \u017ee ka\u017ed\u00fd m\u00e1 stejnou \u0161anci na v\u00fdhru v keno.<\/p>\n<h2>Kontrola v\u00fdher a jejich v\u00fdb\u011br<\/h2>\n<p>Hr\u00e1\u010di mohou v\u00fdsledky okam\u017eit\u011b vid\u011bt v sekci \u201eMoje tikety\u201c. Men\u0161\u00ed v\u00fdhry se okam\u017eit\u011b p\u0159ip\u00ed\u0161\u00ed na v\u00e1\u0161 \u00fa\u010det a v\u011bt\u0161\u00ed v\u00fdhry, kter\u00e9 mohou dos\u00e1hnout a\u017e 2 500 \u20ac, jsou tak\u00e9 p\u0159evedeny okam\u017eit\u011b. Poji\u0161t\u011bn\u00ed garantuje hlavn\u00ed v\u00fdhru ve v\u00fd\u0161i 2 milion\u016f \u20ac a dal\u0161\u00ed velk\u00e9 v\u00fdhry a vl\u00e1da kontroluje, zda jsou skute\u010dn\u011b vyplaceny.<\/p>\n<h2>V\u0161ichni v\u00fdherci maj\u00ed pr\u00e1vo na vr\u00e1cen\u00ed pen\u011bz<\/h2>\n<p>Na rozd\u00edl od v\u011bt\u0161iny loteri\u00ed Gold Keno vypl\u00e1c\u00ed v\u00fdhry bez ohledu na to, kolik tiket\u016f se prod\u00e1. Hra je nejen bezpe\u010dn\u00e1, ale tak\u00e9 v\u00fdnosn\u00e1, proto\u017ee v\u0161echny v\u00fdhry, v\u010detn\u011b loterijn\u00edho jackpotu ve v\u00fd\u0161i 2 miliony eur, jsou zcela bezpe\u010dn\u00e9.<\/p>\n<h2>Pap\u00edrov\u00e9 tikety neexistuj\u00ed, proto\u017ee v\u0161e se d\u011bje online.<\/h2>\n<p>Pap\u00edrov\u00e9 tikety nebudete pot\u0159ebovat, proto\u017ee Gold Keno je zcela digit\u00e1ln\u00ed. Tento syst\u00e9m sleduje v\u0161echny podan\u00e9 tikety, tak\u017ee se nic nem\u016f\u017ee ztratit ani ukr\u00e1st.<\/p>\n<h2>Z\u00e1v\u011bre\u010dn\u00e9 my\u0161lenky: \u010c\u00edm se Gold Keno li\u0161\u00ed od jin\u00fdch her Keno<\/h2>\n<p>Gold Keno je st\u00e1le jednou z nejzaj\u00edmav\u011bj\u0161\u00edch online loterijn\u00edch her, proto\u017ee m\u00e1 losov\u00e1n\u00ed ka\u017ed\u00fdch n\u011bkolik minut, spravedliv\u00e9 v\u00fdstupy gener\u00e1toru n\u00e1hodn\u00fdch \u010d\u00edsel, zaru\u010den\u00e9 odm\u011bny a \u0161anci vyhr\u00e1t jackpot ve v\u00fd\u0161i 2 milion\u016f eur. Pro lidi, kte\u0159\u00ed p\u0159em\u00fd\u0161lej\u00ed o \u0161anc\u00edch na v\u00fdhru v keno, je tato hra vzru\u0161uj\u00edc\u00ed a uklid\u0148uj\u00edc\u00ed, proto\u017ee ka\u017ed\u00fd tiket m\u016f\u017ee zm\u011bnit pr\u016fb\u011bh hry pro hr\u00e1\u010de s velk\u00fdmi c\u00edli.<\/p>\n","protected":false},"excerpt":{"rendered":"<p>V Gold Keno na v\u00e1s \u010dek\u00e1 jackpot ve v\u00fd\u0161i 2 milion\u016f eur. Gold Keno je online loterijn\u00ed hra, kter\u00e1 je opravdu z\u00e1bavn\u00e1. Ka\u017ed\u00fd, kdo hraje hry, m\u016f\u017ee vyhr\u00e1t \u00fa\u017easnou hlavn\u00ed cenu ve v\u00fd\u0161i 2 milion\u016f eur. Je snadn\u00e9 pochopit, pro\u010d je Gold Keno tak popul\u00e1rn\u00ed: ka\u017ed\u00e9 losov\u00e1n\u00ed v\u00e1m d\u00e1v\u00e1 re\u00e1lnou \u0161anci vyhr\u00e1t spoustu pen\u011bz, kter\u00e9 [&hellip;]<\/p>\n","protected":false},"author":8,"featured_media":0,"parent":84379,"menu_order":42,"comment_status":"closed","ping_status":"closed","template":"","meta":{"_et_pb_use_builder":"","_et_pb_old_content":"","_et_gb_content_width":"","exclude_from_search":false,"footnotes":""},"class_list":["post-102315","page","type-page","status-publish","hentry"],"yoast_head":"<!-- This site is optimized with the Yoast SEO plugin v23.8 - https:\/\/yoast.com\/wordpress\/plugins\/seo\/ -->\n<title>\u0160ance na v\u00fdhru v Keno | Na\u0161e hry Keno maj\u00ed skv\u011bl\u00e9 \u0161ance a ceny<\/title>\n<meta name=\"description\" content=\"Kdy\u017e hrajete Keno online, pod\u00edvejte se na \u0161ance her, kter\u00e9 najdete. Na\u0161e Gold Keno m\u00e1 nejvy\u0161\u0161\u00ed v\u00fdplatu 2 miliony eur v kombinaci s nejlep\u0161\u00edmi \u0161ancemi, kter\u00e9 online najdete.\" \/>\n<meta name=\"robots\" content=\"index, follow, max-snippet:-1, max-image-preview:large, max-video-preview:-1\" \/>\n<link rel=\"canonical\" href=\"https:\/\/redfoxlotto.com\/cs\/keno\/sance-na-vyhru-v-keno\/\" \/>\n<meta property=\"og:locale\" content=\"cs_CZ\" \/>\n<meta property=\"og:type\" content=\"article\" \/>\n<meta property=\"og:title\" content=\"\u0160ance na v\u00fdhru v Keno | Na\u0161e hry Keno maj\u00ed skv\u011bl\u00e9 \u0161ance a ceny\" \/>\n<meta property=\"og:description\" content=\"Kdy\u017e hrajete Keno online, pod\u00edvejte se na \u0161ance her, kter\u00e9 najdete. Na\u0161e Gold Keno m\u00e1 nejvy\u0161\u0161\u00ed v\u00fdplatu 2 miliony eur v kombinaci s nejlep\u0161\u00edmi \u0161ancemi, kter\u00e9 online najdete.\" \/>\n<meta property=\"og:url\" content=\"https:\/\/redfoxlotto.com\/cs\/keno\/sance-na-vyhru-v-keno\/\" \/>\n<meta property=\"og:site_name\" content=\"Get Tickets for the World\u2019s largest jackpots\" \/>\n<meta property=\"article:modified_time\" content=\"2026-01-12T09:51:54+00:00\" \/>\n<meta property=\"og:image\" content=\"https:\/\/redfoxlotto.com\/wp-content\/uploads\/2025\/09\/gold-keno-win-2-300x300.jpg\" \/>\n<meta name=\"twitter:card\" content=\"summary_large_image\" \/>\n<meta name=\"twitter:label1\" content=\"Odhadovan\u00e1 doba \u010dten\u00ed\" \/>\n\t<meta name=\"twitter:data1\" content=\"4 minuty\" \/>\n<script type=\"application\/ld+json\" class=\"yoast-schema-graph\">{\"@context\":\"https:\/\/schema.org\",\"@graph\":[{\"@type\":\"WebPage\",\"@id\":\"https:\/\/redfoxlotto.com\/cs\/keno\/sance-na-vyhru-v-keno\/\",\"url\":\"https:\/\/redfoxlotto.com\/cs\/keno\/sance-na-vyhru-v-keno\/\",\"name\":\"\u0160ance na v\u00fdhru v Keno | Na\u0161e hry Keno maj\u00ed skv\u011bl\u00e9 \u0161ance a ceny\",\"isPartOf\":{\"@id\":\"https:\/\/redfoxlotto.com\/cs\/#website\"},\"primaryImageOfPage\":{\"@id\":\"https:\/\/redfoxlotto.com\/cs\/keno\/sance-na-vyhru-v-keno\/#primaryimage\"},\"image\":{\"@id\":\"https:\/\/redfoxlotto.com\/cs\/keno\/sance-na-vyhru-v-keno\/#primaryimage\"},\"thumbnailUrl\":\"https:\/\/redfoxlotto.com\/wp-content\/uploads\/2025\/09\/gold-keno-win-2-300x300.jpg\",\"datePublished\":\"2025-02-12T11:20:21+00:00\",\"dateModified\":\"2026-01-12T09:51:54+00:00\",\"description\":\"Kdy\u017e hrajete Keno online, pod\u00edvejte se na \u0161ance her, kter\u00e9 najdete. Na\u0161e Gold Keno m\u00e1 nejvy\u0161\u0161\u00ed v\u00fdplatu 2 miliony eur v kombinaci s nejlep\u0161\u00edmi \u0161ancemi, kter\u00e9 online najdete.\",\"breadcrumb\":{\"@id\":\"https:\/\/redfoxlotto.com\/cs\/keno\/sance-na-vyhru-v-keno\/#breadcrumb\"},\"inLanguage\":\"cs\",\"potentialAction\":[{\"@type\":\"ReadAction\",\"target\":[\"https:\/\/redfoxlotto.com\/cs\/keno\/sance-na-vyhru-v-keno\/\"]}]},{\"@type\":\"ImageObject\",\"inLanguage\":\"cs\",\"@id\":\"https:\/\/redfoxlotto.com\/cs\/keno\/sance-na-vyhru-v-keno\/#primaryimage\",\"url\":\"https:\/\/redfoxlotto.com\/wp-content\/uploads\/2025\/09\/gold-keno-win-2-300x300.jpg\",\"contentUrl\":\"https:\/\/redfoxlotto.com\/wp-content\/uploads\/2025\/09\/gold-keno-win-2-300x300.jpg\"},{\"@type\":\"BreadcrumbList\",\"@id\":\"https:\/\/redfoxlotto.com\/cs\/keno\/sance-na-vyhru-v-keno\/#breadcrumb\",\"itemListElement\":[{\"@type\":\"ListItem\",\"position\":1,\"name\":\"Home\",\"item\":\"https:\/\/redfoxlotto.com\/cs\/\"},{\"@type\":\"ListItem\",\"position\":2,\"name\":\"Keno\",\"item\":\"https:\/\/redfoxlotto.com\/cs\/keno\/\"},{\"@type\":\"ListItem\",\"position\":3,\"name\":\"V\u00fdhern\u00ed \u010d\u00edsla Gold Keno\"}]},{\"@type\":\"WebSite\",\"@id\":\"https:\/\/redfoxlotto.com\/cs\/#website\",\"url\":\"https:\/\/redfoxlotto.com\/cs\/\",\"name\":\"Get Tickets for the World\u2019s largest jackpots\",\"description\":\"Participate in worldwide lottery jackpots from any country\",\"publisher\":{\"@id\":\"https:\/\/redfoxlotto.com\/cs\/#organization\"},\"potentialAction\":[{\"@type\":\"SearchAction\",\"target\":{\"@type\":\"EntryPoint\",\"urlTemplate\":\"https:\/\/redfoxlotto.com\/cs\/?s={search_term_string}\"},\"query-input\":{\"@type\":\"PropertyValueSpecification\",\"valueRequired\":true,\"valueName\":\"search_term_string\"}}],\"inLanguage\":\"cs\"},{\"@type\":\"Organization\",\"@id\":\"https:\/\/redfoxlotto.com\/cs\/#organization\",\"name\":\"Get Tickets for the World\u2019s largest jackpots\",\"url\":\"https:\/\/redfoxlotto.com\/cs\/\",\"logo\":{\"@type\":\"ImageObject\",\"inLanguage\":\"cs\",\"@id\":\"https:\/\/redfoxlotto.com\/cs\/#\/schema\/logo\/image\/\",\"url\":\"https:\/\/redfoxlotto.com\/wp-content\/uploads\/2023\/04\/logo.png\",\"contentUrl\":\"https:\/\/redfoxlotto.com\/wp-content\/uploads\/2023\/04\/logo.png\",\"width\":269,\"height\":53,\"caption\":\"Get Tickets for the World\u2019s largest jackpots\"},\"image\":{\"@id\":\"https:\/\/redfoxlotto.com\/cs\/#\/schema\/logo\/image\/\"}}]}<\/script>\n<!-- \/ Yoast SEO plugin. -->","yoast_head_json":{"title":"\u0160ance na v\u00fdhru v Keno | Na\u0161e hry Keno maj\u00ed skv\u011bl\u00e9 \u0161ance a ceny","description":"Kdy\u017e hrajete Keno online, pod\u00edvejte se na \u0161ance her, kter\u00e9 najdete. Na\u0161e Gold Keno m\u00e1 nejvy\u0161\u0161\u00ed v\u00fdplatu 2 miliony eur v kombinaci s nejlep\u0161\u00edmi \u0161ancemi, kter\u00e9 online najdete.","robots":{"index":"index","follow":"follow","max-snippet":"max-snippet:-1","max-image-preview":"max-image-preview:large","max-video-preview":"max-video-preview:-1"},"canonical":"https:\/\/redfoxlotto.com\/cs\/keno\/sance-na-vyhru-v-keno\/","og_locale":"cs_CZ","og_type":"article","og_title":"\u0160ance na v\u00fdhru v Keno | Na\u0161e hry Keno maj\u00ed skv\u011bl\u00e9 \u0161ance a ceny","og_description":"Kdy\u017e hrajete Keno online, pod\u00edvejte se na \u0161ance her, kter\u00e9 najdete. Na\u0161e Gold Keno m\u00e1 nejvy\u0161\u0161\u00ed v\u00fdplatu 2 miliony eur v kombinaci s nejlep\u0161\u00edmi \u0161ancemi, kter\u00e9 online najdete.","og_url":"https:\/\/redfoxlotto.com\/cs\/keno\/sance-na-vyhru-v-keno\/","og_site_name":"Get Tickets for the World\u2019s largest jackpots","article_modified_time":"2026-01-12T09:51:54+00:00","og_image":[{"url":"https:\/\/redfoxlotto.com\/wp-content\/uploads\/2025\/09\/gold-keno-win-2-300x300.jpg"}],"twitter_card":"summary_large_image","twitter_misc":{"Odhadovan\u00e1 doba \u010dten\u00ed":"4 minuty"},"schema":{"@context":"https:\/\/schema.org","@graph":[{"@type":"WebPage","@id":"https:\/\/redfoxlotto.com\/cs\/keno\/sance-na-vyhru-v-keno\/","url":"https:\/\/redfoxlotto.com\/cs\/keno\/sance-na-vyhru-v-keno\/","name":"\u0160ance na v\u00fdhru v Keno | Na\u0161e hry Keno maj\u00ed skv\u011bl\u00e9 \u0161ance a ceny","isPartOf":{"@id":"https:\/\/redfoxlotto.com\/cs\/#website"},"primaryImageOfPage":{"@id":"https:\/\/redfoxlotto.com\/cs\/keno\/sance-na-vyhru-v-keno\/#primaryimage"},"image":{"@id":"https:\/\/redfoxlotto.com\/cs\/keno\/sance-na-vyhru-v-keno\/#primaryimage"},"thumbnailUrl":"https:\/\/redfoxlotto.com\/wp-content\/uploads\/2025\/09\/gold-keno-win-2-300x300.jpg","datePublished":"2025-02-12T11:20:21+00:00","dateModified":"2026-01-12T09:51:54+00:00","description":"Kdy\u017e hrajete Keno online, pod\u00edvejte se na \u0161ance her, kter\u00e9 najdete. Na\u0161e Gold Keno m\u00e1 nejvy\u0161\u0161\u00ed v\u00fdplatu 2 miliony eur v kombinaci s nejlep\u0161\u00edmi \u0161ancemi, kter\u00e9 online najdete.","breadcrumb":{"@id":"https:\/\/redfoxlotto.com\/cs\/keno\/sance-na-vyhru-v-keno\/#breadcrumb"},"inLanguage":"cs","potentialAction":[{"@type":"ReadAction","target":["https:\/\/redfoxlotto.com\/cs\/keno\/sance-na-vyhru-v-keno\/"]}]},{"@type":"ImageObject","inLanguage":"cs","@id":"https:\/\/redfoxlotto.com\/cs\/keno\/sance-na-vyhru-v-keno\/#primaryimage","url":"https:\/\/redfoxlotto.com\/wp-content\/uploads\/2025\/09\/gold-keno-win-2-300x300.jpg","contentUrl":"https:\/\/redfoxlotto.com\/wp-content\/uploads\/2025\/09\/gold-keno-win-2-300x300.jpg"},{"@type":"BreadcrumbList","@id":"https:\/\/redfoxlotto.com\/cs\/keno\/sance-na-vyhru-v-keno\/#breadcrumb","itemListElement":[{"@type":"ListItem","position":1,"name":"Home","item":"https:\/\/redfoxlotto.com\/cs\/"},{"@type":"ListItem","position":2,"name":"Keno","item":"https:\/\/redfoxlotto.com\/cs\/keno\/"},{"@type":"ListItem","position":3,"name":"V\u00fdhern\u00ed \u010d\u00edsla Gold Keno"}]},{"@type":"WebSite","@id":"https:\/\/redfoxlotto.com\/cs\/#website","url":"https:\/\/redfoxlotto.com\/cs\/","name":"Get Tickets for the World\u2019s largest jackpots","description":"Participate in worldwide lottery jackpots from any country","publisher":{"@id":"https:\/\/redfoxlotto.com\/cs\/#organization"},"potentialAction":[{"@type":"SearchAction","target":{"@type":"EntryPoint","urlTemplate":"https:\/\/redfoxlotto.com\/cs\/?s={search_term_string}"},"query-input":{"@type":"PropertyValueSpecification","valueRequired":true,"valueName":"search_term_string"}}],"inLanguage":"cs"},{"@type":"Organization","@id":"https:\/\/redfoxlotto.com\/cs\/#organization","name":"Get Tickets for the World\u2019s largest jackpots","url":"https:\/\/redfoxlotto.com\/cs\/","logo":{"@type":"ImageObject","inLanguage":"cs","@id":"https:\/\/redfoxlotto.com\/cs\/#\/schema\/logo\/image\/","url":"https:\/\/redfoxlotto.com\/wp-content\/uploads\/2023\/04\/logo.png","contentUrl":"https:\/\/redfoxlotto.com\/wp-content\/uploads\/2023\/04\/logo.png","width":269,"height":53,"caption":"Get Tickets for the World\u2019s largest jackpots"},"image":{"@id":"https:\/\/redfoxlotto.com\/cs\/#\/schema\/logo\/image\/"}}]}},"_links":{"self":[{"href":"https:\/\/redfoxlotto.com\/cs\/wp-json\/wp\/v2\/pages\/102315","targetHints":{"allow":["GET"]}}],"collection":[{"href":"https:\/\/redfoxlotto.com\/cs\/wp-json\/wp\/v2\/pages"}],"about":[{"href":"https:\/\/redfoxlotto.com\/cs\/wp-json\/wp\/v2\/types\/page"}],"author":[{"embeddable":true,"href":"https:\/\/redfoxlotto.com\/cs\/wp-json\/wp\/v2\/users\/8"}],"replies":[{"embeddable":true,"href":"https:\/\/redfoxlotto.com\/cs\/wp-json\/wp\/v2\/comments?post=102315"}],"version-history":[{"count":0,"href":"https:\/\/redfoxlotto.com\/cs\/wp-json\/wp\/v2\/pages\/102315\/revisions"}],"up":[{"embeddable":true,"href":"https:\/\/redfoxlotto.com\/cs\/wp-json\/wp\/v2\/pages\/84379"}],"wp:attachment":[{"href":"https:\/\/redfoxlotto.com\/cs\/wp-json\/wp\/v2\/media?parent=102315"}],"curies":[{"name":"wp","href":"https:\/\/api.w.org\/{rel}","templated":true}]}}