{"id":102024,"date":"2025-05-22T08:53:38","date_gmt":"2025-05-22T08:53:38","guid":{"rendered":"https:\/\/redfoxlotto.com\/?page_id=102024"},"modified":"2026-01-09T11:18:24","modified_gmt":"2026-01-09T11:18:24","slug":"vyherni-cisla-platinum-keno","status":"publish","type":"page","link":"https:\/\/redfoxlotto.com\/cs\/keno\/vyherni-cisla-platinum-keno\/","title":{"rendered":"V\u00fdhern\u00ed \u010d\u00edsla Platinum Keno"},"content":{"rendered":"<h2>Jak se vyb\u00edraj\u00ed kurzy a kde naj\u00edt v\u00fdsledky v Platinum Keno<\/h2>\n<p><img loading=\"lazy\" decoding=\"async\" class=\"size-medium wp-image-83635 alignright\" src=\"https:\/\/redfoxlotto.com\/wp-content\/uploads\/2025\/03\/keno_card-300x300.jpg\" alt=\"platnum keno\" width=\"300\" height=\"300\" srcset=\"https:\/\/redfoxlotto.com\/wp-content\/uploads\/2025\/03\/keno_card-300x300.jpg 300w, https:\/\/redfoxlotto.com\/wp-content\/uploads\/2025\/03\/keno_card-150x150.jpg 150w, https:\/\/redfoxlotto.com\/wp-content\/uploads\/2025\/03\/keno_card-100x100.jpg 100w, https:\/\/redfoxlotto.com\/wp-content\/uploads\/2025\/03\/keno_card.jpg 307w\" sizes=\"auto, (max-width: 300px) 100vw, 300px\" \/><br \/>\nPlatinum Keno se brzy stane jednou z nejpopul\u00e1rn\u011bj\u0161\u00edch loterijn\u00edch her. D\u00edky rychl\u00fdm losov\u00e1n\u00edm, jasn\u00fdm pravidl\u016fm a snadn\u00e9mu hran\u00ed online si hr\u00e1\u010di brzy budou moci u\u017e\u00edt ve\u0161kerou z\u00e1bavu tradi\u010dn\u00edho Keno z pohodl\u00ed sv\u00fdch obrazovek. Zat\u00edm nejsou k dispozici \u017e\u00e1dn\u00e9 \u017eiv\u00e9 v\u00fdsledky, ale zde je v\u0161e, co pot\u0159ebujete v\u011bd\u011bt o tom, jak se \u010d\u00edsla vyb\u00edraj\u00ed, kde je najdete a jak zjistit, zda jste vyhr\u00e1li, kdy\u017e hra za\u010dne.<\/p>\n<h2>Kroky pou\u017e\u00edvan\u00e9 k v\u00fdb\u011bru \u010d\u00edsel Platinum Keno<\/h2>\n<p>Platinum Keno je zalo\u017eeno na my\u0161lence, \u017ee v\u0161e by m\u011blo b\u00fdt spravedliv\u00e9. \u010c\u00edsla vyb\u00edr\u00e1 ov\u011b\u0159en\u00fd gener\u00e1tor n\u00e1hodn\u00fdch \u010d\u00edsel (RNG). To m\u00e1 zajistit, aby ka\u017ed\u00e9 losov\u00e1n\u00ed bylo zcela n\u00e1hodn\u00e9. RNG zaji\u0161\u0165uje, \u017ee ka\u017ed\u00e9 \u010d\u00edslo v sad\u011b m\u00e1 stejnou \u0161anci na v\u00fdb\u011br, stejn\u011b jako kdy\u017e losujete o\u010d\u00edslovan\u00e9 m\u00ed\u010dky ze stroje.<\/p>\n<ul>\n<li>Hr\u00e1\u010di vyb\u00edraj\u00ed ze sady \u010d\u00edsel od 1 do 80.<\/li>\n<li>Velikost losov\u00e1n\u00ed: V ka\u017ed\u00e9m kole je n\u00e1hodn\u011b vybr\u00e1no 20 \u010d\u00edsel.<\/li>\n<li>Rovn\u00e9 \u0161ance: Neexistuje \u017e\u00e1dn\u00e9 obl\u00edben\u00e9 \u010d\u00edslo, v\u0161e z\u00e1le\u017e\u00ed na \u0161t\u011bst\u00ed.<\/li>\n<li>D\u00edky t\u00e9to metod\u011b je ka\u017ed\u00e9 losov\u00e1n\u00ed transparentn\u00ed, lze jej zkontrolovat a je zalo\u017eeno na d\u016fv\u011b\u0159e.<\/li>\n<li>Jak hr\u00e1t hru.<\/li>\n<\/ul>\n<p>Platinum Keno je ur\u010deno jak pro pravideln\u00e9 hr\u00e1\u010de, tak pro lidi, kte\u0159\u00ed cht\u011bj\u00ed vyhr\u00e1t velk\u00e9 jackpoty. Vyberte \u010d\u00edsla z poolu 80 \u010d\u00edsel, z nich\u017e 20 je vybr\u00e1no n\u00e1hodn\u011b. Takto se hraje. Chcete, aby se co nejv\u00edce va\u0161ich tip\u016f shodovalo.<\/p>\n<h2>V\u00fdb\u011br \u010d\u00edsel.<\/h2>\n<p>Vyberete si po\u010det \u201epol\u00ed\u010dek\u201c (\u010d\u00edsel), kter\u00e1 chcete hr\u00e1t. R\u016fzn\u00ed lid\u00e9 si vyb\u00edraj\u00ed r\u016fzn\u00fd po\u010det karet. Po\u010det pol\u00ed\u010dek, kter\u00e9 si vyberete, p\u0159\u00edmo ovlivn\u00ed va\u0161e \u0161ance a \u010d\u00e1stku, kterou m\u016f\u017eete vyhr\u00e1t.<\/p>\n<h2>V\u00fdb\u011br faktoru.<\/h2>\n<p>Platinum Keno m\u00e1 multiplik\u00e1tor, kter\u00fd m\u011bn\u00ed v\u00fdhry. V tomto p\u0159\u00edpad\u011b, pokud je nejvy\u0161\u0161\u00ed multiplik\u00e1tor 5, pak hran\u00ed s multiplik\u00e1torem 1x v\u00e1m d\u00e1 20 % z odm\u011bny 5x. Pokud je nejvy\u0161\u0161\u00ed \u010d\u00edslo 10, pak l\u00edstek 1x vyplat\u00ed 10 % z v\u00fdplaty 10x. V\u011bt\u0161\u00ed multiplik\u00e1tor zvy\u0161uje jak cenu va\u0161eho l\u00edstku, tak \u0161anci na v\u00fdhru.<\/p>\n<h2>Pou\u017eit\u00ed seznamu v\u00fdplat<\/h2>\n<p>\u0158ekne v\u00e1m p\u0159esn\u011b, kolik m\u016f\u017eete vyhr\u00e1t na z\u00e1klad\u011b \u010d\u00edsel, kter\u00e1 vyberete, a bonusu. Berte to jako mapu v\u00fdher; \u0159ekne v\u00e1m, o co se hraje, je\u0161t\u011b p\u0159edt\u00edm, ne\u017e se losov\u00e1n\u00ed uskute\u010dn\u00ed.<\/p>\n<h2>Jak volby ovliv\u0148uj\u00ed v\u00fdsledek<\/h2>\n<p>Pokud vyberete v\u00edce \u010d\u00edsel, nejvy\u0161\u0161\u00ed v\u00fdhra, kterou m\u016f\u017eete vyhr\u00e1t, se zv\u00fd\u0161\u00ed, ale va\u0161e \u0161ance na v\u00fdhru se sn\u00ed\u017e\u00ed. Naopak, vy\u0161\u0161\u00ed multiplik\u00e1tor zvy\u0161uje v\u00fdplatu, pokud vyhrajete, ale na za\u010d\u00e1tku mus\u00edte vsadit v\u00edce pen\u011bz. Platinum Keno je vzru\u0161uj\u00edc\u00ed i riskantn\u00ed, proto\u017ee mus\u00edte vybalancovat riziko a zisk.<\/p>\n<h2>Nejlep\u0161\u00ed m\u00edsta, kde naj\u00edt v\u00fdsledky Platinum Keno<\/h2>\n<p>Jakmile Platinum Keno za\u010dne, nejaktu\u00e1ln\u011bj\u0161\u00ed v\u00fdsledky budou k dispozici na str\u00e1nce v\u00fdsledk\u016f RedFoxLotto. T\u00edmto zp\u016fsobem nemus\u00edte opou\u0161t\u011bt aplikaci, abyste mohli sledovat minul\u00e1 a sou\u010dasn\u00e1 losov\u00e1n\u00ed.<\/p>\n<p>M\u016f\u017eete prov\u00e9st n\u00e1sleduj\u00edc\u00ed:<\/p>\n<ul>\n<li>Pod\u00edvejte se na \u00fapln\u00fd seznam \u010d\u00edsel vybran\u00fdch pro ka\u017edou hru.<\/li>\n<li>Pod\u00edvejte se na minul\u00e1 losov\u00e1n\u00ed, abyste zjistili t\u00e9mata a trendy.<\/li>\n<li>Sledujte novinky, ani\u017e byste museli hledat jinde.<\/li>\n<li>Jak zjistit, zda jste vyhr\u00e1li<\/li>\n<\/ul>\n<p>U\u017e \u017e\u00e1dn\u00e9 pap\u00edrov\u00e9 tikety \u2013 Platinum Keno je pouze po\u010d\u00edta\u010dov\u00e1 hra. Va\u0161e \u010d\u00edsla se ukl\u00e1daj\u00ed do va\u0161eho \u00fa\u010dtu RedFoxLotto ihned po ka\u017ed\u00e9 h\u0159e. V\u00fdsledky m\u016f\u017eete zkontrolovat ihned po ka\u017ed\u00e9m losov\u00e1n\u00ed:<\/p>\n<ul>\n<li>Klikn\u011bte na \u201eMoje tikety\u201c \u2013 v t\u00e9to \u010d\u00e1sti jsou uvedeny v\u0161echny tikety, kter\u00e9 jste zakoupili.<\/li>\n<li>Porovnejte sv\u00e1 \u010d\u00edsla s v\u00fdsledky: Pokud se va\u0161e \u010d\u00edsla shoduj\u00ed s \u010d\u00edsly vylosovan\u00fdmi ve v\u00fdhern\u00edm losov\u00e1n\u00ed, syst\u00e9m v\u00e1m tyto shody okam\u017eit\u011b zobraz\u00ed.<\/li>\n<li>Jakmile vyhrajete, zobraz\u00ed se v\u00e1m \u010d\u00e1stka v\u00fdhry, kterou obdr\u017e\u00edte. V\u00fdhry ni\u017e\u0161\u00ed hodnoty jsou p\u0159evedeny p\u0159\u00edmo na v\u00e1\u0161 \u00fa\u010det, zat\u00edmco v\u00fdhry vy\u0161\u0161\u00ed hodnoty mohou b\u00fdt p\u0159ed p\u0159evodem podrobeny ov\u011b\u0159en\u00ed.<\/li>\n<\/ul>\n<h2>Vklady a hran\u00ed<\/h2>\n<p>Abyste mohli hr\u00e1t Platinum Keno, mus\u00edte m\u00edt na sv\u00e9m \u00fa\u010dtu RedFoxLotto pen\u00edze. Vklad je snadn\u00fd a bezpe\u010dn\u00fd a jakmile je \u010d\u00e1stka p\u0159ips\u00e1na, m\u016f\u017eete ji okam\u017eit\u011b pou\u017e\u00edt k n\u00e1kupu tiket\u016f.<\/p>\n<h2>Pro\u010d m\u016f\u017eete v\u00fdsledk\u016fm d\u016fv\u011b\u0159ovat<\/h2>\n<p>Ka\u017ed\u00e1 v\u00fdhra v Platinum Keno je kryta poji\u0161t\u011bn\u00edm, tak\u017ee dostanete sv\u00e9 pen\u00edze zp\u011bt, a\u0165 u\u017e vyhrajete 5 \u20ac nebo 500 000 \u20ac. RedFoxLotto zaji\u0161\u0165uje, \u017ee dostanete vyplacenou v\u00fdhru, a RNG zaji\u0161\u0165uje, \u017ee v\u0161e je spravedliv\u00e9.<\/p>\n<h2>Z\u00e1v\u011br<\/h2>\n<p>Je to jako kombinace starom\u00f3dn\u00edho zp\u016fsobu losov\u00e1n\u00ed \u010d\u00edsel a snadnosti hran\u00ed po\u010d\u00edta\u010dov\u00fdch her. I kdy\u017e kone\u010dn\u00e9 v\u00fdsledky je\u0161t\u011b nejsou zn\u00e1my, hr\u00e1\u010di se mohou t\u011b\u0161it na:<\/p>\n<ul>\n<li>F\u00e9rov\u00e9 losov\u00e1n\u00ed ov\u011b\u0159en\u00e9 RNG.<\/li>\n<li>Hra prob\u00edh\u00e1 rychle a v\u00fdsledky se zobrazuj\u00ed ka\u017ed\u00fdch p\u00e1r minut.<\/li>\n<li>RedFoxLotto usnad\u0148uje p\u0159\u00edm\u00fd p\u0159\u00edstup k v\u00fdsledk\u016fm.<\/li>\n<li>V\u00e1\u0161 \u00fa\u010det automaticky sleduje v\u00fdhry.<\/li>\n<li>Jakmile hra za\u010dne, sta\u010d\u00ed se po losov\u00e1n\u00ed vr\u00e1tit a pod\u00edvat se, zda jste vyhr\u00e1li.<\/li>\n<\/ul>\n","protected":false},"excerpt":{"rendered":"<p>Jak se vyb\u00edraj\u00ed kurzy a kde naj\u00edt v\u00fdsledky v Platinum Keno Platinum Keno se brzy stane jednou z nejpopul\u00e1rn\u011bj\u0161\u00edch loterijn\u00edch her. D\u00edky rychl\u00fdm losov\u00e1n\u00edm, jasn\u00fdm pravidl\u016fm a snadn\u00e9mu hran\u00ed online si hr\u00e1\u010di brzy budou moci u\u017e\u00edt ve\u0161kerou z\u00e1bavu tradi\u010dn\u00edho Keno z pohodl\u00ed sv\u00fdch obrazovek. Zat\u00edm nejsou k dispozici \u017e\u00e1dn\u00e9 \u017eiv\u00e9 v\u00fdsledky, ale zde je v\u0161e, [&hellip;]<\/p>\n","protected":false},"author":8,"featured_media":0,"parent":84379,"menu_order":41,"comment_status":"closed","ping_status":"closed","template":"","meta":{"_et_pb_use_builder":"","_et_pb_old_content":"","_et_gb_content_width":"","exclude_from_search":false,"footnotes":""},"class_list":["post-102024","page","type-page","status-publish","hentry"],"yoast_head":"<!-- This site is optimized with the Yoast SEO plugin v23.8 - https:\/\/yoast.com\/wordpress\/plugins\/seo\/ -->\n<title>V\u00fdsledky loterie Keno pro toto denn\u00ed online losov\u00e1n\u00ed Keno o 5 milion\u016f eur<\/title>\n<meta name=\"description\" content=\"Tato loterie Keno losuje denn\u011b o hlavn\u00ed v\u00fdhru 5 milion\u016f eur \u2013 v\u00fdsledky na\u0161ich losov\u00e1n\u00ed Keno najdete zde. M\u00e1me hru Keno o 5 milion\u016f eur a 10 milion\u016f eur.\" \/>\n<meta name=\"robots\" content=\"index, follow, max-snippet:-1, max-image-preview:large, max-video-preview:-1\" \/>\n<link rel=\"canonical\" href=\"https:\/\/redfoxlotto.com\/cs\/keno\/vyherni-cisla-platinum-keno\/\" \/>\n<meta property=\"og:locale\" content=\"cs_CZ\" \/>\n<meta property=\"og:type\" content=\"article\" \/>\n<meta property=\"og:title\" content=\"V\u00fdsledky loterie Keno pro toto denn\u00ed online losov\u00e1n\u00ed Keno o 5 milion\u016f eur\" \/>\n<meta property=\"og:description\" content=\"Tato loterie Keno losuje denn\u011b o hlavn\u00ed v\u00fdhru 5 milion\u016f eur \u2013 v\u00fdsledky na\u0161ich losov\u00e1n\u00ed Keno najdete zde. M\u00e1me hru Keno o 5 milion\u016f eur a 10 milion\u016f eur.\" \/>\n<meta property=\"og:url\" content=\"https:\/\/redfoxlotto.com\/cs\/keno\/vyherni-cisla-platinum-keno\/\" \/>\n<meta property=\"og:site_name\" content=\"Get Tickets for the World\u2019s largest jackpots\" \/>\n<meta property=\"article:modified_time\" content=\"2026-01-09T11:18:24+00:00\" \/>\n<meta property=\"og:image\" content=\"https:\/\/redfoxlotto.com\/wp-content\/uploads\/2025\/03\/keno_card-300x300.jpg\" \/>\n<meta name=\"twitter:card\" content=\"summary_large_image\" \/>\n<meta name=\"twitter:label1\" content=\"Odhadovan\u00e1 doba \u010dten\u00ed\" \/>\n\t<meta name=\"twitter:data1\" content=\"4 minuty\" \/>\n<script type=\"application\/ld+json\" class=\"yoast-schema-graph\">{\"@context\":\"https:\/\/schema.org\",\"@graph\":[{\"@type\":\"WebPage\",\"@id\":\"https:\/\/redfoxlotto.com\/cs\/keno\/vyherni-cisla-platinum-keno\/\",\"url\":\"https:\/\/redfoxlotto.com\/cs\/keno\/vyherni-cisla-platinum-keno\/\",\"name\":\"V\u00fdsledky loterie Keno pro toto denn\u00ed online losov\u00e1n\u00ed Keno o 5 milion\u016f eur\",\"isPartOf\":{\"@id\":\"https:\/\/redfoxlotto.com\/cs\/#website\"},\"primaryImageOfPage\":{\"@id\":\"https:\/\/redfoxlotto.com\/cs\/keno\/vyherni-cisla-platinum-keno\/#primaryimage\"},\"image\":{\"@id\":\"https:\/\/redfoxlotto.com\/cs\/keno\/vyherni-cisla-platinum-keno\/#primaryimage\"},\"thumbnailUrl\":\"https:\/\/redfoxlotto.com\/wp-content\/uploads\/2025\/03\/keno_card-300x300.jpg\",\"datePublished\":\"2025-05-22T08:53:38+00:00\",\"dateModified\":\"2026-01-09T11:18:24+00:00\",\"description\":\"Tato loterie Keno losuje denn\u011b o hlavn\u00ed v\u00fdhru 5 milion\u016f eur \u2013 v\u00fdsledky na\u0161ich losov\u00e1n\u00ed Keno najdete zde. M\u00e1me hru Keno o 5 milion\u016f eur a 10 milion\u016f eur.\",\"breadcrumb\":{\"@id\":\"https:\/\/redfoxlotto.com\/cs\/keno\/vyherni-cisla-platinum-keno\/#breadcrumb\"},\"inLanguage\":\"cs\",\"potentialAction\":[{\"@type\":\"ReadAction\",\"target\":[\"https:\/\/redfoxlotto.com\/cs\/keno\/vyherni-cisla-platinum-keno\/\"]}]},{\"@type\":\"ImageObject\",\"inLanguage\":\"cs\",\"@id\":\"https:\/\/redfoxlotto.com\/cs\/keno\/vyherni-cisla-platinum-keno\/#primaryimage\",\"url\":\"https:\/\/redfoxlotto.com\/wp-content\/uploads\/2025\/03\/keno_card-300x300.jpg\",\"contentUrl\":\"https:\/\/redfoxlotto.com\/wp-content\/uploads\/2025\/03\/keno_card-300x300.jpg\"},{\"@type\":\"BreadcrumbList\",\"@id\":\"https:\/\/redfoxlotto.com\/cs\/keno\/vyherni-cisla-platinum-keno\/#breadcrumb\",\"itemListElement\":[{\"@type\":\"ListItem\",\"position\":1,\"name\":\"Home\",\"item\":\"https:\/\/redfoxlotto.com\/cs\/\"},{\"@type\":\"ListItem\",\"position\":2,\"name\":\"Keno\",\"item\":\"https:\/\/redfoxlotto.com\/cs\/keno\/\"},{\"@type\":\"ListItem\",\"position\":3,\"name\":\"V\u00fdhern\u00ed \u010d\u00edsla Platinum Keno\"}]},{\"@type\":\"WebSite\",\"@id\":\"https:\/\/redfoxlotto.com\/cs\/#website\",\"url\":\"https:\/\/redfoxlotto.com\/cs\/\",\"name\":\"Get Tickets for the World\u2019s largest jackpots\",\"description\":\"Participate in worldwide lottery jackpots from any country\",\"publisher\":{\"@id\":\"https:\/\/redfoxlotto.com\/cs\/#organization\"},\"potentialAction\":[{\"@type\":\"SearchAction\",\"target\":{\"@type\":\"EntryPoint\",\"urlTemplate\":\"https:\/\/redfoxlotto.com\/cs\/?s={search_term_string}\"},\"query-input\":{\"@type\":\"PropertyValueSpecification\",\"valueRequired\":true,\"valueName\":\"search_term_string\"}}],\"inLanguage\":\"cs\"},{\"@type\":\"Organization\",\"@id\":\"https:\/\/redfoxlotto.com\/cs\/#organization\",\"name\":\"Get Tickets for the World\u2019s largest jackpots\",\"url\":\"https:\/\/redfoxlotto.com\/cs\/\",\"logo\":{\"@type\":\"ImageObject\",\"inLanguage\":\"cs\",\"@id\":\"https:\/\/redfoxlotto.com\/cs\/#\/schema\/logo\/image\/\",\"url\":\"https:\/\/redfoxlotto.com\/wp-content\/uploads\/2023\/04\/logo.png\",\"contentUrl\":\"https:\/\/redfoxlotto.com\/wp-content\/uploads\/2023\/04\/logo.png\",\"width\":269,\"height\":53,\"caption\":\"Get Tickets for the World\u2019s largest jackpots\"},\"image\":{\"@id\":\"https:\/\/redfoxlotto.com\/cs\/#\/schema\/logo\/image\/\"}}]}<\/script>\n<!-- \/ Yoast SEO plugin. -->","yoast_head_json":{"title":"V\u00fdsledky loterie Keno pro toto denn\u00ed online losov\u00e1n\u00ed Keno o 5 milion\u016f eur","description":"Tato loterie Keno losuje denn\u011b o hlavn\u00ed v\u00fdhru 5 milion\u016f eur \u2013 v\u00fdsledky na\u0161ich losov\u00e1n\u00ed Keno najdete zde. M\u00e1me hru Keno o 5 milion\u016f eur a 10 milion\u016f eur.","robots":{"index":"index","follow":"follow","max-snippet":"max-snippet:-1","max-image-preview":"max-image-preview:large","max-video-preview":"max-video-preview:-1"},"canonical":"https:\/\/redfoxlotto.com\/cs\/keno\/vyherni-cisla-platinum-keno\/","og_locale":"cs_CZ","og_type":"article","og_title":"V\u00fdsledky loterie Keno pro toto denn\u00ed online losov\u00e1n\u00ed Keno o 5 milion\u016f eur","og_description":"Tato loterie Keno losuje denn\u011b o hlavn\u00ed v\u00fdhru 5 milion\u016f eur \u2013 v\u00fdsledky na\u0161ich losov\u00e1n\u00ed Keno najdete zde. M\u00e1me hru Keno o 5 milion\u016f eur a 10 milion\u016f eur.","og_url":"https:\/\/redfoxlotto.com\/cs\/keno\/vyherni-cisla-platinum-keno\/","og_site_name":"Get Tickets for the World\u2019s largest jackpots","article_modified_time":"2026-01-09T11:18:24+00:00","og_image":[{"url":"https:\/\/redfoxlotto.com\/wp-content\/uploads\/2025\/03\/keno_card-300x300.jpg"}],"twitter_card":"summary_large_image","twitter_misc":{"Odhadovan\u00e1 doba \u010dten\u00ed":"4 minuty"},"schema":{"@context":"https:\/\/schema.org","@graph":[{"@type":"WebPage","@id":"https:\/\/redfoxlotto.com\/cs\/keno\/vyherni-cisla-platinum-keno\/","url":"https:\/\/redfoxlotto.com\/cs\/keno\/vyherni-cisla-platinum-keno\/","name":"V\u00fdsledky loterie Keno pro toto denn\u00ed online losov\u00e1n\u00ed Keno o 5 milion\u016f eur","isPartOf":{"@id":"https:\/\/redfoxlotto.com\/cs\/#website"},"primaryImageOfPage":{"@id":"https:\/\/redfoxlotto.com\/cs\/keno\/vyherni-cisla-platinum-keno\/#primaryimage"},"image":{"@id":"https:\/\/redfoxlotto.com\/cs\/keno\/vyherni-cisla-platinum-keno\/#primaryimage"},"thumbnailUrl":"https:\/\/redfoxlotto.com\/wp-content\/uploads\/2025\/03\/keno_card-300x300.jpg","datePublished":"2025-05-22T08:53:38+00:00","dateModified":"2026-01-09T11:18:24+00:00","description":"Tato loterie Keno losuje denn\u011b o hlavn\u00ed v\u00fdhru 5 milion\u016f eur \u2013 v\u00fdsledky na\u0161ich losov\u00e1n\u00ed Keno najdete zde. M\u00e1me hru Keno o 5 milion\u016f eur a 10 milion\u016f eur.","breadcrumb":{"@id":"https:\/\/redfoxlotto.com\/cs\/keno\/vyherni-cisla-platinum-keno\/#breadcrumb"},"inLanguage":"cs","potentialAction":[{"@type":"ReadAction","target":["https:\/\/redfoxlotto.com\/cs\/keno\/vyherni-cisla-platinum-keno\/"]}]},{"@type":"ImageObject","inLanguage":"cs","@id":"https:\/\/redfoxlotto.com\/cs\/keno\/vyherni-cisla-platinum-keno\/#primaryimage","url":"https:\/\/redfoxlotto.com\/wp-content\/uploads\/2025\/03\/keno_card-300x300.jpg","contentUrl":"https:\/\/redfoxlotto.com\/wp-content\/uploads\/2025\/03\/keno_card-300x300.jpg"},{"@type":"BreadcrumbList","@id":"https:\/\/redfoxlotto.com\/cs\/keno\/vyherni-cisla-platinum-keno\/#breadcrumb","itemListElement":[{"@type":"ListItem","position":1,"name":"Home","item":"https:\/\/redfoxlotto.com\/cs\/"},{"@type":"ListItem","position":2,"name":"Keno","item":"https:\/\/redfoxlotto.com\/cs\/keno\/"},{"@type":"ListItem","position":3,"name":"V\u00fdhern\u00ed \u010d\u00edsla Platinum Keno"}]},{"@type":"WebSite","@id":"https:\/\/redfoxlotto.com\/cs\/#website","url":"https:\/\/redfoxlotto.com\/cs\/","name":"Get Tickets for the World\u2019s largest jackpots","description":"Participate in worldwide lottery jackpots from any country","publisher":{"@id":"https:\/\/redfoxlotto.com\/cs\/#organization"},"potentialAction":[{"@type":"SearchAction","target":{"@type":"EntryPoint","urlTemplate":"https:\/\/redfoxlotto.com\/cs\/?s={search_term_string}"},"query-input":{"@type":"PropertyValueSpecification","valueRequired":true,"valueName":"search_term_string"}}],"inLanguage":"cs"},{"@type":"Organization","@id":"https:\/\/redfoxlotto.com\/cs\/#organization","name":"Get Tickets for the World\u2019s largest jackpots","url":"https:\/\/redfoxlotto.com\/cs\/","logo":{"@type":"ImageObject","inLanguage":"cs","@id":"https:\/\/redfoxlotto.com\/cs\/#\/schema\/logo\/image\/","url":"https:\/\/redfoxlotto.com\/wp-content\/uploads\/2023\/04\/logo.png","contentUrl":"https:\/\/redfoxlotto.com\/wp-content\/uploads\/2023\/04\/logo.png","width":269,"height":53,"caption":"Get Tickets for the World\u2019s largest jackpots"},"image":{"@id":"https:\/\/redfoxlotto.com\/cs\/#\/schema\/logo\/image\/"}}]}},"_links":{"self":[{"href":"https:\/\/redfoxlotto.com\/cs\/wp-json\/wp\/v2\/pages\/102024","targetHints":{"allow":["GET"]}}],"collection":[{"href":"https:\/\/redfoxlotto.com\/cs\/wp-json\/wp\/v2\/pages"}],"about":[{"href":"https:\/\/redfoxlotto.com\/cs\/wp-json\/wp\/v2\/types\/page"}],"author":[{"embeddable":true,"href":"https:\/\/redfoxlotto.com\/cs\/wp-json\/wp\/v2\/users\/8"}],"replies":[{"embeddable":true,"href":"https:\/\/redfoxlotto.com\/cs\/wp-json\/wp\/v2\/comments?post=102024"}],"version-history":[{"count":0,"href":"https:\/\/redfoxlotto.com\/cs\/wp-json\/wp\/v2\/pages\/102024\/revisions"}],"up":[{"embeddable":true,"href":"https:\/\/redfoxlotto.com\/cs\/wp-json\/wp\/v2\/pages\/84379"}],"wp:attachment":[{"href":"https:\/\/redfoxlotto.com\/cs\/wp-json\/wp\/v2\/media?parent=102024"}],"curies":[{"name":"wp","href":"https:\/\/api.w.org\/{rel}","templated":true}]}}